{"id":468,"date":"2020-01-30T16:45:55","date_gmt":"2020-01-30T16:45:55","guid":{"rendered":"https:\/\/website-new.qa.mpowerfinancing.com\/pt\/home-2\/"},"modified":"2026-04-02T08:44:28","modified_gmt":"2026-04-02T08:44:28","slug":"home-2","status":"publish","type":"page","link":"https:\/\/www.mpowerfinancing.com\/pt\/","title":{"rendered":"In\u00edcio"},"content":{"rendered":"","protected":false},"excerpt":{"rendered":"","protected":false},"author":2,"featured_media":10555,"parent":0,"menu_order":0,"comment_status":"closed","ping_status":"open","template":"","meta":{"_acf_changed":false,"footnotes":""},"class_list":["post-468","page","type-page","status-publish","has-post-thumbnail","hentry"],"acf":{"mp_canonical_tag":"","mp_hreflang_tags":"","noindex_page":false},"yoast_head":"\nMPOWER Financing | Empr\u00e9stimos para estudantes internacionais nos EUA e Canad\u00e1<\/title>\n<meta name=\"description\" content=\"Procurando por empr\u00e9stimos para estudantes internacionais? A MPOWER Financing oferece empr\u00e9stimos r\u00e1pidos, sem necessidade de garantia nem avalista, personalizados para estudantes globais nos EUA e Canad\u00e1.\" \/>\n<meta name=\"robots\" content=\"index, follow, max-snippet:-1, max-image-preview:large, max-video-preview:-1\" \/>\n<link rel=\"canonical\" href=\"https:\/\/www.mpowerfinancing.com\/pt\/\" \/>\n<meta property=\"og:locale\" content=\"pt_BR\" \/>\n<meta property=\"og:type\" content=\"article\" \/>\n<meta property=\"og:title\" content=\"MPOWER Financing | Empr\u00e9stimos para estudantes internacionais nos EUA e Canad\u00e1\" \/>\n<meta property=\"og:description\" content=\"Procurando por empr\u00e9stimos para estudantes internacionais? A MPOWER Financing oferece empr\u00e9stimos r\u00e1pidos, sem necessidade de garantia nem avalista, personalizados para estudantes globais nos EUA e Canad\u00e1.\" \/>\n<meta property=\"og:url\" content=\"https:\/\/www.mpowerfinancing.com\/pt\/\" \/>\n<meta property=\"og:site_name\" content=\"MPOWER Financing Portuguese\" \/>\n<meta property=\"article:modified_time\" content=\"2026-04-02T08:44:28+00:00\" \/>\n<meta name=\"twitter:card\" content=\"summary_large_image\" \/>\n<script type=\"application\/ld+json\" class=\"yoast-schema-graph\">{\"@context\":\"https:\/\/schema.org\",\"@graph\":[{\"@type\":\"WebPage\",\"@id\":\"https:\/\/www.mpowerfinancing.com\/pt\/\",\"url\":\"https:\/\/www.mpowerfinancing.com\/pt\/\",\"name\":\"MPOWER Financing | Empr\u00e9stimos para estudantes internacionais nos EUA e Canad\u00e1\",\"isPartOf\":{\"@id\":\"https:\/\/www.mpowerfinancing.com\/pt\/#website\"},\"primaryImageOfPage\":{\"@id\":\"https:\/\/www.mpowerfinancing.com\/pt\/#primaryimage\"},\"image\":{\"@id\":\"https:\/\/www.mpowerfinancing.com\/pt\/#primaryimage\"},\"thumbnailUrl\":\"\",\"datePublished\":\"2020-01-30T16:45:55+00:00\",\"dateModified\":\"2026-04-02T08:44:28+00:00\",\"description\":\"Procurando por empr\u00e9stimos para estudantes internacionais? A MPOWER Financing oferece empr\u00e9stimos r\u00e1pidos, sem necessidade de garantia nem avalista, personalizados para estudantes globais nos EUA e Canad\u00e1.\",\"inLanguage\":\"pt-BR\",\"potentialAction\":[{\"@type\":\"ReadAction\",\"target\":[\"https:\/\/www.mpowerfinancing.com\/pt\/\"]}]},{\"@type\":\"ImageObject\",\"inLanguage\":\"pt-BR\",\"@id\":\"https:\/\/www.mpowerfinancing.com\/pt\/#primaryimage\",\"url\":\"\",\"contentUrl\":\"\"},{\"@type\":\"WebSite\",\"@id\":\"https:\/\/www.mpowerfinancing.com\/pt\/#website\",\"url\":\"https:\/\/www.mpowerfinancing.com\/pt\/\",\"name\":\"MPOWER Financing Portuguese\",\"description\":\"\",\"potentialAction\":[{\"@type\":\"SearchAction\",\"target\":{\"@type\":\"EntryPoint\",\"urlTemplate\":\"https:\/\/www.mpowerfinancing.com\/pt\/?s={search_term_string}\"},\"query-input\":{\"@type\":\"PropertyValueSpecification\",\"valueRequired\":true,\"valueName\":\"search_term_string\"}}],\"inLanguage\":\"pt-BR\"}]}<\/script>\n<!-- \/ Yoast SEO Premium plugin. -->","yoast_head_json":{"title":"MPOWER Financing | Empr\u00e9stimos para estudantes internacionais nos EUA e Canad\u00e1","description":"Procurando por empr\u00e9stimos para estudantes internacionais? A MPOWER Financing oferece empr\u00e9stimos r\u00e1pidos, sem necessidade de garantia nem avalista, personalizados para estudantes globais nos EUA e Canad\u00e1.","robots":{"index":"index","follow":"follow","max-snippet":"max-snippet:-1","max-image-preview":"max-image-preview:large","max-video-preview":"max-video-preview:-1"},"canonical":"https:\/\/www.mpowerfinancing.com\/pt\/","og_locale":"pt_BR","og_type":"article","og_title":"MPOWER Financing | Empr\u00e9stimos para estudantes internacionais nos EUA e Canad\u00e1","og_description":"Procurando por empr\u00e9stimos para estudantes internacionais? A MPOWER Financing oferece empr\u00e9stimos r\u00e1pidos, sem necessidade de garantia nem avalista, personalizados para estudantes globais nos EUA e Canad\u00e1.","og_url":"https:\/\/www.mpowerfinancing.com\/pt\/","og_site_name":"MPOWER Financing Portuguese","article_modified_time":"2026-04-02T08:44:28+00:00","twitter_card":"summary_large_image","schema":{"@context":"https:\/\/schema.org","@graph":[{"@type":"WebPage","@id":"https:\/\/www.mpowerfinancing.com\/pt\/","url":"https:\/\/www.mpowerfinancing.com\/pt\/","name":"MPOWER Financing | Empr\u00e9stimos para estudantes internacionais nos EUA e Canad\u00e1","isPartOf":{"@id":"https:\/\/www.mpowerfinancing.com\/pt\/#website"},"primaryImageOfPage":{"@id":"https:\/\/www.mpowerfinancing.com\/pt\/#primaryimage"},"image":{"@id":"https:\/\/www.mpowerfinancing.com\/pt\/#primaryimage"},"thumbnailUrl":"","datePublished":"2020-01-30T16:45:55+00:00","dateModified":"2026-04-02T08:44:28+00:00","description":"Procurando por empr\u00e9stimos para estudantes internacionais? A MPOWER Financing oferece empr\u00e9stimos r\u00e1pidos, sem necessidade de garantia nem avalista, personalizados para estudantes globais nos EUA e Canad\u00e1.","inLanguage":"pt-BR","potentialAction":[{"@type":"ReadAction","target":["https:\/\/www.mpowerfinancing.com\/pt\/"]}]},{"@type":"ImageObject","inLanguage":"pt-BR","@id":"https:\/\/www.mpowerfinancing.com\/pt\/#primaryimage","url":"","contentUrl":""},{"@type":"WebSite","@id":"https:\/\/www.mpowerfinancing.com\/pt\/#website","url":"https:\/\/www.mpowerfinancing.com\/pt\/","name":"MPOWER Financing Portuguese","description":"","potentialAction":[{"@type":"SearchAction","target":{"@type":"EntryPoint","urlTemplate":"https:\/\/www.mpowerfinancing.com\/pt\/?s={search_term_string}"},"query-input":{"@type":"PropertyValueSpecification","valueRequired":true,"valueName":"search_term_string"}}],"inLanguage":"pt-BR"}]}},"_links":{"self":[{"href":"https:\/\/www.mpowerfinancing.com\/pt\/wp-json\/wp\/v2\/pages\/468","targetHints":{"allow":["GET"]}}],"collection":[{"href":"https:\/\/www.mpowerfinancing.com\/pt\/wp-json\/wp\/v2\/pages"}],"about":[{"href":"https:\/\/www.mpowerfinancing.com\/pt\/wp-json\/wp\/v2\/types\/page"}],"author":[{"embeddable":true,"href":"https:\/\/www.mpowerfinancing.com\/pt\/wp-json\/wp\/v2\/users\/2"}],"replies":[{"embeddable":true,"href":"https:\/\/www.mpowerfinancing.com\/pt\/wp-json\/wp\/v2\/comments?post=468"}],"version-history":[{"count":35,"href":"https:\/\/www.mpowerfinancing.com\/pt\/wp-json\/wp\/v2\/pages\/468\/revisions"}],"predecessor-version":[{"id":27480,"href":"https:\/\/www.mpowerfinancing.com\/pt\/wp-json\/wp\/v2\/pages\/468\/revisions\/27480"}],"wp:featuredmedia":[{"embeddable":true,"href":"https:\/\/www.mpowerfinancing.com\/pt\/wp-json\/"}],"wp:attachment":[{"href":"https:\/\/www.mpowerfinancing.com\/pt\/wp-json\/wp\/v2\/media?parent=468"}],"curies":[{"name":"wp","href":"https:\/\/api.w.org\/{rel}","templated":true}]}}