{"id":25796,"date":"2025-05-09T13:03:05","date_gmt":"2025-05-09T17:03:05","guid":{"rendered":"https:\/\/website-new.qa.mpowerfinancing.com\/pt\/financial-empowerment\/how-to-apply-for-scholarships-to-study-abroad"},"modified":"2025-12-28T03:54:02","modified_gmt":"2025-12-28T03:54:02","slug":"how-to-apply-for-scholarships-to-study-abroad","status":"publish","type":"page","link":"https:\/\/www.mpowerfinancing.com\/pt\/financial-empowerment\/how-to-apply-for-scholarships-to-study-abroad","title":{"rendered":"Como se candidatar a bolsas de estudo para estudar nos EUA ou Canad\u00e1"},"content":{"rendered":"","protected":false},"excerpt":{"rendered":"<p>Aprenda como se candidatar a bolsas de estudo para estudar nos EUA ou Canad\u00e1. Encontre oportunidades, requisitos de elegibilidade e dicas para uma solicita\u00e7\u00e3o bem-sucedida.<\/p>\n","protected":false},"author":24,"featured_media":30762,"parent":24033,"menu_order":0,"comment_status":"closed","ping_status":"closed","template":"","meta":{"_acf_changed":false,"footnotes":""},"class_list":["post-25796","page","type-page","status-publish","has-post-thumbnail","hentry"],"acf":{"mp_canonical_tag":"","mp_hreflang_tags":"<link rel=\"alternate\" hreflang=\"x-default\" href=\"https:\/\/www.mpowerfinancing.com\/pt\/financial-empowerment\/how-to-apply-for-scholarships-to-study-abroad\" \/>\n<link rel=\"alternate\" hreflang=\"en-us\" href=\"https:\/\/www.mpowerfinancing.com\/pt\/financial-empowerment\/how-to-apply-for-scholarships-to-study-abroad\" \/>\n<link rel=\"alternate\" hreflang=\"en-in\" href=\"https:\/\/www.mpowerfinancing.com\/pt\/en-in\/financial-empowerment\/how-indian-students-can-apply-for-a-scholarship-to-study-abroad-in-the-us-or-canada\" \/>\n<link rel=\"alternate\" hreflang=\"en-pk\" href=\"https:\/\/www.mpowerfinancing.com\/pt\/en-pk\/financial-empowerment\/how-pakistani-students-can-apply-for-a-scholarship-to-study-abroad-in-the-us-or-canada\" \/>\n<link rel=\"alternate\" hreflang=\"en-bd\" href=\"https:\/\/www.mpowerfinancing.com\/pt\/en-bd\/career-development\/how-bangladeshi-students-can-apply-for-a-scholarship-to-study-abroad-in-the-us-or-canada\" \/>","noindex_page":false},"yoast_head":"<!-- This site is optimized with the Yoast SEO Premium plugin v27.2 (Yoast SEO v27.2) - https:\/\/yoast.com\/product\/yoast-seo-premium-wordpress\/ -->\n<title>Como se candidatar a bolsas de estudo para estudar nos EUA ou Canad\u00e1 | MPOWER Financing Portuguese<\/title>\n<meta name=\"description\" content=\"Aprenda como se candidatar a bolsas de estudo para estudar nos EUA ou Canad\u00e1. Encontre oportunidades, requisitos de elegibilidade e dicas para uma solicita\u00e7\u00e3o bem-sucedida.\" \/>\n<meta name=\"robots\" content=\"index, follow, max-snippet:-1, max-image-preview:large, max-video-preview:-1\" \/>\n<link rel=\"canonical\" href=\"https:\/\/www.mpowerfinancing.com\/pt\/financial-empowerment\/how-to-apply-for-scholarships-to-study-abroad\" \/>\n<meta property=\"og:locale\" content=\"pt_BR\" \/>\n<meta property=\"og:type\" content=\"article\" \/>\n<meta property=\"og:title\" content=\"Como se candidatar a bolsas de estudo para estudar nos EUA ou Canad\u00e1 | MPOWER Financing Portuguese\" \/>\n<meta property=\"og:description\" content=\"Aprenda como se candidatar a bolsas de estudo para estudar nos EUA ou Canad\u00e1. Encontre oportunidades, requisitos de elegibilidade e dicas para uma solicita\u00e7\u00e3o bem-sucedida.\" \/>\n<meta property=\"og:url\" content=\"https:\/\/www.mpowerfinancing.com\/pt\/financial-empowerment\/how-to-apply-for-scholarships-to-study-abroad\" \/>\n<meta property=\"og:site_name\" content=\"MPOWER Financing Portuguese\" \/>\n<meta property=\"article:modified_time\" content=\"2025-12-28T03:54:02+00:00\" \/>\n<meta name=\"twitter:card\" content=\"summary_large_image\" \/>\n<script type=\"application\/ld+json\" class=\"yoast-schema-graph\">{\"@context\":\"https:\/\/schema.org\",\"@graph\":[{\"@type\":\"WebPage\",\"@id\":\"https:\/\/www.mpowerfinancing.com\/pt\/financial-empowerment\/how-to-apply-for-scholarships-to-study-abroad\",\"url\":\"https:\/\/www.mpowerfinancing.com\/pt\/financial-empowerment\/how-to-apply-for-scholarships-to-study-abroad\",\"name\":\"Como se candidatar a bolsas de estudo para estudar nos EUA ou Canad\u00e1 | MPOWER Financing Portuguese\",\"isPartOf\":{\"@id\":\"https:\/\/www.mpowerfinancing.com\/pt\/#website\"},\"primaryImageOfPage\":{\"@id\":\"https:\/\/www.mpowerfinancing.com\/pt\/financial-empowerment\/how-to-apply-for-scholarships-to-study-abroad#primaryimage\"},\"image\":{\"@id\":\"https:\/\/www.mpowerfinancing.com\/pt\/financial-empowerment\/how-to-apply-for-scholarships-to-study-abroad#primaryimage\"},\"thumbnailUrl\":\"\",\"datePublished\":\"2025-05-09T17:03:05+00:00\",\"dateModified\":\"2025-12-28T03:54:02+00:00\",\"description\":\"Aprenda como se candidatar a bolsas de estudo para estudar nos EUA ou Canad\u00e1. Encontre oportunidades, requisitos de elegibilidade e dicas para uma solicita\u00e7\u00e3o bem-sucedida.\",\"breadcrumb\":{\"@id\":\"https:\/\/www.mpowerfinancing.com\/pt\/financial-empowerment\/how-to-apply-for-scholarships-to-study-abroad#breadcrumb\"},\"inLanguage\":\"pt-BR\",\"potentialAction\":[{\"@type\":\"ReadAction\",\"target\":[\"https:\/\/www.mpowerfinancing.com\/pt\/financial-empowerment\/how-to-apply-for-scholarships-to-study-abroad\"]}]},{\"@type\":\"ImageObject\",\"inLanguage\":\"pt-BR\",\"@id\":\"https:\/\/www.mpowerfinancing.com\/pt\/financial-empowerment\/how-to-apply-for-scholarships-to-study-abroad#primaryimage\",\"url\":\"\",\"contentUrl\":\"\"},{\"@type\":\"BreadcrumbList\",\"@id\":\"https:\/\/www.mpowerfinancing.com\/pt\/financial-empowerment\/how-to-apply-for-scholarships-to-study-abroad#breadcrumb\",\"itemListElement\":[{\"@type\":\"ListItem\",\"position\":1,\"name\":\"Financial Empowerment\",\"item\":\"https:\/\/www.mpowerfinancing.com\/pt\/financial-empowerment\"},{\"@type\":\"ListItem\",\"position\":2,\"name\":\"Como se candidatar a bolsas de estudo para estudar nos EUA ou Canad\u00e1\"}]},{\"@type\":\"WebSite\",\"@id\":\"https:\/\/www.mpowerfinancing.com\/pt\/#website\",\"url\":\"https:\/\/www.mpowerfinancing.com\/pt\/\",\"name\":\"MPOWER Financing Portuguese\",\"description\":\"\",\"potentialAction\":[{\"@type\":\"SearchAction\",\"target\":{\"@type\":\"EntryPoint\",\"urlTemplate\":\"https:\/\/www.mpowerfinancing.com\/pt\/?s={search_term_string}\"},\"query-input\":{\"@type\":\"PropertyValueSpecification\",\"valueRequired\":true,\"valueName\":\"search_term_string\"}}],\"inLanguage\":\"pt-BR\"}]}<\/script>\n<!-- \/ Yoast SEO Premium plugin. -->","yoast_head_json":{"title":"Como se candidatar a bolsas de estudo para estudar nos EUA ou Canad\u00e1 | MPOWER Financing Portuguese","description":"Aprenda como se candidatar a bolsas de estudo para estudar nos EUA ou Canad\u00e1. Encontre oportunidades, requisitos de elegibilidade e dicas para uma solicita\u00e7\u00e3o bem-sucedida.","robots":{"index":"index","follow":"follow","max-snippet":"max-snippet:-1","max-image-preview":"max-image-preview:large","max-video-preview":"max-video-preview:-1"},"canonical":"https:\/\/www.mpowerfinancing.com\/pt\/financial-empowerment\/how-to-apply-for-scholarships-to-study-abroad","og_locale":"pt_BR","og_type":"article","og_title":"Como se candidatar a bolsas de estudo para estudar nos EUA ou Canad\u00e1 | MPOWER Financing Portuguese","og_description":"Aprenda como se candidatar a bolsas de estudo para estudar nos EUA ou Canad\u00e1. Encontre oportunidades, requisitos de elegibilidade e dicas para uma solicita\u00e7\u00e3o bem-sucedida.","og_url":"https:\/\/www.mpowerfinancing.com\/pt\/financial-empowerment\/how-to-apply-for-scholarships-to-study-abroad","og_site_name":"MPOWER Financing Portuguese","article_modified_time":"2025-12-28T03:54:02+00:00","twitter_card":"summary_large_image","schema":{"@context":"https:\/\/schema.org","@graph":[{"@type":"WebPage","@id":"https:\/\/www.mpowerfinancing.com\/pt\/financial-empowerment\/how-to-apply-for-scholarships-to-study-abroad","url":"https:\/\/www.mpowerfinancing.com\/pt\/financial-empowerment\/how-to-apply-for-scholarships-to-study-abroad","name":"Como se candidatar a bolsas de estudo para estudar nos EUA ou Canad\u00e1 | MPOWER Financing Portuguese","isPartOf":{"@id":"https:\/\/www.mpowerfinancing.com\/pt\/#website"},"primaryImageOfPage":{"@id":"https:\/\/www.mpowerfinancing.com\/pt\/financial-empowerment\/how-to-apply-for-scholarships-to-study-abroad#primaryimage"},"image":{"@id":"https:\/\/www.mpowerfinancing.com\/pt\/financial-empowerment\/how-to-apply-for-scholarships-to-study-abroad#primaryimage"},"thumbnailUrl":"","datePublished":"2025-05-09T17:03:05+00:00","dateModified":"2025-12-28T03:54:02+00:00","description":"Aprenda como se candidatar a bolsas de estudo para estudar nos EUA ou Canad\u00e1. Encontre oportunidades, requisitos de elegibilidade e dicas para uma solicita\u00e7\u00e3o bem-sucedida.","breadcrumb":{"@id":"https:\/\/www.mpowerfinancing.com\/pt\/financial-empowerment\/how-to-apply-for-scholarships-to-study-abroad#breadcrumb"},"inLanguage":"pt-BR","potentialAction":[{"@type":"ReadAction","target":["https:\/\/www.mpowerfinancing.com\/pt\/financial-empowerment\/how-to-apply-for-scholarships-to-study-abroad"]}]},{"@type":"ImageObject","inLanguage":"pt-BR","@id":"https:\/\/www.mpowerfinancing.com\/pt\/financial-empowerment\/how-to-apply-for-scholarships-to-study-abroad#primaryimage","url":"","contentUrl":""},{"@type":"BreadcrumbList","@id":"https:\/\/www.mpowerfinancing.com\/pt\/financial-empowerment\/how-to-apply-for-scholarships-to-study-abroad#breadcrumb","itemListElement":[{"@type":"ListItem","position":1,"name":"Financial Empowerment","item":"https:\/\/www.mpowerfinancing.com\/pt\/financial-empowerment"},{"@type":"ListItem","position":2,"name":"Como se candidatar a bolsas de estudo para estudar nos EUA ou Canad\u00e1"}]},{"@type":"WebSite","@id":"https:\/\/www.mpowerfinancing.com\/pt\/#website","url":"https:\/\/www.mpowerfinancing.com\/pt\/","name":"MPOWER Financing Portuguese","description":"","potentialAction":[{"@type":"SearchAction","target":{"@type":"EntryPoint","urlTemplate":"https:\/\/www.mpowerfinancing.com\/pt\/?s={search_term_string}"},"query-input":{"@type":"PropertyValueSpecification","valueRequired":true,"valueName":"search_term_string"}}],"inLanguage":"pt-BR"}]}},"_links":{"self":[{"href":"https:\/\/www.mpowerfinancing.com\/pt\/wp-json\/wp\/v2\/pages\/25796","targetHints":{"allow":["GET"]}}],"collection":[{"href":"https:\/\/www.mpowerfinancing.com\/pt\/wp-json\/wp\/v2\/pages"}],"about":[{"href":"https:\/\/www.mpowerfinancing.com\/pt\/wp-json\/wp\/v2\/types\/page"}],"author":[{"embeddable":true,"href":"https:\/\/www.mpowerfinancing.com\/pt\/wp-json\/wp\/v2\/users\/24"}],"replies":[{"embeddable":true,"href":"https:\/\/www.mpowerfinancing.com\/pt\/wp-json\/wp\/v2\/comments?post=25796"}],"version-history":[{"count":1,"href":"https:\/\/www.mpowerfinancing.com\/pt\/wp-json\/wp\/v2\/pages\/25796\/revisions"}],"predecessor-version":[{"id":25797,"href":"https:\/\/www.mpowerfinancing.com\/pt\/wp-json\/wp\/v2\/pages\/25796\/revisions\/25797"}],"up":[{"embeddable":true,"href":"https:\/\/www.mpowerfinancing.com\/pt\/wp-json\/wp\/v2\/pages\/24033"}],"wp:featuredmedia":[{"embeddable":true,"href":"https:\/\/www.mpowerfinancing.com\/pt\/wp-json\/"}],"wp:attachment":[{"href":"https:\/\/www.mpowerfinancing.com\/pt\/wp-json\/wp\/v2\/media?parent=25796"}],"curies":[{"name":"wp","href":"https:\/\/api.w.org\/{rel}","templated":true}]}}