{"id":25694,"date":"2024-12-03T08:56:22","date_gmt":"2024-12-03T13:56:22","guid":{"rendered":"https:\/\/website-new.qa.mpowerfinancing.com\/pt\/financial-empowerment\/postgraduate-student-loans"},"modified":"2025-12-27T18:47:19","modified_gmt":"2025-12-27T18:47:19","slug":"postgraduate-student-loans","status":"publish","type":"page","link":"https:\/\/www.mpowerfinancing.com\/pt\/financial-empowerment\/postgraduate-student-loans","title":{"rendered":"Empr\u00e9stimos para estudantes de p\u00f3s-gradua\u00e7\u00e3o: O que os estudantes internacionais devem saber"},"content":{"rendered":"","protected":false},"excerpt":{"rendered":"<p>Os empr\u00e9stimos para estudantes de p\u00f3s-gradua\u00e7\u00e3o, semelhantes aos empr\u00e9stimos de gradua\u00e7\u00e3o, fornecem assist\u00eancia financeira para cobrir taxas de matr\u00edcula, despesas de moradia e outros custos relacionados. No entanto, embora os aspectos t\u00e9cnicos desses empr\u00e9stimos possam n\u00e3o diferir significativamente dos empr\u00e9stimos de gradua\u00e7\u00e3o, as circunst\u00e2ncias e considera\u00e7\u00f5es para estudantes de p\u00f3s-gradua\u00e7\u00e3o s\u00e3o \u00fanicas.<\/p>\n","protected":false},"author":73,"featured_media":23706,"parent":24033,"menu_order":0,"comment_status":"closed","ping_status":"closed","template":"","meta":{"_acf_changed":false,"footnotes":""},"class_list":["post-25694","page","type-page","status-publish","has-post-thumbnail","hentry"],"acf":{"mp_canonical_tag":"","mp_hreflang_tags":"","noindex_page":false},"yoast_head":"<!-- This site is optimized with the Yoast SEO Premium plugin v27.2 (Yoast SEO v27.2) - https:\/\/yoast.com\/product\/yoast-seo-premium-wordpress\/ -->\n<title>Empr\u00e9stimos para Estudantes de P\u00f3s-Gradua\u00e7\u00e3o | MPOWER Financing Portuguese<\/title>\n<meta name=\"description\" content=\"Explore empr\u00e9stimos para estudantes internacionais de p\u00f3s-gradua\u00e7\u00e3o que cobrem mensalidades, despesas de vida e mais nos EUA e no Canad\u00e1, sem necessidade de avalista.\" \/>\n<meta name=\"robots\" content=\"index, follow, max-snippet:-1, max-image-preview:large, max-video-preview:-1\" \/>\n<link rel=\"canonical\" href=\"https:\/\/www.mpowerfinancing.com\/pt\/financial-empowerment\/postgraduate-student-loans\" \/>\n<meta property=\"og:locale\" content=\"pt_BR\" \/>\n<meta property=\"og:type\" content=\"article\" \/>\n<meta property=\"og:title\" content=\"Empr\u00e9stimos para Estudantes de P\u00f3s-Gradua\u00e7\u00e3o | MPOWER Financing Portuguese\" \/>\n<meta property=\"og:description\" content=\"Explore empr\u00e9stimos para estudantes internacionais de p\u00f3s-gradua\u00e7\u00e3o que cobrem mensalidades, despesas de vida e mais nos EUA e no Canad\u00e1, sem necessidade de avalista.\" \/>\n<meta property=\"og:url\" content=\"https:\/\/www.mpowerfinancing.com\/pt\/financial-empowerment\/postgraduate-student-loans\" \/>\n<meta property=\"og:site_name\" content=\"MPOWER Financing Portuguese\" \/>\n<meta property=\"article:modified_time\" content=\"2025-12-27T18:47:19+00:00\" \/>\n<meta name=\"twitter:card\" content=\"summary_large_image\" \/>\n<script type=\"application\/ld+json\" class=\"yoast-schema-graph\">{\"@context\":\"https:\/\/schema.org\",\"@graph\":[{\"@type\":\"WebPage\",\"@id\":\"https:\/\/www.mpowerfinancing.com\/pt\/financial-empowerment\/postgraduate-student-loans\",\"url\":\"https:\/\/www.mpowerfinancing.com\/pt\/financial-empowerment\/postgraduate-student-loans\",\"name\":\"Empr\u00e9stimos para Estudantes de P\u00f3s-Gradua\u00e7\u00e3o | MPOWER Financing Portuguese\",\"isPartOf\":{\"@id\":\"https:\/\/www.mpowerfinancing.com\/pt\/#website\"},\"primaryImageOfPage\":{\"@id\":\"https:\/\/www.mpowerfinancing.com\/pt\/financial-empowerment\/postgraduate-student-loans#primaryimage\"},\"image\":{\"@id\":\"https:\/\/www.mpowerfinancing.com\/pt\/financial-empowerment\/postgraduate-student-loans#primaryimage\"},\"thumbnailUrl\":\"\",\"datePublished\":\"2024-12-03T13:56:22+00:00\",\"dateModified\":\"2025-12-27T18:47:19+00:00\",\"description\":\"Explore empr\u00e9stimos para estudantes internacionais de p\u00f3s-gradua\u00e7\u00e3o que cobrem mensalidades, despesas de vida e mais nos EUA e no Canad\u00e1, sem necessidade de avalista.\",\"breadcrumb\":{\"@id\":\"https:\/\/www.mpowerfinancing.com\/pt\/financial-empowerment\/postgraduate-student-loans#breadcrumb\"},\"inLanguage\":\"pt-BR\",\"potentialAction\":[{\"@type\":\"ReadAction\",\"target\":[\"https:\/\/www.mpowerfinancing.com\/pt\/financial-empowerment\/postgraduate-student-loans\"]}]},{\"@type\":\"ImageObject\",\"inLanguage\":\"pt-BR\",\"@id\":\"https:\/\/www.mpowerfinancing.com\/pt\/financial-empowerment\/postgraduate-student-loans#primaryimage\",\"url\":\"\",\"contentUrl\":\"\"},{\"@type\":\"BreadcrumbList\",\"@id\":\"https:\/\/www.mpowerfinancing.com\/pt\/financial-empowerment\/postgraduate-student-loans#breadcrumb\",\"itemListElement\":[{\"@type\":\"ListItem\",\"position\":1,\"name\":\"Financial Empowerment\",\"item\":\"https:\/\/www.mpowerfinancing.com\/pt\/financial-empowerment\"},{\"@type\":\"ListItem\",\"position\":2,\"name\":\"Empr\u00e9stimos para estudantes de p\u00f3s-gradua\u00e7\u00e3o: O que os estudantes internacionais devem saber\"}]},{\"@type\":\"WebSite\",\"@id\":\"https:\/\/www.mpowerfinancing.com\/pt\/#website\",\"url\":\"https:\/\/www.mpowerfinancing.com\/pt\/\",\"name\":\"MPOWER Financing Portuguese\",\"description\":\"\",\"potentialAction\":[{\"@type\":\"SearchAction\",\"target\":{\"@type\":\"EntryPoint\",\"urlTemplate\":\"https:\/\/www.mpowerfinancing.com\/pt\/?s={search_term_string}\"},\"query-input\":{\"@type\":\"PropertyValueSpecification\",\"valueRequired\":true,\"valueName\":\"search_term_string\"}}],\"inLanguage\":\"pt-BR\"}]}<\/script>\n<!-- \/ Yoast SEO Premium plugin. -->","yoast_head_json":{"title":"Empr\u00e9stimos para Estudantes de P\u00f3s-Gradua\u00e7\u00e3o | MPOWER Financing Portuguese","description":"Explore empr\u00e9stimos para estudantes internacionais de p\u00f3s-gradua\u00e7\u00e3o que cobrem mensalidades, despesas de vida e mais nos EUA e no Canad\u00e1, sem necessidade de avalista.","robots":{"index":"index","follow":"follow","max-snippet":"max-snippet:-1","max-image-preview":"max-image-preview:large","max-video-preview":"max-video-preview:-1"},"canonical":"https:\/\/www.mpowerfinancing.com\/pt\/financial-empowerment\/postgraduate-student-loans","og_locale":"pt_BR","og_type":"article","og_title":"Empr\u00e9stimos para Estudantes de P\u00f3s-Gradua\u00e7\u00e3o | MPOWER Financing Portuguese","og_description":"Explore empr\u00e9stimos para estudantes internacionais de p\u00f3s-gradua\u00e7\u00e3o que cobrem mensalidades, despesas de vida e mais nos EUA e no Canad\u00e1, sem necessidade de avalista.","og_url":"https:\/\/www.mpowerfinancing.com\/pt\/financial-empowerment\/postgraduate-student-loans","og_site_name":"MPOWER Financing Portuguese","article_modified_time":"2025-12-27T18:47:19+00:00","twitter_card":"summary_large_image","schema":{"@context":"https:\/\/schema.org","@graph":[{"@type":"WebPage","@id":"https:\/\/www.mpowerfinancing.com\/pt\/financial-empowerment\/postgraduate-student-loans","url":"https:\/\/www.mpowerfinancing.com\/pt\/financial-empowerment\/postgraduate-student-loans","name":"Empr\u00e9stimos para Estudantes de P\u00f3s-Gradua\u00e7\u00e3o | MPOWER Financing Portuguese","isPartOf":{"@id":"https:\/\/www.mpowerfinancing.com\/pt\/#website"},"primaryImageOfPage":{"@id":"https:\/\/www.mpowerfinancing.com\/pt\/financial-empowerment\/postgraduate-student-loans#primaryimage"},"image":{"@id":"https:\/\/www.mpowerfinancing.com\/pt\/financial-empowerment\/postgraduate-student-loans#primaryimage"},"thumbnailUrl":"","datePublished":"2024-12-03T13:56:22+00:00","dateModified":"2025-12-27T18:47:19+00:00","description":"Explore empr\u00e9stimos para estudantes internacionais de p\u00f3s-gradua\u00e7\u00e3o que cobrem mensalidades, despesas de vida e mais nos EUA e no Canad\u00e1, sem necessidade de avalista.","breadcrumb":{"@id":"https:\/\/www.mpowerfinancing.com\/pt\/financial-empowerment\/postgraduate-student-loans#breadcrumb"},"inLanguage":"pt-BR","potentialAction":[{"@type":"ReadAction","target":["https:\/\/www.mpowerfinancing.com\/pt\/financial-empowerment\/postgraduate-student-loans"]}]},{"@type":"ImageObject","inLanguage":"pt-BR","@id":"https:\/\/www.mpowerfinancing.com\/pt\/financial-empowerment\/postgraduate-student-loans#primaryimage","url":"","contentUrl":""},{"@type":"BreadcrumbList","@id":"https:\/\/www.mpowerfinancing.com\/pt\/financial-empowerment\/postgraduate-student-loans#breadcrumb","itemListElement":[{"@type":"ListItem","position":1,"name":"Financial Empowerment","item":"https:\/\/www.mpowerfinancing.com\/pt\/financial-empowerment"},{"@type":"ListItem","position":2,"name":"Empr\u00e9stimos para estudantes de p\u00f3s-gradua\u00e7\u00e3o: O que os estudantes internacionais devem saber"}]},{"@type":"WebSite","@id":"https:\/\/www.mpowerfinancing.com\/pt\/#website","url":"https:\/\/www.mpowerfinancing.com\/pt\/","name":"MPOWER Financing Portuguese","description":"","potentialAction":[{"@type":"SearchAction","target":{"@type":"EntryPoint","urlTemplate":"https:\/\/www.mpowerfinancing.com\/pt\/?s={search_term_string}"},"query-input":{"@type":"PropertyValueSpecification","valueRequired":true,"valueName":"search_term_string"}}],"inLanguage":"pt-BR"}]}},"_links":{"self":[{"href":"https:\/\/www.mpowerfinancing.com\/pt\/wp-json\/wp\/v2\/pages\/25694","targetHints":{"allow":["GET"]}}],"collection":[{"href":"https:\/\/www.mpowerfinancing.com\/pt\/wp-json\/wp\/v2\/pages"}],"about":[{"href":"https:\/\/www.mpowerfinancing.com\/pt\/wp-json\/wp\/v2\/types\/page"}],"author":[{"embeddable":true,"href":"https:\/\/www.mpowerfinancing.com\/pt\/wp-json\/wp\/v2\/users\/73"}],"replies":[{"embeddable":true,"href":"https:\/\/www.mpowerfinancing.com\/pt\/wp-json\/wp\/v2\/comments?post=25694"}],"version-history":[{"count":1,"href":"https:\/\/www.mpowerfinancing.com\/pt\/wp-json\/wp\/v2\/pages\/25694\/revisions"}],"predecessor-version":[{"id":25695,"href":"https:\/\/www.mpowerfinancing.com\/pt\/wp-json\/wp\/v2\/pages\/25694\/revisions\/25695"}],"up":[{"embeddable":true,"href":"https:\/\/www.mpowerfinancing.com\/pt\/wp-json\/wp\/v2\/pages\/24033"}],"wp:featuredmedia":[{"embeddable":true,"href":"https:\/\/www.mpowerfinancing.com\/pt\/wp-json\/"}],"wp:attachment":[{"href":"https:\/\/www.mpowerfinancing.com\/pt\/wp-json\/wp\/v2\/media?parent=25694"}],"curies":[{"name":"wp","href":"https:\/\/api.w.org\/{rel}","templated":true}]}}