{"id":25541,"date":"2024-02-12T08:43:04","date_gmt":"2024-02-12T13:43:04","guid":{"rendered":"https:\/\/website-new.qa.mpowerfinancing.com\/pt\/financial-empowerment\/cost-of-student-loans"},"modified":"2025-12-27T14:39:15","modified_gmt":"2025-12-27T14:39:15","slug":"cost-of-student-loans","status":"publish","type":"page","link":"https:\/\/www.mpowerfinancing.com\/pt\/financial-empowerment\/cost-of-student-loans","title":{"rendered":"Qual \u00e9 o custo dos empr\u00e9stimos estudantis?"},"content":{"rendered":"","protected":false},"excerpt":{"rendered":"<p>Para estudantes internacionais, entender o custo dos empr\u00e9stimos estudantis \u00e9 um passo crucial no planejamento de sua jornada educacional. Os empr\u00e9stimos estudantis s\u00e3o uma t\u00e1bua de salva\u00e7\u00e3o para muitos alunos, permitindo que eles ir atr\u00e1s de uma educa\u00e7\u00e3o superior e ampliem seus horizontes. Eles s\u00e3o projetados para cobrir uma infinidade de despesas, desde mensalidades e acomoda\u00e7\u00f5es at\u00e9 livros did\u00e1ticos e outras despesas de vida.<\/p>\n","protected":false},"author":55,"featured_media":29320,"parent":24033,"menu_order":0,"comment_status":"closed","ping_status":"closed","template":"","meta":{"_acf_changed":false,"footnotes":""},"class_list":["post-25541","page","type-page","status-publish","has-post-thumbnail","hentry"],"acf":{"mp_canonical_tag":"","mp_hreflang_tags":"<link rel=\"alternate\" hreflang=\"x-default\" href=\"https:\/\/www.mpowerfinancing.com\/pt\/financial-empowerment\/cost-of-student-loans\" \/>\n<link rel=\"alternate\" hreflang=\"en-us\" href=\"https:\/\/www.mpowerfinancing.com\/pt\/financial-empowerment\/cost-of-student-loans\" \/>\n<link rel=\"alternate\" hreflang=\"en-in\" href=\"https:\/\/www.mpowerfinancing.com\/pt\/en-in\/financial-empowerment\/indian-student-loans-cost-abroad\" \/>\n<link rel=\"alternate\" hreflang=\"en-pk\" href=\"https:\/\/www.mpowerfinancing.com\/pt\/en-pk\/financial-empowerment\/pakistani-student-loans-cost-abroad\" \/>\n<link rel=\"alternate\" hreflang=\"en-bd\" href=\"https:\/\/www.mpowerfinancing.com\/pt\/en-bd\/financial-empowerment\/bangladeshi-student-loans-cost-abroad\" \/>","noindex_page":false},"yoast_head":"<!-- This site is optimized with the Yoast SEO Premium plugin v27.2 (Yoast SEO v27.2) - https:\/\/yoast.com\/product\/yoast-seo-premium-wordpress\/ -->\n<title>Entendendo o Custo dos Empr\u00e9stimos para Estudantes Internacionais | MPOWER Financing Portuguese<\/title>\n<meta name=\"description\" content=\"Desde os juros at\u00e9 as taxas, veja o que est\u00e1 por tr\u00e1s do custo dos empr\u00e9stimos para estudantes internacionais e tome decis\u00f5es informadas sobre o empr\u00e9stimo.\" \/>\n<meta name=\"robots\" content=\"index, follow, max-snippet:-1, max-image-preview:large, max-video-preview:-1\" \/>\n<link rel=\"canonical\" href=\"https:\/\/www.mpowerfinancing.com\/pt\/financial-empowerment\/cost-of-student-loans\" \/>\n<meta property=\"og:locale\" content=\"pt_BR\" \/>\n<meta property=\"og:type\" content=\"article\" \/>\n<meta property=\"og:title\" content=\"Entendendo o Custo dos Empr\u00e9stimos para Estudantes Internacionais | MPOWER Financing Portuguese\" \/>\n<meta property=\"og:description\" content=\"Desde os juros at\u00e9 as taxas, veja o que est\u00e1 por tr\u00e1s do custo dos empr\u00e9stimos para estudantes internacionais e tome decis\u00f5es informadas sobre o empr\u00e9stimo.\" \/>\n<meta property=\"og:url\" content=\"https:\/\/www.mpowerfinancing.com\/pt\/financial-empowerment\/cost-of-student-loans\" \/>\n<meta property=\"og:site_name\" content=\"MPOWER Financing Portuguese\" \/>\n<meta property=\"article:modified_time\" content=\"2025-12-27T14:39:15+00:00\" \/>\n<meta name=\"twitter:card\" content=\"summary_large_image\" \/>\n<script type=\"application\/ld+json\" class=\"yoast-schema-graph\">{\"@context\":\"https:\/\/schema.org\",\"@graph\":[{\"@type\":\"WebPage\",\"@id\":\"https:\/\/www.mpowerfinancing.com\/pt\/financial-empowerment\/cost-of-student-loans\",\"url\":\"https:\/\/www.mpowerfinancing.com\/pt\/financial-empowerment\/cost-of-student-loans\",\"name\":\"Entendendo o Custo dos Empr\u00e9stimos para Estudantes Internacionais | MPOWER Financing Portuguese\",\"isPartOf\":{\"@id\":\"https:\/\/www.mpowerfinancing.com\/pt\/#website\"},\"primaryImageOfPage\":{\"@id\":\"https:\/\/www.mpowerfinancing.com\/pt\/financial-empowerment\/cost-of-student-loans#primaryimage\"},\"image\":{\"@id\":\"https:\/\/www.mpowerfinancing.com\/pt\/financial-empowerment\/cost-of-student-loans#primaryimage\"},\"thumbnailUrl\":\"\",\"datePublished\":\"2024-02-12T13:43:04+00:00\",\"dateModified\":\"2025-12-27T14:39:15+00:00\",\"description\":\"Desde os juros at\u00e9 as taxas, veja o que est\u00e1 por tr\u00e1s do custo dos empr\u00e9stimos para estudantes internacionais e tome decis\u00f5es informadas sobre o empr\u00e9stimo.\",\"breadcrumb\":{\"@id\":\"https:\/\/www.mpowerfinancing.com\/pt\/financial-empowerment\/cost-of-student-loans#breadcrumb\"},\"inLanguage\":\"pt-BR\",\"potentialAction\":[{\"@type\":\"ReadAction\",\"target\":[\"https:\/\/www.mpowerfinancing.com\/pt\/financial-empowerment\/cost-of-student-loans\"]}]},{\"@type\":\"ImageObject\",\"inLanguage\":\"pt-BR\",\"@id\":\"https:\/\/www.mpowerfinancing.com\/pt\/financial-empowerment\/cost-of-student-loans#primaryimage\",\"url\":\"\",\"contentUrl\":\"\"},{\"@type\":\"BreadcrumbList\",\"@id\":\"https:\/\/www.mpowerfinancing.com\/pt\/financial-empowerment\/cost-of-student-loans#breadcrumb\",\"itemListElement\":[{\"@type\":\"ListItem\",\"position\":1,\"name\":\"Financial Empowerment\",\"item\":\"https:\/\/www.mpowerfinancing.com\/pt\/financial-empowerment\"},{\"@type\":\"ListItem\",\"position\":2,\"name\":\"Qual \u00e9 o custo dos empr\u00e9stimos estudantis?\"}]},{\"@type\":\"WebSite\",\"@id\":\"https:\/\/www.mpowerfinancing.com\/pt\/#website\",\"url\":\"https:\/\/www.mpowerfinancing.com\/pt\/\",\"name\":\"MPOWER Financing Portuguese\",\"description\":\"\",\"potentialAction\":[{\"@type\":\"SearchAction\",\"target\":{\"@type\":\"EntryPoint\",\"urlTemplate\":\"https:\/\/www.mpowerfinancing.com\/pt\/?s={search_term_string}\"},\"query-input\":{\"@type\":\"PropertyValueSpecification\",\"valueRequired\":true,\"valueName\":\"search_term_string\"}}],\"inLanguage\":\"pt-BR\"}]}<\/script>\n<!-- \/ Yoast SEO Premium plugin. -->","yoast_head_json":{"title":"Entendendo o Custo dos Empr\u00e9stimos para Estudantes Internacionais | MPOWER Financing Portuguese","description":"Desde os juros at\u00e9 as taxas, veja o que est\u00e1 por tr\u00e1s do custo dos empr\u00e9stimos para estudantes internacionais e tome decis\u00f5es informadas sobre o empr\u00e9stimo.","robots":{"index":"index","follow":"follow","max-snippet":"max-snippet:-1","max-image-preview":"max-image-preview:large","max-video-preview":"max-video-preview:-1"},"canonical":"https:\/\/www.mpowerfinancing.com\/pt\/financial-empowerment\/cost-of-student-loans","og_locale":"pt_BR","og_type":"article","og_title":"Entendendo o Custo dos Empr\u00e9stimos para Estudantes Internacionais | MPOWER Financing Portuguese","og_description":"Desde os juros at\u00e9 as taxas, veja o que est\u00e1 por tr\u00e1s do custo dos empr\u00e9stimos para estudantes internacionais e tome decis\u00f5es informadas sobre o empr\u00e9stimo.","og_url":"https:\/\/www.mpowerfinancing.com\/pt\/financial-empowerment\/cost-of-student-loans","og_site_name":"MPOWER Financing Portuguese","article_modified_time":"2025-12-27T14:39:15+00:00","twitter_card":"summary_large_image","schema":{"@context":"https:\/\/schema.org","@graph":[{"@type":"WebPage","@id":"https:\/\/www.mpowerfinancing.com\/pt\/financial-empowerment\/cost-of-student-loans","url":"https:\/\/www.mpowerfinancing.com\/pt\/financial-empowerment\/cost-of-student-loans","name":"Entendendo o Custo dos Empr\u00e9stimos para Estudantes Internacionais | MPOWER Financing Portuguese","isPartOf":{"@id":"https:\/\/www.mpowerfinancing.com\/pt\/#website"},"primaryImageOfPage":{"@id":"https:\/\/www.mpowerfinancing.com\/pt\/financial-empowerment\/cost-of-student-loans#primaryimage"},"image":{"@id":"https:\/\/www.mpowerfinancing.com\/pt\/financial-empowerment\/cost-of-student-loans#primaryimage"},"thumbnailUrl":"","datePublished":"2024-02-12T13:43:04+00:00","dateModified":"2025-12-27T14:39:15+00:00","description":"Desde os juros at\u00e9 as taxas, veja o que est\u00e1 por tr\u00e1s do custo dos empr\u00e9stimos para estudantes internacionais e tome decis\u00f5es informadas sobre o empr\u00e9stimo.","breadcrumb":{"@id":"https:\/\/www.mpowerfinancing.com\/pt\/financial-empowerment\/cost-of-student-loans#breadcrumb"},"inLanguage":"pt-BR","potentialAction":[{"@type":"ReadAction","target":["https:\/\/www.mpowerfinancing.com\/pt\/financial-empowerment\/cost-of-student-loans"]}]},{"@type":"ImageObject","inLanguage":"pt-BR","@id":"https:\/\/www.mpowerfinancing.com\/pt\/financial-empowerment\/cost-of-student-loans#primaryimage","url":"","contentUrl":""},{"@type":"BreadcrumbList","@id":"https:\/\/www.mpowerfinancing.com\/pt\/financial-empowerment\/cost-of-student-loans#breadcrumb","itemListElement":[{"@type":"ListItem","position":1,"name":"Financial Empowerment","item":"https:\/\/www.mpowerfinancing.com\/pt\/financial-empowerment"},{"@type":"ListItem","position":2,"name":"Qual \u00e9 o custo dos empr\u00e9stimos estudantis?"}]},{"@type":"WebSite","@id":"https:\/\/www.mpowerfinancing.com\/pt\/#website","url":"https:\/\/www.mpowerfinancing.com\/pt\/","name":"MPOWER Financing Portuguese","description":"","potentialAction":[{"@type":"SearchAction","target":{"@type":"EntryPoint","urlTemplate":"https:\/\/www.mpowerfinancing.com\/pt\/?s={search_term_string}"},"query-input":{"@type":"PropertyValueSpecification","valueRequired":true,"valueName":"search_term_string"}}],"inLanguage":"pt-BR"}]}},"_links":{"self":[{"href":"https:\/\/www.mpowerfinancing.com\/pt\/wp-json\/wp\/v2\/pages\/25541","targetHints":{"allow":["GET"]}}],"collection":[{"href":"https:\/\/www.mpowerfinancing.com\/pt\/wp-json\/wp\/v2\/pages"}],"about":[{"href":"https:\/\/www.mpowerfinancing.com\/pt\/wp-json\/wp\/v2\/types\/page"}],"author":[{"embeddable":true,"href":"https:\/\/www.mpowerfinancing.com\/pt\/wp-json\/wp\/v2\/users\/55"}],"replies":[{"embeddable":true,"href":"https:\/\/www.mpowerfinancing.com\/pt\/wp-json\/wp\/v2\/comments?post=25541"}],"version-history":[{"count":1,"href":"https:\/\/www.mpowerfinancing.com\/pt\/wp-json\/wp\/v2\/pages\/25541\/revisions"}],"predecessor-version":[{"id":25542,"href":"https:\/\/www.mpowerfinancing.com\/pt\/wp-json\/wp\/v2\/pages\/25541\/revisions\/25542"}],"up":[{"embeddable":true,"href":"https:\/\/www.mpowerfinancing.com\/pt\/wp-json\/wp\/v2\/pages\/24033"}],"wp:featuredmedia":[{"embeddable":true,"href":"https:\/\/www.mpowerfinancing.com\/pt\/wp-json\/"}],"wp:attachment":[{"href":"https:\/\/www.mpowerfinancing.com\/pt\/wp-json\/wp\/v2\/media?parent=25541"}],"curies":[{"name":"wp","href":"https:\/\/api.w.org\/{rel}","templated":true}]}}