{"id":25288,"date":"2025-05-09T08:31:58","date_gmt":"2025-05-09T12:31:58","guid":{"rendered":"https:\/\/website-new.qa.mpowerfinancing.com\/pt\/student-loan-calculator"},"modified":"2026-04-02T09:00:38","modified_gmt":"2026-04-02T09:00:38","slug":"student-loan-calculator","status":"publish","type":"page","link":"https:\/\/www.mpowerfinancing.com\/pt\/student-loan-calculator","title":{"rendered":"Calculadora de Empr\u00e9stimo Estudantil"},"content":{"rendered":"","protected":false},"excerpt":{"rendered":"","protected":false},"author":55,"featured_media":0,"parent":0,"menu_order":0,"comment_status":"closed","ping_status":"closed","template":"","meta":{"_acf_changed":false,"footnotes":""},"class_list":["post-25288","page","type-page","status-publish","hentry"],"acf":{"mp_canonical_tag":"","mp_hreflang_tags":"","noindex_page":false},"yoast_head":"\nCalculadora de Empr\u00e9stimo para Estudante Internacional | Calcule Seus Pagamentos de Empr\u00e9stimo para Estudar no Exterior<\/title>\n<meta name=\"description\" content=\"Estime seus pagamentos de empr\u00e9stimo para estudar no exterior usando a calculadora de empr\u00e9stimo estudantil gratuita da MPOWER. Modifique o valor, a taxa de juros e o prazo do empr\u00e9stimo para planejar com confian\u00e7a suas finan\u00e7as para estudar no exterior.\" \/>\n<meta name=\"robots\" content=\"index, follow, max-snippet:-1, max-image-preview:large, max-video-preview:-1\" \/>\n<link rel=\"canonical\" href=\"https:\/\/www.mpowerfinancing.com\/pt\/student-loan-calculator\" \/>\n<meta property=\"og:locale\" content=\"pt_BR\" \/>\n<meta property=\"og:type\" content=\"article\" \/>\n<meta property=\"og:title\" content=\"Calculadora de Empr\u00e9stimo para Estudante Internacional | Calcule Seus Pagamentos de Empr\u00e9stimo para Estudar no Exterior\" \/>\n<meta property=\"og:description\" content=\"Estime seus pagamentos de empr\u00e9stimo para estudar no exterior usando a calculadora de empr\u00e9stimo estudantil gratuita da MPOWER. Modifique o valor, a taxa de juros e o prazo do empr\u00e9stimo para planejar com confian\u00e7a suas finan\u00e7as para estudar no exterior.\" \/>\n<meta property=\"og:url\" content=\"https:\/\/www.mpowerfinancing.com\/pt\/student-loan-calculator\" \/>\n<meta property=\"og:site_name\" content=\"MPOWER Financing Portuguese\" \/>\n<meta property=\"article:modified_time\" content=\"2026-04-02T09:00:38+00:00\" \/>\n<meta name=\"twitter:card\" content=\"summary_large_image\" \/>\n<script type=\"application\/ld+json\" class=\"yoast-schema-graph\">{\"@context\":\"https:\/\/schema.org\",\"@graph\":[{\"@type\":\"WebPage\",\"@id\":\"https:\/\/www.mpowerfinancing.com\/pt\/student-loan-calculator\",\"url\":\"https:\/\/www.mpowerfinancing.com\/pt\/student-loan-calculator\",\"name\":\"Calculadora de Empr\u00e9stimo para Estudante Internacional | Calcule Seus Pagamentos de Empr\u00e9stimo para Estudar no Exterior\",\"isPartOf\":{\"@id\":\"https:\/\/www.mpowerfinancing.com\/pt\/#website\"},\"datePublished\":\"2025-05-09T12:31:58+00:00\",\"dateModified\":\"2026-04-02T09:00:38+00:00\",\"description\":\"Estime seus pagamentos de empr\u00e9stimo para estudar no exterior usando a calculadora de empr\u00e9stimo estudantil gratuita da MPOWER. Modifique o valor, a taxa de juros e o prazo do empr\u00e9stimo para planejar com confian\u00e7a suas finan\u00e7as para estudar no exterior.\",\"inLanguage\":\"pt-BR\",\"potentialAction\":[{\"@type\":\"ReadAction\",\"target\":[\"https:\/\/www.mpowerfinancing.com\/pt\/student-loan-calculator\"]}]},{\"@type\":\"WebSite\",\"@id\":\"https:\/\/www.mpowerfinancing.com\/pt\/#website\",\"url\":\"https:\/\/www.mpowerfinancing.com\/pt\/\",\"name\":\"MPOWER Financing Portuguese\",\"description\":\"\",\"potentialAction\":[{\"@type\":\"SearchAction\",\"target\":{\"@type\":\"EntryPoint\",\"urlTemplate\":\"https:\/\/www.mpowerfinancing.com\/pt\/?s={search_term_string}\"},\"query-input\":{\"@type\":\"PropertyValueSpecification\",\"valueRequired\":true,\"valueName\":\"search_term_string\"}}],\"inLanguage\":\"pt-BR\"}]}<\/script>\n<!-- \/ Yoast SEO Premium plugin. -->","yoast_head_json":{"title":"Calculadora de Empr\u00e9stimo para Estudante Internacional | Calcule Seus Pagamentos de Empr\u00e9stimo para Estudar no Exterior","description":"Estime seus pagamentos de empr\u00e9stimo para estudar no exterior usando a calculadora de empr\u00e9stimo estudantil gratuita da MPOWER. Modifique o valor, a taxa de juros e o prazo do empr\u00e9stimo para planejar com confian\u00e7a suas finan\u00e7as para estudar no exterior.","robots":{"index":"index","follow":"follow","max-snippet":"max-snippet:-1","max-image-preview":"max-image-preview:large","max-video-preview":"max-video-preview:-1"},"canonical":"https:\/\/www.mpowerfinancing.com\/pt\/student-loan-calculator","og_locale":"pt_BR","og_type":"article","og_title":"Calculadora de Empr\u00e9stimo para Estudante Internacional | Calcule Seus Pagamentos de Empr\u00e9stimo para Estudar no Exterior","og_description":"Estime seus pagamentos de empr\u00e9stimo para estudar no exterior usando a calculadora de empr\u00e9stimo estudantil gratuita da MPOWER. Modifique o valor, a taxa de juros e o prazo do empr\u00e9stimo para planejar com confian\u00e7a suas finan\u00e7as para estudar no exterior.","og_url":"https:\/\/www.mpowerfinancing.com\/pt\/student-loan-calculator","og_site_name":"MPOWER Financing Portuguese","article_modified_time":"2026-04-02T09:00:38+00:00","twitter_card":"summary_large_image","schema":{"@context":"https:\/\/schema.org","@graph":[{"@type":"WebPage","@id":"https:\/\/www.mpowerfinancing.com\/pt\/student-loan-calculator","url":"https:\/\/www.mpowerfinancing.com\/pt\/student-loan-calculator","name":"Calculadora de Empr\u00e9stimo para Estudante Internacional | Calcule Seus Pagamentos de Empr\u00e9stimo para Estudar no Exterior","isPartOf":{"@id":"https:\/\/www.mpowerfinancing.com\/pt\/#website"},"datePublished":"2025-05-09T12:31:58+00:00","dateModified":"2026-04-02T09:00:38+00:00","description":"Estime seus pagamentos de empr\u00e9stimo para estudar no exterior usando a calculadora de empr\u00e9stimo estudantil gratuita da MPOWER. Modifique o valor, a taxa de juros e o prazo do empr\u00e9stimo para planejar com confian\u00e7a suas finan\u00e7as para estudar no exterior.","inLanguage":"pt-BR","potentialAction":[{"@type":"ReadAction","target":["https:\/\/www.mpowerfinancing.com\/pt\/student-loan-calculator"]}]},{"@type":"WebSite","@id":"https:\/\/www.mpowerfinancing.com\/pt\/#website","url":"https:\/\/www.mpowerfinancing.com\/pt\/","name":"MPOWER Financing Portuguese","description":"","potentialAction":[{"@type":"SearchAction","target":{"@type":"EntryPoint","urlTemplate":"https:\/\/www.mpowerfinancing.com\/pt\/?s={search_term_string}"},"query-input":{"@type":"PropertyValueSpecification","valueRequired":true,"valueName":"search_term_string"}}],"inLanguage":"pt-BR"}]}},"_links":{"self":[{"href":"https:\/\/www.mpowerfinancing.com\/pt\/wp-json\/wp\/v2\/pages\/25288","targetHints":{"allow":["GET"]}}],"collection":[{"href":"https:\/\/www.mpowerfinancing.com\/pt\/wp-json\/wp\/v2\/pages"}],"about":[{"href":"https:\/\/www.mpowerfinancing.com\/pt\/wp-json\/wp\/v2\/types\/page"}],"author":[{"embeddable":true,"href":"https:\/\/www.mpowerfinancing.com\/pt\/wp-json\/wp\/v2\/users\/55"}],"replies":[{"embeddable":true,"href":"https:\/\/www.mpowerfinancing.com\/pt\/wp-json\/wp\/v2\/comments?post=25288"}],"version-history":[{"count":4,"href":"https:\/\/www.mpowerfinancing.com\/pt\/wp-json\/wp\/v2\/pages\/25288\/revisions"}],"predecessor-version":[{"id":27484,"href":"https:\/\/www.mpowerfinancing.com\/pt\/wp-json\/wp\/v2\/pages\/25288\/revisions\/27484"}],"wp:attachment":[{"href":"https:\/\/www.mpowerfinancing.com\/pt\/wp-json\/wp\/v2\/media?parent=25288"}],"curies":[{"name":"wp","href":"https:\/\/api.w.org\/{rel}","templated":true}]}}