{"id":24789,"date":"2024-02-19T01:23:32","date_gmt":"2024-02-19T06:23:32","guid":{"rendered":"https:\/\/website-new.qa.mpowerfinancing.com\/pt\/career-development\/international-study-programs\/"},"modified":"2025-12-26T11:54:40","modified_gmt":"2025-12-26T11:54:40","slug":"international-study-programs","status":"publish","type":"page","link":"https:\/\/www.mpowerfinancing.com\/pt\/career-development\/international-study-programs","title":{"rendered":"Descubra programas de estudo internacionais"},"content":{"rendered":"","protected":false},"excerpt":{"rendered":"<p>Estudar em um novo pa\u00eds \u00e9 uma aventura. Voc\u00ea aprende coisas novas. Conhece pessoas novas. V\u00ea lugares novos. \u00c9 isso que os programas de estudo internacionais oferecem. Eles ajudam voc\u00ea a crescer. Preparam voc\u00ea para uma carreira global. Para estudantes internacionais, esta \u00e9 uma chance de experimentar uma nova cultura, aprender com pessoas diferentes e construir uma rede forte.<\/p>\n","protected":false},"author":55,"featured_media":17916,"parent":479,"menu_order":0,"comment_status":"closed","ping_status":"closed","template":"","meta":{"_acf_changed":false,"footnotes":""},"class_list":["post-24789","page","type-page","status-publish","has-post-thumbnail","hentry"],"acf":{"mp_canonical_tag":"","mp_hreflang_tags":"","noindex_page":false},"yoast_head":"<!-- This site is optimized with the Yoast SEO Premium plugin v27.2 (Yoast SEO v27.2) - https:\/\/yoast.com\/product\/yoast-seo-premium-wordpress\/ -->\n<title>Explorando Programas de Estudo Internacionais | MPOWER Financing Portuguese<\/title>\n<meta name=\"description\" content=\"Mergulhe no mundo da educa\u00e7\u00e3o global. Descubra insights sobre os principais programas de estudo internacionais, elegibilidade e processos de inscri\u00e7\u00e3o. Comece sua jornada hoje.\" \/>\n<meta name=\"robots\" content=\"index, follow, max-snippet:-1, max-image-preview:large, max-video-preview:-1\" \/>\n<link rel=\"canonical\" href=\"https:\/\/www.mpowerfinancing.com\/pt\/career-development\/international-study-programs\" \/>\n<meta property=\"og:locale\" content=\"pt_BR\" \/>\n<meta property=\"og:type\" content=\"article\" \/>\n<meta property=\"og:title\" content=\"Explorando Programas de Estudo Internacionais | MPOWER Financing Portuguese\" \/>\n<meta property=\"og:description\" content=\"Mergulhe no mundo da educa\u00e7\u00e3o global. Descubra insights sobre os principais programas de estudo internacionais, elegibilidade e processos de inscri\u00e7\u00e3o. Comece sua jornada hoje.\" \/>\n<meta property=\"og:url\" content=\"https:\/\/www.mpowerfinancing.com\/pt\/career-development\/international-study-programs\" \/>\n<meta property=\"og:site_name\" content=\"MPOWER Financing Portuguese\" \/>\n<meta property=\"article:modified_time\" content=\"2025-12-26T11:54:40+00:00\" \/>\n<meta name=\"twitter:card\" content=\"summary_large_image\" \/>\n<meta name=\"twitter:label1\" content=\"Est. reading time\" \/>\n\t<meta name=\"twitter:data1\" content=\"1 minute\" \/>\n<script type=\"application\/ld+json\" class=\"yoast-schema-graph\">{\"@context\":\"https:\/\/schema.org\",\"@graph\":[{\"@type\":\"WebPage\",\"@id\":\"https:\/\/www.mpowerfinancing.com\/pt\/career-development\/international-study-programs\",\"url\":\"https:\/\/www.mpowerfinancing.com\/pt\/career-development\/international-study-programs\",\"name\":\"Explorando Programas de Estudo Internacionais | MPOWER Financing Portuguese\",\"isPartOf\":{\"@id\":\"https:\/\/www.mpowerfinancing.com\/pt\/#website\"},\"primaryImageOfPage\":{\"@id\":\"https:\/\/www.mpowerfinancing.com\/pt\/career-development\/international-study-programs#primaryimage\"},\"image\":{\"@id\":\"https:\/\/www.mpowerfinancing.com\/pt\/career-development\/international-study-programs#primaryimage\"},\"thumbnailUrl\":\"\",\"datePublished\":\"2024-02-19T06:23:32+00:00\",\"dateModified\":\"2025-12-26T11:54:40+00:00\",\"description\":\"Mergulhe no mundo da educa\u00e7\u00e3o global. Descubra insights sobre os principais programas de estudo internacionais, elegibilidade e processos de inscri\u00e7\u00e3o. Comece sua jornada hoje.\",\"breadcrumb\":{\"@id\":\"https:\/\/www.mpowerfinancing.com\/pt\/career-development\/international-study-programs#breadcrumb\"},\"inLanguage\":\"pt-BR\",\"potentialAction\":[{\"@type\":\"ReadAction\",\"target\":[\"https:\/\/www.mpowerfinancing.com\/pt\/career-development\/international-study-programs\"]}]},{\"@type\":\"ImageObject\",\"inLanguage\":\"pt-BR\",\"@id\":\"https:\/\/www.mpowerfinancing.com\/pt\/career-development\/international-study-programs#primaryimage\",\"url\":\"\",\"contentUrl\":\"\"},{\"@type\":\"BreadcrumbList\",\"@id\":\"https:\/\/www.mpowerfinancing.com\/pt\/career-development\/international-study-programs#breadcrumb\",\"itemListElement\":[{\"@type\":\"ListItem\",\"position\":1,\"name\":\"Desenvolvimento de Carreira\",\"item\":\"https:\/\/www.mpowerfinancing.com\/pt\/career-development\"},{\"@type\":\"ListItem\",\"position\":2,\"name\":\"Descubra programas de estudo internacionais\"}]},{\"@type\":\"WebSite\",\"@id\":\"https:\/\/www.mpowerfinancing.com\/pt\/#website\",\"url\":\"https:\/\/www.mpowerfinancing.com\/pt\/\",\"name\":\"MPOWER Financing Portuguese\",\"description\":\"\",\"potentialAction\":[{\"@type\":\"SearchAction\",\"target\":{\"@type\":\"EntryPoint\",\"urlTemplate\":\"https:\/\/www.mpowerfinancing.com\/pt\/?s={search_term_string}\"},\"query-input\":{\"@type\":\"PropertyValueSpecification\",\"valueRequired\":true,\"valueName\":\"search_term_string\"}}],\"inLanguage\":\"pt-BR\"}]}<\/script>\n<!-- \/ Yoast SEO Premium plugin. -->","yoast_head_json":{"title":"Explorando Programas de Estudo Internacionais | MPOWER Financing Portuguese","description":"Mergulhe no mundo da educa\u00e7\u00e3o global. Descubra insights sobre os principais programas de estudo internacionais, elegibilidade e processos de inscri\u00e7\u00e3o. Comece sua jornada hoje.","robots":{"index":"index","follow":"follow","max-snippet":"max-snippet:-1","max-image-preview":"max-image-preview:large","max-video-preview":"max-video-preview:-1"},"canonical":"https:\/\/www.mpowerfinancing.com\/pt\/career-development\/international-study-programs","og_locale":"pt_BR","og_type":"article","og_title":"Explorando Programas de Estudo Internacionais | MPOWER Financing Portuguese","og_description":"Mergulhe no mundo da educa\u00e7\u00e3o global. Descubra insights sobre os principais programas de estudo internacionais, elegibilidade e processos de inscri\u00e7\u00e3o. Comece sua jornada hoje.","og_url":"https:\/\/www.mpowerfinancing.com\/pt\/career-development\/international-study-programs","og_site_name":"MPOWER Financing Portuguese","article_modified_time":"2025-12-26T11:54:40+00:00","twitter_card":"summary_large_image","twitter_misc":{"Est. reading time":"1 minute"},"schema":{"@context":"https:\/\/schema.org","@graph":[{"@type":"WebPage","@id":"https:\/\/www.mpowerfinancing.com\/pt\/career-development\/international-study-programs","url":"https:\/\/www.mpowerfinancing.com\/pt\/career-development\/international-study-programs","name":"Explorando Programas de Estudo Internacionais | MPOWER Financing Portuguese","isPartOf":{"@id":"https:\/\/www.mpowerfinancing.com\/pt\/#website"},"primaryImageOfPage":{"@id":"https:\/\/www.mpowerfinancing.com\/pt\/career-development\/international-study-programs#primaryimage"},"image":{"@id":"https:\/\/www.mpowerfinancing.com\/pt\/career-development\/international-study-programs#primaryimage"},"thumbnailUrl":"","datePublished":"2024-02-19T06:23:32+00:00","dateModified":"2025-12-26T11:54:40+00:00","description":"Mergulhe no mundo da educa\u00e7\u00e3o global. Descubra insights sobre os principais programas de estudo internacionais, elegibilidade e processos de inscri\u00e7\u00e3o. Comece sua jornada hoje.","breadcrumb":{"@id":"https:\/\/www.mpowerfinancing.com\/pt\/career-development\/international-study-programs#breadcrumb"},"inLanguage":"pt-BR","potentialAction":[{"@type":"ReadAction","target":["https:\/\/www.mpowerfinancing.com\/pt\/career-development\/international-study-programs"]}]},{"@type":"ImageObject","inLanguage":"pt-BR","@id":"https:\/\/www.mpowerfinancing.com\/pt\/career-development\/international-study-programs#primaryimage","url":"","contentUrl":""},{"@type":"BreadcrumbList","@id":"https:\/\/www.mpowerfinancing.com\/pt\/career-development\/international-study-programs#breadcrumb","itemListElement":[{"@type":"ListItem","position":1,"name":"Desenvolvimento de Carreira","item":"https:\/\/www.mpowerfinancing.com\/pt\/career-development"},{"@type":"ListItem","position":2,"name":"Descubra programas de estudo internacionais"}]},{"@type":"WebSite","@id":"https:\/\/www.mpowerfinancing.com\/pt\/#website","url":"https:\/\/www.mpowerfinancing.com\/pt\/","name":"MPOWER Financing Portuguese","description":"","potentialAction":[{"@type":"SearchAction","target":{"@type":"EntryPoint","urlTemplate":"https:\/\/www.mpowerfinancing.com\/pt\/?s={search_term_string}"},"query-input":{"@type":"PropertyValueSpecification","valueRequired":true,"valueName":"search_term_string"}}],"inLanguage":"pt-BR"}]}},"_links":{"self":[{"href":"https:\/\/www.mpowerfinancing.com\/pt\/wp-json\/wp\/v2\/pages\/24789","targetHints":{"allow":["GET"]}}],"collection":[{"href":"https:\/\/www.mpowerfinancing.com\/pt\/wp-json\/wp\/v2\/pages"}],"about":[{"href":"https:\/\/www.mpowerfinancing.com\/pt\/wp-json\/wp\/v2\/types\/page"}],"author":[{"embeddable":true,"href":"https:\/\/www.mpowerfinancing.com\/pt\/wp-json\/wp\/v2\/users\/55"}],"replies":[{"embeddable":true,"href":"https:\/\/www.mpowerfinancing.com\/pt\/wp-json\/wp\/v2\/comments?post=24789"}],"version-history":[{"count":3,"href":"https:\/\/www.mpowerfinancing.com\/pt\/wp-json\/wp\/v2\/pages\/24789\/revisions"}],"predecessor-version":[{"id":25448,"href":"https:\/\/www.mpowerfinancing.com\/pt\/wp-json\/wp\/v2\/pages\/24789\/revisions\/25448"}],"up":[{"embeddable":true,"href":"https:\/\/www.mpowerfinancing.com\/pt\/wp-json\/wp\/v2\/pages\/479"}],"wp:featuredmedia":[{"embeddable":true,"href":"https:\/\/www.mpowerfinancing.com\/pt\/wp-json\/"}],"wp:attachment":[{"href":"https:\/\/www.mpowerfinancing.com\/pt\/wp-json\/wp\/v2\/media?parent=24789"}],"curies":[{"name":"wp","href":"https:\/\/api.w.org\/{rel}","templated":true}]}}