{"id":24686,"date":"2024-08-27T13:29:52","date_gmt":"2024-08-27T17:29:52","guid":{"rendered":"https:\/\/website-new.qa.mpowerfinancing.com\/pt\/financial-empowerment\/how-to-apply-for-scholarships"},"modified":"2025-12-26T12:10:43","modified_gmt":"2025-12-26T12:10:43","slug":"how-to-apply-for-scholarships","status":"publish","type":"page","link":"https:\/\/www.mpowerfinancing.com\/pt\/financial-empowerment\/how-to-apply-for-scholarships","title":{"rendered":"Como se candidatar a bolsas de estudo como estudante internacional"},"content":{"rendered":"","protected":false},"excerpt":{"rendered":"<p>Se voc\u00ea est\u00e1 financiando sua educa\u00e7\u00e3o para estudar no exterior nos EUA ou no Canad\u00e1, voc\u00ea precisa saber como se candidatar a bolsas de estudo. As bolsas de estudo s\u00e3o uma das ferramentas mais valiosas para estudantes internacionais, pois \u00e9 uma ajuda financeira que n\u00e3o precisa ser reembolsada.<\/p>\n<p>Este artigo explora o que voc\u00ea precisa saber, incluindo como as bolsas de estudo se relacionam com empr\u00e9stimos estudantis privados e outras formas de ajuda financeira para estudantes internacionais.<\/p>\n","protected":false},"author":73,"featured_media":20848,"parent":24033,"menu_order":0,"comment_status":"closed","ping_status":"closed","template":"","meta":{"_acf_changed":false,"footnotes":""},"class_list":["post-24686","page","type-page","status-publish","has-post-thumbnail","hentry"],"acf":{"mp_canonical_tag":"","mp_hreflang_tags":"","noindex_page":false},"yoast_head":"<!-- This site is optimized with the Yoast SEO Premium plugin v27.2 (Yoast SEO v27.2) - https:\/\/yoast.com\/product\/yoast-seo-premium-wordpress\/ -->\n<title>Como se candidatar a bolsas de estudo como estudante internacional | MPOWER Financing Portuguese<\/title>\n<meta name=\"description\" content=\"Aprenda como se candidatar a bolsas de estudo como estudante internacional com estrat\u00e9gias para o sucesso.\" \/>\n<meta name=\"robots\" content=\"index, follow, max-snippet:-1, max-image-preview:large, max-video-preview:-1\" \/>\n<link rel=\"canonical\" href=\"https:\/\/www.mpowerfinancing.com\/pt\/financial-empowerment\/how-to-apply-for-scholarships\" \/>\n<meta property=\"og:locale\" content=\"pt_BR\" \/>\n<meta property=\"og:type\" content=\"article\" \/>\n<meta property=\"og:title\" content=\"Como se candidatar a bolsas de estudo como estudante internacional | MPOWER Financing Portuguese\" \/>\n<meta property=\"og:description\" content=\"Aprenda como se candidatar a bolsas de estudo como estudante internacional com estrat\u00e9gias para o sucesso.\" \/>\n<meta property=\"og:url\" content=\"https:\/\/www.mpowerfinancing.com\/pt\/financial-empowerment\/how-to-apply-for-scholarships\" \/>\n<meta property=\"og:site_name\" content=\"MPOWER Financing Portuguese\" \/>\n<meta property=\"article:modified_time\" content=\"2025-12-26T12:10:43+00:00\" \/>\n<meta name=\"twitter:card\" content=\"summary_large_image\" \/>\n<meta name=\"twitter:label1\" content=\"Est. reading time\" \/>\n\t<meta name=\"twitter:data1\" content=\"1 minute\" \/>\n<script type=\"application\/ld+json\" class=\"yoast-schema-graph\">{\"@context\":\"https:\/\/schema.org\",\"@graph\":[{\"@type\":\"WebPage\",\"@id\":\"https:\/\/www.mpowerfinancing.com\/pt\/financial-empowerment\/how-to-apply-for-scholarships\",\"url\":\"https:\/\/www.mpowerfinancing.com\/pt\/financial-empowerment\/how-to-apply-for-scholarships\",\"name\":\"Como se candidatar a bolsas de estudo como estudante internacional | MPOWER Financing Portuguese\",\"isPartOf\":{\"@id\":\"https:\/\/www.mpowerfinancing.com\/pt\/#website\"},\"primaryImageOfPage\":{\"@id\":\"https:\/\/www.mpowerfinancing.com\/pt\/financial-empowerment\/how-to-apply-for-scholarships#primaryimage\"},\"image\":{\"@id\":\"https:\/\/www.mpowerfinancing.com\/pt\/financial-empowerment\/how-to-apply-for-scholarships#primaryimage\"},\"thumbnailUrl\":\"\",\"datePublished\":\"2024-08-27T17:29:52+00:00\",\"dateModified\":\"2025-12-26T12:10:43+00:00\",\"description\":\"Aprenda como se candidatar a bolsas de estudo como estudante internacional com estrat\u00e9gias para o sucesso.\",\"breadcrumb\":{\"@id\":\"https:\/\/www.mpowerfinancing.com\/pt\/financial-empowerment\/how-to-apply-for-scholarships#breadcrumb\"},\"inLanguage\":\"pt-BR\",\"potentialAction\":[{\"@type\":\"ReadAction\",\"target\":[\"https:\/\/www.mpowerfinancing.com\/pt\/financial-empowerment\/how-to-apply-for-scholarships\"]}]},{\"@type\":\"ImageObject\",\"inLanguage\":\"pt-BR\",\"@id\":\"https:\/\/www.mpowerfinancing.com\/pt\/financial-empowerment\/how-to-apply-for-scholarships#primaryimage\",\"url\":\"\",\"contentUrl\":\"\"},{\"@type\":\"BreadcrumbList\",\"@id\":\"https:\/\/www.mpowerfinancing.com\/pt\/financial-empowerment\/how-to-apply-for-scholarships#breadcrumb\",\"itemListElement\":[{\"@type\":\"ListItem\",\"position\":1,\"name\":\"Financial Empowerment\",\"item\":\"https:\/\/www.mpowerfinancing.com\/pt\/financial-empowerment\"},{\"@type\":\"ListItem\",\"position\":2,\"name\":\"Como se candidatar a bolsas de estudo como estudante internacional\"}]},{\"@type\":\"WebSite\",\"@id\":\"https:\/\/www.mpowerfinancing.com\/pt\/#website\",\"url\":\"https:\/\/www.mpowerfinancing.com\/pt\/\",\"name\":\"MPOWER Financing Portuguese\",\"description\":\"\",\"potentialAction\":[{\"@type\":\"SearchAction\",\"target\":{\"@type\":\"EntryPoint\",\"urlTemplate\":\"https:\/\/www.mpowerfinancing.com\/pt\/?s={search_term_string}\"},\"query-input\":{\"@type\":\"PropertyValueSpecification\",\"valueRequired\":true,\"valueName\":\"search_term_string\"}}],\"inLanguage\":\"pt-BR\"}]}<\/script>\n<!-- \/ Yoast SEO Premium plugin. -->","yoast_head_json":{"title":"Como se candidatar a bolsas de estudo como estudante internacional | MPOWER Financing Portuguese","description":"Aprenda como se candidatar a bolsas de estudo como estudante internacional com estrat\u00e9gias para o sucesso.","robots":{"index":"index","follow":"follow","max-snippet":"max-snippet:-1","max-image-preview":"max-image-preview:large","max-video-preview":"max-video-preview:-1"},"canonical":"https:\/\/www.mpowerfinancing.com\/pt\/financial-empowerment\/how-to-apply-for-scholarships","og_locale":"pt_BR","og_type":"article","og_title":"Como se candidatar a bolsas de estudo como estudante internacional | MPOWER Financing Portuguese","og_description":"Aprenda como se candidatar a bolsas de estudo como estudante internacional com estrat\u00e9gias para o sucesso.","og_url":"https:\/\/www.mpowerfinancing.com\/pt\/financial-empowerment\/how-to-apply-for-scholarships","og_site_name":"MPOWER Financing Portuguese","article_modified_time":"2025-12-26T12:10:43+00:00","twitter_card":"summary_large_image","twitter_misc":{"Est. reading time":"1 minute"},"schema":{"@context":"https:\/\/schema.org","@graph":[{"@type":"WebPage","@id":"https:\/\/www.mpowerfinancing.com\/pt\/financial-empowerment\/how-to-apply-for-scholarships","url":"https:\/\/www.mpowerfinancing.com\/pt\/financial-empowerment\/how-to-apply-for-scholarships","name":"Como se candidatar a bolsas de estudo como estudante internacional | MPOWER Financing Portuguese","isPartOf":{"@id":"https:\/\/www.mpowerfinancing.com\/pt\/#website"},"primaryImageOfPage":{"@id":"https:\/\/www.mpowerfinancing.com\/pt\/financial-empowerment\/how-to-apply-for-scholarships#primaryimage"},"image":{"@id":"https:\/\/www.mpowerfinancing.com\/pt\/financial-empowerment\/how-to-apply-for-scholarships#primaryimage"},"thumbnailUrl":"","datePublished":"2024-08-27T17:29:52+00:00","dateModified":"2025-12-26T12:10:43+00:00","description":"Aprenda como se candidatar a bolsas de estudo como estudante internacional com estrat\u00e9gias para o sucesso.","breadcrumb":{"@id":"https:\/\/www.mpowerfinancing.com\/pt\/financial-empowerment\/how-to-apply-for-scholarships#breadcrumb"},"inLanguage":"pt-BR","potentialAction":[{"@type":"ReadAction","target":["https:\/\/www.mpowerfinancing.com\/pt\/financial-empowerment\/how-to-apply-for-scholarships"]}]},{"@type":"ImageObject","inLanguage":"pt-BR","@id":"https:\/\/www.mpowerfinancing.com\/pt\/financial-empowerment\/how-to-apply-for-scholarships#primaryimage","url":"","contentUrl":""},{"@type":"BreadcrumbList","@id":"https:\/\/www.mpowerfinancing.com\/pt\/financial-empowerment\/how-to-apply-for-scholarships#breadcrumb","itemListElement":[{"@type":"ListItem","position":1,"name":"Financial Empowerment","item":"https:\/\/www.mpowerfinancing.com\/pt\/financial-empowerment"},{"@type":"ListItem","position":2,"name":"Como se candidatar a bolsas de estudo como estudante internacional"}]},{"@type":"WebSite","@id":"https:\/\/www.mpowerfinancing.com\/pt\/#website","url":"https:\/\/www.mpowerfinancing.com\/pt\/","name":"MPOWER Financing Portuguese","description":"","potentialAction":[{"@type":"SearchAction","target":{"@type":"EntryPoint","urlTemplate":"https:\/\/www.mpowerfinancing.com\/pt\/?s={search_term_string}"},"query-input":{"@type":"PropertyValueSpecification","valueRequired":true,"valueName":"search_term_string"}}],"inLanguage":"pt-BR"}]}},"_links":{"self":[{"href":"https:\/\/www.mpowerfinancing.com\/pt\/wp-json\/wp\/v2\/pages\/24686","targetHints":{"allow":["GET"]}}],"collection":[{"href":"https:\/\/www.mpowerfinancing.com\/pt\/wp-json\/wp\/v2\/pages"}],"about":[{"href":"https:\/\/www.mpowerfinancing.com\/pt\/wp-json\/wp\/v2\/types\/page"}],"author":[{"embeddable":true,"href":"https:\/\/www.mpowerfinancing.com\/pt\/wp-json\/wp\/v2\/users\/73"}],"replies":[{"embeddable":true,"href":"https:\/\/www.mpowerfinancing.com\/pt\/wp-json\/wp\/v2\/comments?post=24686"}],"version-history":[{"count":3,"href":"https:\/\/www.mpowerfinancing.com\/pt\/wp-json\/wp\/v2\/pages\/24686\/revisions"}],"predecessor-version":[{"id":25467,"href":"https:\/\/www.mpowerfinancing.com\/pt\/wp-json\/wp\/v2\/pages\/24686\/revisions\/25467"}],"up":[{"embeddable":true,"href":"https:\/\/www.mpowerfinancing.com\/pt\/wp-json\/wp\/v2\/pages\/24033"}],"wp:featuredmedia":[{"embeddable":true,"href":"https:\/\/www.mpowerfinancing.com\/pt\/wp-json\/"}],"wp:attachment":[{"href":"https:\/\/www.mpowerfinancing.com\/pt\/wp-json\/wp\/v2\/media?parent=24686"}],"curies":[{"name":"wp","href":"https:\/\/api.w.org\/{rel}","templated":true}]}}