{"id":24037,"date":"2020-02-03T09:53:32","date_gmt":"2020-02-03T14:53:32","guid":{"rendered":"https:\/\/website-new.qa.mpowerfinancing.com\/pt\/about-us\/news"},"modified":"2025-12-26T11:09:00","modified_gmt":"2025-12-26T11:09:00","slug":"news","status":"publish","type":"page","link":"https:\/\/www.mpowerfinancing.com\/pt\/about-us\/news","title":{"rendered":"Not\u00edcias"},"content":{"rendered":"","protected":false},"excerpt":{"rendered":"","protected":false},"author":2,"featured_media":10541,"parent":23928,"menu_order":0,"comment_status":"closed","ping_status":"closed","template":"template-news.php","meta":{"_acf_changed":false,"footnotes":""},"class_list":["post-24037","page","type-page","status-publish","has-post-thumbnail","hentry"],"acf":[],"yoast_head":"\nNot\u00edcias | MPOWER Financing Portuguese<\/title>\n<meta name=\"description\" content=\"Cobrimos t\u00f3picos que v\u00e3o desde finan\u00e7as pessoais at\u00e9 conselhos de carreira e divers\u00e3o inspiradora, bem como pol\u00edtica dos EUA, comunicados \u00e0 imprensa, etc.\" \/>\n<meta name=\"robots\" content=\"index, follow, max-snippet:-1, max-image-preview:large, max-video-preview:-1\" \/>\n<link rel=\"canonical\" href=\"https:\/\/www.mpowerfinancing.com\/pt\/about-us\/news\" \/>\n<meta property=\"og:locale\" content=\"pt_BR\" \/>\n<meta property=\"og:type\" content=\"article\" \/>\n<meta property=\"og:title\" content=\"Not\u00edcias | MPOWER Financing Portuguese\" \/>\n<meta property=\"og:description\" content=\"Cobrimos t\u00f3picos que v\u00e3o desde finan\u00e7as pessoais at\u00e9 conselhos de carreira e divers\u00e3o inspiradora, bem como pol\u00edtica dos EUA, comunicados \u00e0 imprensa, etc.\" \/>\n<meta property=\"og:url\" content=\"https:\/\/www.mpowerfinancing.com\/pt\/about-us\/news\" \/>\n<meta property=\"og:site_name\" content=\"MPOWER Financing Portuguese\" \/>\n<meta property=\"article:modified_time\" content=\"2025-12-26T11:09:00+00:00\" \/>\n<meta name=\"twitter:card\" content=\"summary_large_image\" \/>\n<script type=\"application\/ld+json\" class=\"yoast-schema-graph\">{\"@context\":\"https:\/\/schema.org\",\"@graph\":[{\"@type\":\"WebPage\",\"@id\":\"https:\/\/www.mpowerfinancing.com\/pt\/about-us\/news\",\"url\":\"https:\/\/www.mpowerfinancing.com\/pt\/about-us\/news\",\"name\":\"Not\u00edcias | MPOWER Financing Portuguese\",\"isPartOf\":{\"@id\":\"https:\/\/www.mpowerfinancing.com\/pt\/#website\"},\"primaryImageOfPage\":{\"@id\":\"https:\/\/www.mpowerfinancing.com\/pt\/about-us\/news#primaryimage\"},\"image\":{\"@id\":\"https:\/\/www.mpowerfinancing.com\/pt\/about-us\/news#primaryimage\"},\"thumbnailUrl\":\"\",\"datePublished\":\"2020-02-03T14:53:32+00:00\",\"dateModified\":\"2025-12-26T11:09:00+00:00\",\"description\":\"Cobrimos t\u00f3picos que v\u00e3o desde finan\u00e7as pessoais at\u00e9 conselhos de carreira e divers\u00e3o inspiradora, bem como pol\u00edtica dos EUA, comunicados \u00e0 imprensa, etc.\",\"breadcrumb\":{\"@id\":\"https:\/\/www.mpowerfinancing.com\/pt\/about-us\/news#breadcrumb\"},\"inLanguage\":\"pt-BR\",\"potentialAction\":[{\"@type\":\"ReadAction\",\"target\":[\"https:\/\/www.mpowerfinancing.com\/pt\/about-us\/news\"]}]},{\"@type\":\"ImageObject\",\"inLanguage\":\"pt-BR\",\"@id\":\"https:\/\/www.mpowerfinancing.com\/pt\/about-us\/news#primaryimage\",\"url\":\"\",\"contentUrl\":\"\"},{\"@type\":\"BreadcrumbList\",\"@id\":\"https:\/\/www.mpowerfinancing.com\/pt\/about-us\/news#breadcrumb\",\"itemListElement\":[{\"@type\":\"ListItem\",\"position\":1,\"name\":\"Sobre n\u00f3s\",\"item\":\"https:\/\/www.mpowerfinancing.com\/pt\/about-us\"},{\"@type\":\"ListItem\",\"position\":2,\"name\":\"Not\u00edcias\"}]},{\"@type\":\"WebSite\",\"@id\":\"https:\/\/www.mpowerfinancing.com\/pt\/#website\",\"url\":\"https:\/\/www.mpowerfinancing.com\/pt\/\",\"name\":\"MPOWER Financing Portuguese\",\"description\":\"\",\"potentialAction\":[{\"@type\":\"SearchAction\",\"target\":{\"@type\":\"EntryPoint\",\"urlTemplate\":\"https:\/\/www.mpowerfinancing.com\/pt\/?s={search_term_string}\"},\"query-input\":{\"@type\":\"PropertyValueSpecification\",\"valueRequired\":true,\"valueName\":\"search_term_string\"}}],\"inLanguage\":\"pt-BR\"}]}<\/script>\n<!-- \/ Yoast SEO Premium plugin. -->","yoast_head_json":{"title":"Not\u00edcias | MPOWER Financing Portuguese","description":"Cobrimos t\u00f3picos que v\u00e3o desde finan\u00e7as pessoais at\u00e9 conselhos de carreira e divers\u00e3o inspiradora, bem como pol\u00edtica dos EUA, comunicados \u00e0 imprensa, etc.","robots":{"index":"index","follow":"follow","max-snippet":"max-snippet:-1","max-image-preview":"max-image-preview:large","max-video-preview":"max-video-preview:-1"},"canonical":"https:\/\/www.mpowerfinancing.com\/pt\/about-us\/news","og_locale":"pt_BR","og_type":"article","og_title":"Not\u00edcias | MPOWER Financing Portuguese","og_description":"Cobrimos t\u00f3picos que v\u00e3o desde finan\u00e7as pessoais at\u00e9 conselhos de carreira e divers\u00e3o inspiradora, bem como pol\u00edtica dos EUA, comunicados \u00e0 imprensa, etc.","og_url":"https:\/\/www.mpowerfinancing.com\/pt\/about-us\/news","og_site_name":"MPOWER Financing Portuguese","article_modified_time":"2025-12-26T11:09:00+00:00","twitter_card":"summary_large_image","schema":{"@context":"https:\/\/schema.org","@graph":[{"@type":"WebPage","@id":"https:\/\/www.mpowerfinancing.com\/pt\/about-us\/news","url":"https:\/\/www.mpowerfinancing.com\/pt\/about-us\/news","name":"Not\u00edcias | MPOWER Financing Portuguese","isPartOf":{"@id":"https:\/\/www.mpowerfinancing.com\/pt\/#website"},"primaryImageOfPage":{"@id":"https:\/\/www.mpowerfinancing.com\/pt\/about-us\/news#primaryimage"},"image":{"@id":"https:\/\/www.mpowerfinancing.com\/pt\/about-us\/news#primaryimage"},"thumbnailUrl":"","datePublished":"2020-02-03T14:53:32+00:00","dateModified":"2025-12-26T11:09:00+00:00","description":"Cobrimos t\u00f3picos que v\u00e3o desde finan\u00e7as pessoais at\u00e9 conselhos de carreira e divers\u00e3o inspiradora, bem como pol\u00edtica dos EUA, comunicados \u00e0 imprensa, etc.","breadcrumb":{"@id":"https:\/\/www.mpowerfinancing.com\/pt\/about-us\/news#breadcrumb"},"inLanguage":"pt-BR","potentialAction":[{"@type":"ReadAction","target":["https:\/\/www.mpowerfinancing.com\/pt\/about-us\/news"]}]},{"@type":"ImageObject","inLanguage":"pt-BR","@id":"https:\/\/www.mpowerfinancing.com\/pt\/about-us\/news#primaryimage","url":"","contentUrl":""},{"@type":"BreadcrumbList","@id":"https:\/\/www.mpowerfinancing.com\/pt\/about-us\/news#breadcrumb","itemListElement":[{"@type":"ListItem","position":1,"name":"Sobre n\u00f3s","item":"https:\/\/www.mpowerfinancing.com\/pt\/about-us"},{"@type":"ListItem","position":2,"name":"Not\u00edcias"}]},{"@type":"WebSite","@id":"https:\/\/www.mpowerfinancing.com\/pt\/#website","url":"https:\/\/www.mpowerfinancing.com\/pt\/","name":"MPOWER Financing Portuguese","description":"","potentialAction":[{"@type":"SearchAction","target":{"@type":"EntryPoint","urlTemplate":"https:\/\/www.mpowerfinancing.com\/pt\/?s={search_term_string}"},"query-input":{"@type":"PropertyValueSpecification","valueRequired":true,"valueName":"search_term_string"}}],"inLanguage":"pt-BR"}]}},"_links":{"self":[{"href":"https:\/\/www.mpowerfinancing.com\/pt\/wp-json\/wp\/v2\/pages\/24037","targetHints":{"allow":["GET"]}}],"collection":[{"href":"https:\/\/www.mpowerfinancing.com\/pt\/wp-json\/wp\/v2\/pages"}],"about":[{"href":"https:\/\/www.mpowerfinancing.com\/pt\/wp-json\/wp\/v2\/types\/page"}],"author":[{"embeddable":true,"href":"https:\/\/www.mpowerfinancing.com\/pt\/wp-json\/wp\/v2\/users\/2"}],"replies":[{"embeddable":true,"href":"https:\/\/www.mpowerfinancing.com\/pt\/wp-json\/wp\/v2\/comments?post=24037"}],"version-history":[{"count":3,"href":"https:\/\/www.mpowerfinancing.com\/pt\/wp-json\/wp\/v2\/pages\/24037\/revisions"}],"predecessor-version":[{"id":25416,"href":"https:\/\/www.mpowerfinancing.com\/pt\/wp-json\/wp\/v2\/pages\/24037\/revisions\/25416"}],"up":[{"embeddable":true,"href":"https:\/\/www.mpowerfinancing.com\/pt\/wp-json\/wp\/v2\/pages\/23928"}],"wp:featuredmedia":[{"embeddable":true,"href":"https:\/\/www.mpowerfinancing.com\/pt\/wp-json\/"}],"wp:attachment":[{"href":"https:\/\/www.mpowerfinancing.com\/pt\/wp-json\/wp\/v2\/media?parent=24037"}],"curies":[{"name":"wp","href":"https:\/\/api.w.org\/{rel}","templated":true}]}}