{"id":27926,"date":"2026-04-02T07:41:51","date_gmt":"2026-04-02T07:41:51","guid":{"rendered":"https:\/\/website-new.uat.mpowerfinancing.com\/es\/?page_id=27902"},"modified":"2026-04-02T09:37:10","modified_gmt":"2026-04-02T09:37:10","slug":"inicio","status":"publish","type":"page","link":"https:\/\/www.mpowerfinancing.com\/es\/","title":{"rendered":"Inicio"},"content":{"rendered":"","protected":false},"excerpt":{"rendered":"","protected":false},"author":86,"featured_media":0,"parent":0,"menu_order":0,"comment_status":"closed","ping_status":"open","template":"","meta":{"_acf_changed":false,"footnotes":""},"class_list":["post-27926","page","type-page","status-publish","hentry"],"acf":{"mp_canonical_tag":"","mp_hreflang_tags":"","noindex_page":false},"yoast_head":"\nMPOWER Financing | Pr\u00e9stamos estudiantiles internacionales para Estados Unidos y Canad\u00e1<\/title>\n<meta name=\"description\" content=\"\u00bfBuscas pr\u00e9stamos estudiantiles internacionales? MPOWER Financing ofrece pr\u00e9stamos r\u00e1pidos, sin garant\u00eda, sin Fiador, adaptados para estudiantes globales en Estados Unidos y Canad\u00e1.\" \/>\n<meta name=\"robots\" content=\"index, follow, max-snippet:-1, max-image-preview:large, max-video-preview:-1\" \/>\n<link rel=\"canonical\" href=\"https:\/\/www.mpowerfinancing.com\/es\/\" \/>\n<meta property=\"og:locale\" content=\"es_LA\" \/>\n<meta property=\"og:type\" content=\"article\" \/>\n<meta property=\"og:title\" content=\"Inicio\" \/>\n<meta property=\"og:url\" content=\"https:\/\/www.mpowerfinancing.com\/es\/\" \/>\n<meta property=\"og:site_name\" content=\"Sitio web en espa\u00f1ol de MPOWER Financing\" \/>\n<meta property=\"article:modified_time\" content=\"2026-04-02T09:37:10+00:00\" \/>\n<meta name=\"twitter:card\" content=\"summary_large_image\" \/>\n<!-- \/ Yoast SEO Premium plugin. -->","yoast_head_json":{"title":"MPOWER Financing | Pr\u00e9stamos estudiantiles internacionales para Estados Unidos y Canad\u00e1","description":"\u00bfBuscas pr\u00e9stamos estudiantiles internacionales? MPOWER Financing ofrece pr\u00e9stamos r\u00e1pidos, sin garant\u00eda, sin Fiador, adaptados para estudiantes globales en Estados Unidos y Canad\u00e1.","robots":{"index":"index","follow":"follow","max-snippet":"max-snippet:-1","max-image-preview":"max-image-preview:large","max-video-preview":"max-video-preview:-1"},"canonical":"https:\/\/www.mpowerfinancing.com\/es\/","og_locale":"es_LA","og_type":"article","og_title":"Inicio","og_url":"https:\/\/www.mpowerfinancing.com\/es\/","og_site_name":"Sitio web en espa\u00f1ol de MPOWER Financing","article_modified_time":"2026-04-02T09:37:10+00:00","twitter_card":"summary_large_image","schema":{"@context":"https:\/\/schema.org","@graph":[{"@type":"WebPage","@id":"https:\/\/www.mpowerfinancing.com\/es\/","url":"https:\/\/www.mpowerfinancing.com\/es\/","name":"MPOWER Financing | Pr\u00e9stamos estudiantiles internacionales para Estados Unidos y Canad\u00e1","isPartOf":{"@id":"https:\/\/www.mpowerfinancing.com\/es\/#website"},"datePublished":"2026-04-02T07:41:51+00:00","dateModified":"2026-04-02T09:37:10+00:00","description":"\u00bfBuscas pr\u00e9stamos estudiantiles internacionales? MPOWER Financing ofrece pr\u00e9stamos r\u00e1pidos, sin garant\u00eda, sin Fiador, adaptados para estudiantes globales en Estados Unidos y Canad\u00e1.","breadcrumb":{"@id":"https:\/\/www.mpowerfinancing.com\/es\/#breadcrumb"},"inLanguage":"es","potentialAction":[{"@type":"ReadAction","target":["https:\/\/www.mpowerfinancing.com\/es\/"]}]},{"@type":"BreadcrumbList","@id":"https:\/\/www.mpowerfinancing.com\/es\/#breadcrumb","itemListElement":[{"@type":"ListItem","position":1,"name":"Home","item":"https:\/\/www.mpowerfinancing.com\/es\/"},{"@type":"ListItem","position":2,"name":"Inicio"}]},{"@type":"WebSite","@id":"https:\/\/www.mpowerfinancing.com\/es\/#website","url":"https:\/\/www.mpowerfinancing.com\/es\/","name":"Sitio web en espa\u00f1ol de MPOWER Financing","description":"","potentialAction":[{"@type":"SearchAction","target":{"@type":"EntryPoint","urlTemplate":"https:\/\/www.mpowerfinancing.com\/es\/?s={search_term_string}"},"query-input":{"@type":"PropertyValueSpecification","valueRequired":true,"valueName":"search_term_string"}}],"inLanguage":"es"}]}},"_links":{"self":[{"href":"https:\/\/www.mpowerfinancing.com\/es\/wp-json\/wp\/v2\/pages\/27926","targetHints":{"allow":["GET"]}}],"collection":[{"href":"https:\/\/www.mpowerfinancing.com\/es\/wp-json\/wp\/v2\/pages"}],"about":[{"href":"https:\/\/www.mpowerfinancing.com\/es\/wp-json\/wp\/v2\/types\/page"}],"author":[{"embeddable":true,"href":"https:\/\/www.mpowerfinancing.com\/es\/wp-json\/wp\/v2\/users\/86"}],"replies":[{"embeddable":true,"href":"https:\/\/www.mpowerfinancing.com\/es\/wp-json\/wp\/v2\/comments?post=27926"}],"version-history":[{"count":4,"href":"https:\/\/www.mpowerfinancing.com\/es\/wp-json\/wp\/v2\/pages\/27926\/revisions"}],"predecessor-version":[{"id":27935,"href":"https:\/\/www.mpowerfinancing.com\/es\/wp-json\/wp\/v2\/pages\/27926\/revisions\/27935"}],"wp:attachment":[{"href":"https:\/\/www.mpowerfinancing.com\/es\/wp-json\/wp\/v2\/media?parent=27926"}],"curies":[{"name":"wp","href":"https:\/\/api.w.org\/{rel}","templated":true}]}}