{"id":25545,"date":"2025-04-25T07:24:59","date_gmt":"2025-04-25T11:24:59","guid":{"rendered":"https:\/\/website-new.qa.mpowerfinancing.com\/es\/get-a-loan\/schools-we-support\/johns-hopkins-university\/"},"modified":"2025-08-23T22:44:03","modified_gmt":"2025-08-23T22:44:03","slug":"johns-hopkins-university","status":"publish","type":"page","link":"https:\/\/www.mpowerfinancing.com\/es\/get-a-loan\/schools-we-support\/johns-hopkins-university\/","title":{"rendered":"Universidad Johns Hopkins"},"content":{"rendered":"","protected":false},"excerpt":{"rendered":"","protected":false},"author":55,"featured_media":0,"parent":10361,"menu_order":0,"comment_status":"closed","ping_status":"closed","template":"template-school.php","meta":{"_acf_changed":false,"footnotes":""},"class_list":["post-25545","page","type-page","status-publish","hentry"],"acf":[],"yoast_head":"<!-- This site is optimized with the Yoast SEO Premium plugin v27.2 (Yoast SEO v27.2) - https:\/\/yoast.com\/product\/yoast-seo-premium-wordpress\/ -->\n<title>Aprende m\u00e1s sobre Universidad Johns Hopkins | Sitio web en espa\u00f1ol de MPOWER Financing<\/title>\n<meta name=\"description\" content=\"Aprende m\u00e1s sobre una de las escuelas elegibles de MPOWER para financiamiento de pr\u00e9stamos para estudiantes internacionales.\" \/>\n<meta name=\"robots\" content=\"index, follow, max-snippet:-1, max-image-preview:large, max-video-preview:-1\" \/>\n<link rel=\"canonical\" href=\"https:\/\/www.mpowerfinancing.com\/es\/get-a-loan\/schools-we-support\/johns-hopkins-university\/\" \/>\n<meta property=\"og:locale\" content=\"es_LA\" \/>\n<meta property=\"og:type\" content=\"article\" \/>\n<meta property=\"og:title\" content=\"Universidad Johns Hopkins\" \/>\n<meta property=\"og:url\" content=\"https:\/\/www.mpowerfinancing.com\/es\/get-a-loan\/schools-we-support\/johns-hopkins-university\/\" \/>\n<meta property=\"og:site_name\" content=\"Sitio web en espa\u00f1ol de MPOWER Financing\" \/>\n<meta property=\"article:modified_time\" content=\"2025-08-23T22:44:03+00:00\" \/>\n<meta name=\"twitter:card\" content=\"summary_large_image\" \/>\n<!-- \/ Yoast SEO Premium plugin. -->","yoast_head_json":{"title":"Aprende m\u00e1s sobre Universidad Johns Hopkins | Sitio web en espa\u00f1ol de MPOWER Financing","description":"Aprende m\u00e1s sobre una de las escuelas elegibles de MPOWER para financiamiento de pr\u00e9stamos para estudiantes internacionales.","robots":{"index":"index","follow":"follow","max-snippet":"max-snippet:-1","max-image-preview":"max-image-preview:large","max-video-preview":"max-video-preview:-1"},"canonical":"https:\/\/www.mpowerfinancing.com\/es\/get-a-loan\/schools-we-support\/johns-hopkins-university\/","og_locale":"es_LA","og_type":"article","og_title":"Universidad Johns Hopkins","og_url":"https:\/\/www.mpowerfinancing.com\/es\/get-a-loan\/schools-we-support\/johns-hopkins-university\/","og_site_name":"Sitio web en espa\u00f1ol de MPOWER Financing","article_modified_time":"2025-08-23T22:44:03+00:00","twitter_card":"summary_large_image","schema":{"@context":"https:\/\/schema.org","@graph":[{"@type":"WebPage","@id":"https:\/\/www.mpowerfinancing.com\/es\/get-a-loan\/schools-we-support\/johns-hopkins-university\/","url":"https:\/\/www.mpowerfinancing.com\/es\/get-a-loan\/schools-we-support\/johns-hopkins-university\/","name":"Aprende m\u00e1s sobre Universidad Johns Hopkins | Sitio web en espa\u00f1ol de MPOWER Financing","isPartOf":{"@id":"https:\/\/www.mpowerfinancing.com\/es\/#website"},"datePublished":"2025-04-25T11:24:59+00:00","dateModified":"2025-08-23T22:44:03+00:00","description":"Aprende m\u00e1s sobre una de las escuelas elegibles de MPOWER para financiamiento de pr\u00e9stamos para estudiantes internacionales.","breadcrumb":{"@id":"https:\/\/www.mpowerfinancing.com\/es\/get-a-loan\/schools-we-support\/johns-hopkins-university\/#breadcrumb"},"inLanguage":"es","potentialAction":[{"@type":"ReadAction","target":["https:\/\/www.mpowerfinancing.com\/es\/get-a-loan\/schools-we-support\/johns-hopkins-university\/"]}]},{"@type":"BreadcrumbList","@id":"https:\/\/www.mpowerfinancing.com\/es\/get-a-loan\/schools-we-support\/johns-hopkins-university\/#breadcrumb","itemListElement":[{"@type":"ListItem","position":1,"name":"Home","item":"https:\/\/www.mpowerfinancing.com\/es\/"},{"@type":"ListItem","position":2,"name":"Obt\u00e9n un pr\u00e9stamo","item":"https:\/\/www.mpowerfinancing.com\/es\/get-a-loan\/"},{"@type":"ListItem","position":3,"name":"Escuelas que apoyamos","item":"https:\/\/www.mpowerfinancing.com\/es\/get-a-loan\/schools-we-support\/"},{"@type":"ListItem","position":4,"name":"Universidad Johns Hopkins"}]},{"@type":"WebSite","@id":"https:\/\/www.mpowerfinancing.com\/es\/#website","url":"https:\/\/www.mpowerfinancing.com\/es\/","name":"Sitio web en espa\u00f1ol de MPOWER Financing","description":"","potentialAction":[{"@type":"SearchAction","target":{"@type":"EntryPoint","urlTemplate":"https:\/\/www.mpowerfinancing.com\/es\/?s={search_term_string}"},"query-input":{"@type":"PropertyValueSpecification","valueRequired":true,"valueName":"search_term_string"}}],"inLanguage":"es"}]}},"_links":{"self":[{"href":"https:\/\/www.mpowerfinancing.com\/es\/wp-json\/wp\/v2\/pages\/25545","targetHints":{"allow":["GET"]}}],"collection":[{"href":"https:\/\/www.mpowerfinancing.com\/es\/wp-json\/wp\/v2\/pages"}],"about":[{"href":"https:\/\/www.mpowerfinancing.com\/es\/wp-json\/wp\/v2\/types\/page"}],"author":[{"embeddable":true,"href":"https:\/\/www.mpowerfinancing.com\/es\/wp-json\/wp\/v2\/users\/55"}],"replies":[{"embeddable":true,"href":"https:\/\/www.mpowerfinancing.com\/es\/wp-json\/wp\/v2\/comments?post=25545"}],"version-history":[{"count":1,"href":"https:\/\/www.mpowerfinancing.com\/es\/wp-json\/wp\/v2\/pages\/25545\/revisions"}],"predecessor-version":[{"id":25546,"href":"https:\/\/www.mpowerfinancing.com\/es\/wp-json\/wp\/v2\/pages\/25545\/revisions\/25546"}],"up":[{"embeddable":true,"href":"https:\/\/www.mpowerfinancing.com\/es\/wp-json\/wp\/v2\/pages\/10361"}],"wp:attachment":[{"href":"https:\/\/www.mpowerfinancing.com\/es\/wp-json\/wp\/v2\/media?parent=25545"}],"curies":[{"name":"wp","href":"https:\/\/api.w.org\/{rel}","templated":true}]}}