{"id":24268,"date":"2025-07-16T08:53:37","date_gmt":"2025-07-16T12:53:37","guid":{"rendered":"https:\/\/website-new.qa.mpowerfinancing.com\/es\/financial-empowerment\/international-student-loans-in-usa\/"},"modified":"2025-09-23T05:34:24","modified_gmt":"2025-09-23T05:34:24","slug":"international-student-loans-in-usa","status":"publish","type":"page","link":"https:\/\/www.mpowerfinancing.com\/es\/financial-empowerment\/international-student-loans-in-usa\/","title":{"rendered":"Pr\u00e9stamos Estudiantiles Internacionales en Estados Unidos"},"content":{"rendered":"","protected":false},"excerpt":{"rendered":"<p>Explora c\u00f3mo funcionan los pr\u00e9stamos estudiantiles internacionales en Estados Unidos: qu\u00e9 considerar, c\u00f3mo aplicar y c\u00f3mo encontrar opciones flexibles.<\/p>\n","protected":false},"author":24,"featured_media":34022,"parent":10352,"menu_order":0,"comment_status":"closed","ping_status":"closed","template":"","meta":{"_acf_changed":false,"footnotes":""},"class_list":["post-24268","page","type-page","status-publish","has-post-thumbnail","hentry"],"acf":{"mp_canonical_tag":"","mp_hreflang_tags":"","noindex_page":false},"yoast_head":"<!-- This site is optimized with the Yoast SEO Premium plugin v27.2 (Yoast SEO v27.2) - https:\/\/yoast.com\/product\/yoast-seo-premium-wordpress\/ -->\n<title>Pr\u00e9stamos Estudiantiles Internacionales en Estados Unidos | Sitio web en espa\u00f1ol de MPOWER Financing<\/title>\n<meta name=\"description\" content=\"Explora c\u00f3mo funcionan los pr\u00e9stamos estudiantiles internacionales en Estados Unidos: qu\u00e9 considerar, c\u00f3mo aplicar y c\u00f3mo encontrar opciones flexibles.\" \/>\n<meta name=\"robots\" content=\"index, follow, max-snippet:-1, max-image-preview:large, max-video-preview:-1\" \/>\n<link rel=\"canonical\" href=\"https:\/\/www.mpowerfinancing.com\/es\/financial-empowerment\/international-student-loans-in-usa\/\" \/>\n<meta property=\"og:locale\" content=\"es_LA\" \/>\n<meta property=\"og:type\" content=\"article\" \/>\n<meta property=\"og:title\" content=\"Pr\u00e9stamos Estudiantiles Internacionales en Estados Unidos\" \/>\n<meta property=\"og:description\" content=\"Explora c\u00f3mo funcionan los pr\u00e9stamos estudiantiles internacionales en Estados Unidos: qu\u00e9 considerar, c\u00f3mo aplicar y c\u00f3mo encontrar opciones flexibles.\" \/>\n<meta property=\"og:url\" content=\"https:\/\/www.mpowerfinancing.com\/es\/financial-empowerment\/international-student-loans-in-usa\/\" \/>\n<meta property=\"og:site_name\" content=\"Sitio web en espa\u00f1ol de MPOWER Financing\" \/>\n<meta property=\"article:modified_time\" content=\"2025-09-23T05:34:24+00:00\" \/>\n<meta name=\"twitter:card\" content=\"summary_large_image\" \/>\n<!-- \/ Yoast SEO Premium plugin. -->","yoast_head_json":{"title":"Pr\u00e9stamos Estudiantiles Internacionales en Estados Unidos | Sitio web en espa\u00f1ol de MPOWER Financing","description":"Explora c\u00f3mo funcionan los pr\u00e9stamos estudiantiles internacionales en Estados Unidos: qu\u00e9 considerar, c\u00f3mo aplicar y c\u00f3mo encontrar opciones flexibles.","robots":{"index":"index","follow":"follow","max-snippet":"max-snippet:-1","max-image-preview":"max-image-preview:large","max-video-preview":"max-video-preview:-1"},"canonical":"https:\/\/www.mpowerfinancing.com\/es\/financial-empowerment\/international-student-loans-in-usa\/","og_locale":"es_LA","og_type":"article","og_title":"Pr\u00e9stamos Estudiantiles Internacionales en Estados Unidos","og_description":"Explora c\u00f3mo funcionan los pr\u00e9stamos estudiantiles internacionales en Estados Unidos: qu\u00e9 considerar, c\u00f3mo aplicar y c\u00f3mo encontrar opciones flexibles.","og_url":"https:\/\/www.mpowerfinancing.com\/es\/financial-empowerment\/international-student-loans-in-usa\/","og_site_name":"Sitio web en espa\u00f1ol de MPOWER Financing","article_modified_time":"2025-09-23T05:34:24+00:00","twitter_card":"summary_large_image","schema":{"@context":"https:\/\/schema.org","@graph":[{"@type":"WebPage","@id":"https:\/\/www.mpowerfinancing.com\/es\/financial-empowerment\/international-student-loans-in-usa\/","url":"https:\/\/www.mpowerfinancing.com\/es\/financial-empowerment\/international-student-loans-in-usa\/","name":"Pr\u00e9stamos Estudiantiles Internacionales en Estados Unidos | Sitio web en espa\u00f1ol de MPOWER Financing","isPartOf":{"@id":"https:\/\/www.mpowerfinancing.com\/es\/#website"},"primaryImageOfPage":{"@id":"https:\/\/www.mpowerfinancing.com\/es\/financial-empowerment\/international-student-loans-in-usa\/#primaryimage"},"image":{"@id":"https:\/\/www.mpowerfinancing.com\/es\/financial-empowerment\/international-student-loans-in-usa\/#primaryimage"},"thumbnailUrl":"","datePublished":"2025-07-16T12:53:37+00:00","dateModified":"2025-09-23T05:34:24+00:00","description":"Explora c\u00f3mo funcionan los pr\u00e9stamos estudiantiles internacionales en Estados Unidos: qu\u00e9 considerar, c\u00f3mo aplicar y c\u00f3mo encontrar opciones flexibles.","breadcrumb":{"@id":"https:\/\/www.mpowerfinancing.com\/es\/financial-empowerment\/international-student-loans-in-usa\/#breadcrumb"},"inLanguage":"es","potentialAction":[{"@type":"ReadAction","target":["https:\/\/www.mpowerfinancing.com\/es\/financial-empowerment\/international-student-loans-in-usa\/"]}]},{"@type":"ImageObject","inLanguage":"es","@id":"https:\/\/www.mpowerfinancing.com\/es\/financial-empowerment\/international-student-loans-in-usa\/#primaryimage","url":"","contentUrl":""},{"@type":"BreadcrumbList","@id":"https:\/\/www.mpowerfinancing.com\/es\/financial-empowerment\/international-student-loans-in-usa\/#breadcrumb","itemListElement":[{"@type":"ListItem","position":1,"name":"Home","item":"https:\/\/www.mpowerfinancing.com\/es\/"},{"@type":"ListItem","position":2,"name":"Empoderamiento Financiero","item":"https:\/\/www.mpowerfinancing.com\/es\/financial-empowerment\/"},{"@type":"ListItem","position":3,"name":"Pr\u00e9stamos Estudiantiles Internacionales en Estados Unidos"}]},{"@type":"WebSite","@id":"https:\/\/www.mpowerfinancing.com\/es\/#website","url":"https:\/\/www.mpowerfinancing.com\/es\/","name":"Sitio web en espa\u00f1ol de MPOWER Financing","description":"","potentialAction":[{"@type":"SearchAction","target":{"@type":"EntryPoint","urlTemplate":"https:\/\/www.mpowerfinancing.com\/es\/?s={search_term_string}"},"query-input":{"@type":"PropertyValueSpecification","valueRequired":true,"valueName":"search_term_string"}}],"inLanguage":"es"}]}},"_links":{"self":[{"href":"https:\/\/www.mpowerfinancing.com\/es\/wp-json\/wp\/v2\/pages\/24268","targetHints":{"allow":["GET"]}}],"collection":[{"href":"https:\/\/www.mpowerfinancing.com\/es\/wp-json\/wp\/v2\/pages"}],"about":[{"href":"https:\/\/www.mpowerfinancing.com\/es\/wp-json\/wp\/v2\/types\/page"}],"author":[{"embeddable":true,"href":"https:\/\/www.mpowerfinancing.com\/es\/wp-json\/wp\/v2\/users\/24"}],"replies":[{"embeddable":true,"href":"https:\/\/www.mpowerfinancing.com\/es\/wp-json\/wp\/v2\/comments?post=24268"}],"version-history":[{"count":3,"href":"https:\/\/www.mpowerfinancing.com\/es\/wp-json\/wp\/v2\/pages\/24268\/revisions"}],"predecessor-version":[{"id":26862,"href":"https:\/\/www.mpowerfinancing.com\/es\/wp-json\/wp\/v2\/pages\/24268\/revisions\/26862"}],"up":[{"embeddable":true,"href":"https:\/\/www.mpowerfinancing.com\/es\/wp-json\/wp\/v2\/pages\/10352"}],"wp:featuredmedia":[{"embeddable":true,"href":"https:\/\/www.mpowerfinancing.com\/es\/wp-json\/"}],"wp:attachment":[{"href":"https:\/\/www.mpowerfinancing.com\/es\/wp-json\/wp\/v2\/media?parent=24268"}],"curies":[{"name":"wp","href":"https:\/\/api.w.org\/{rel}","templated":true}]}}