{"id":24232,"date":"2025-06-10T11:37:35","date_gmt":"2025-06-10T15:37:35","guid":{"rendered":"https:\/\/website-new.qa.mpowerfinancing.com\/es\/financial-empowerment\/universities-that-offer-full-scholarships-to-international-students-in-the-u-s\/"},"modified":"2025-09-23T04:12:12","modified_gmt":"2025-09-23T04:12:12","slug":"universities-that-offer-full-scholarships-to-international-students-in-the-u-s","status":"publish","type":"page","link":"https:\/\/www.mpowerfinancing.com\/es\/financial-empowerment\/universities-that-offer-full-scholarships-to-international-students-in-the-u-s\/","title":{"rendered":"Universidades que ofrecen becas completas a estudiantes internacionales en Estados Unidos"},"content":{"rendered":"","protected":false},"excerpt":{"rendered":"<p>Descubre las principales universidades de Estados Unidos que ofrecen becas completas a estudiantes internacionales. Aprende qu\u00e9 est\u00e1 cubierto, qui\u00e9n califica y c\u00f3mo financiar cualquier costo restante.<\/p>\n","protected":false},"author":24,"featured_media":32431,"parent":10352,"menu_order":0,"comment_status":"closed","ping_status":"closed","template":"","meta":{"_acf_changed":false,"footnotes":""},"class_list":["post-24232","page","type-page","status-publish","has-post-thumbnail","hentry"],"acf":{"mp_canonical_tag":"","mp_hreflang_tags":"","noindex_page":false},"yoast_head":"<!-- This site is optimized with the Yoast SEO Premium plugin v27.2 (Yoast SEO v27.2) - https:\/\/yoast.com\/product\/yoast-seo-premium-wordpress\/ -->\n<title>Universidades que ofrecen becas completas a estudiantes internacionales en Estados Unidos | Sitio web en espa\u00f1ol de MPOWER Financing<\/title>\n<meta name=\"description\" content=\"Descubre las principales universidades de Estados Unidos que ofrecen becas completas a estudiantes internacionales. Aprende qu\u00e9 est\u00e1 cubierto, qui\u00e9n califica y c\u00f3mo financiar cualquier costo restante.\" \/>\n<meta name=\"robots\" content=\"index, follow, max-snippet:-1, max-image-preview:large, max-video-preview:-1\" \/>\n<link rel=\"canonical\" href=\"https:\/\/www.mpowerfinancing.com\/es\/financial-empowerment\/universities-that-offer-full-scholarships-to-international-students-in-the-u-s\/\" \/>\n<meta property=\"og:locale\" content=\"es_LA\" \/>\n<meta property=\"og:type\" content=\"article\" \/>\n<meta property=\"og:title\" content=\"Universidades que ofrecen becas completas a estudiantes internacionales en Estados Unidos\" \/>\n<meta property=\"og:description\" content=\"Descubre las principales universidades de Estados Unidos que ofrecen becas completas a estudiantes internacionales. Aprende qu\u00e9 est\u00e1 cubierto, qui\u00e9n califica y c\u00f3mo financiar cualquier costo restante.\" \/>\n<meta property=\"og:url\" content=\"https:\/\/www.mpowerfinancing.com\/es\/financial-empowerment\/universities-that-offer-full-scholarships-to-international-students-in-the-u-s\/\" \/>\n<meta property=\"og:site_name\" content=\"Sitio web en espa\u00f1ol de MPOWER Financing\" \/>\n<meta property=\"article:modified_time\" content=\"2025-09-23T04:12:12+00:00\" \/>\n<meta name=\"twitter:card\" content=\"summary_large_image\" \/>\n<meta name=\"twitter:label1\" content=\"Est. reading time\" \/>\n\t<meta name=\"twitter:data1\" content=\"1 minute\" \/>\n<!-- \/ Yoast SEO Premium plugin. -->","yoast_head_json":{"title":"Universidades que ofrecen becas completas a estudiantes internacionales en Estados Unidos | Sitio web en espa\u00f1ol de MPOWER Financing","description":"Descubre las principales universidades de Estados Unidos que ofrecen becas completas a estudiantes internacionales. Aprende qu\u00e9 est\u00e1 cubierto, qui\u00e9n califica y c\u00f3mo financiar cualquier costo restante.","robots":{"index":"index","follow":"follow","max-snippet":"max-snippet:-1","max-image-preview":"max-image-preview:large","max-video-preview":"max-video-preview:-1"},"canonical":"https:\/\/www.mpowerfinancing.com\/es\/financial-empowerment\/universities-that-offer-full-scholarships-to-international-students-in-the-u-s\/","og_locale":"es_LA","og_type":"article","og_title":"Universidades que ofrecen becas completas a estudiantes internacionales en Estados Unidos","og_description":"Descubre las principales universidades de Estados Unidos que ofrecen becas completas a estudiantes internacionales. Aprende qu\u00e9 est\u00e1 cubierto, qui\u00e9n califica y c\u00f3mo financiar cualquier costo restante.","og_url":"https:\/\/www.mpowerfinancing.com\/es\/financial-empowerment\/universities-that-offer-full-scholarships-to-international-students-in-the-u-s\/","og_site_name":"Sitio web en espa\u00f1ol de MPOWER Financing","article_modified_time":"2025-09-23T04:12:12+00:00","twitter_card":"summary_large_image","twitter_misc":{"Est. reading time":"1 minute"},"schema":{"@context":"https:\/\/schema.org","@graph":[{"@type":"WebPage","@id":"https:\/\/www.mpowerfinancing.com\/es\/financial-empowerment\/universities-that-offer-full-scholarships-to-international-students-in-the-u-s\/","url":"https:\/\/www.mpowerfinancing.com\/es\/financial-empowerment\/universities-that-offer-full-scholarships-to-international-students-in-the-u-s\/","name":"Universidades que ofrecen becas completas a estudiantes internacionales en Estados Unidos | Sitio web en espa\u00f1ol de MPOWER Financing","isPartOf":{"@id":"https:\/\/www.mpowerfinancing.com\/es\/#website"},"primaryImageOfPage":{"@id":"https:\/\/www.mpowerfinancing.com\/es\/financial-empowerment\/universities-that-offer-full-scholarships-to-international-students-in-the-u-s\/#primaryimage"},"image":{"@id":"https:\/\/www.mpowerfinancing.com\/es\/financial-empowerment\/universities-that-offer-full-scholarships-to-international-students-in-the-u-s\/#primaryimage"},"thumbnailUrl":"","datePublished":"2025-06-10T15:37:35+00:00","dateModified":"2025-09-23T04:12:12+00:00","description":"Descubre las principales universidades de Estados Unidos que ofrecen becas completas a estudiantes internacionales. Aprende qu\u00e9 est\u00e1 cubierto, qui\u00e9n califica y c\u00f3mo financiar cualquier costo restante.","breadcrumb":{"@id":"https:\/\/www.mpowerfinancing.com\/es\/financial-empowerment\/universities-that-offer-full-scholarships-to-international-students-in-the-u-s\/#breadcrumb"},"inLanguage":"es","potentialAction":[{"@type":"ReadAction","target":["https:\/\/www.mpowerfinancing.com\/es\/financial-empowerment\/universities-that-offer-full-scholarships-to-international-students-in-the-u-s\/"]}]},{"@type":"ImageObject","inLanguage":"es","@id":"https:\/\/www.mpowerfinancing.com\/es\/financial-empowerment\/universities-that-offer-full-scholarships-to-international-students-in-the-u-s\/#primaryimage","url":"","contentUrl":""},{"@type":"BreadcrumbList","@id":"https:\/\/www.mpowerfinancing.com\/es\/financial-empowerment\/universities-that-offer-full-scholarships-to-international-students-in-the-u-s\/#breadcrumb","itemListElement":[{"@type":"ListItem","position":1,"name":"Home","item":"https:\/\/www.mpowerfinancing.com\/es\/"},{"@type":"ListItem","position":2,"name":"Empoderamiento Financiero","item":"https:\/\/www.mpowerfinancing.com\/es\/financial-empowerment\/"},{"@type":"ListItem","position":3,"name":"Universidades que ofrecen becas completas a estudiantes internacionales en Estados Unidos"}]},{"@type":"WebSite","@id":"https:\/\/www.mpowerfinancing.com\/es\/#website","url":"https:\/\/www.mpowerfinancing.com\/es\/","name":"Sitio web en espa\u00f1ol de MPOWER Financing","description":"","potentialAction":[{"@type":"SearchAction","target":{"@type":"EntryPoint","urlTemplate":"https:\/\/www.mpowerfinancing.com\/es\/?s={search_term_string}"},"query-input":{"@type":"PropertyValueSpecification","valueRequired":true,"valueName":"search_term_string"}}],"inLanguage":"es"}]}},"_links":{"self":[{"href":"https:\/\/www.mpowerfinancing.com\/es\/wp-json\/wp\/v2\/pages\/24232","targetHints":{"allow":["GET"]}}],"collection":[{"href":"https:\/\/www.mpowerfinancing.com\/es\/wp-json\/wp\/v2\/pages"}],"about":[{"href":"https:\/\/www.mpowerfinancing.com\/es\/wp-json\/wp\/v2\/types\/page"}],"author":[{"embeddable":true,"href":"https:\/\/www.mpowerfinancing.com\/es\/wp-json\/wp\/v2\/users\/24"}],"replies":[{"embeddable":true,"href":"https:\/\/www.mpowerfinancing.com\/es\/wp-json\/wp\/v2\/comments?post=24232"}],"version-history":[{"count":5,"href":"https:\/\/www.mpowerfinancing.com\/es\/wp-json\/wp\/v2\/pages\/24232\/revisions"}],"predecessor-version":[{"id":26840,"href":"https:\/\/www.mpowerfinancing.com\/es\/wp-json\/wp\/v2\/pages\/24232\/revisions\/26840"}],"up":[{"embeddable":true,"href":"https:\/\/www.mpowerfinancing.com\/es\/wp-json\/wp\/v2\/pages\/10352"}],"wp:featuredmedia":[{"embeddable":true,"href":"https:\/\/www.mpowerfinancing.com\/es\/wp-json\/"}],"wp:attachment":[{"href":"https:\/\/www.mpowerfinancing.com\/es\/wp-json\/wp\/v2\/media?parent=24232"}],"curies":[{"name":"wp","href":"https:\/\/api.w.org\/{rel}","templated":true}]}}