{"id":24208,"date":"2025-05-09T12:42:19","date_gmt":"2025-05-09T16:42:19","guid":{"rendered":"https:\/\/website-new.qa.mpowerfinancing.com\/es\/financial-empowerment\/international-education-scholarship\/"},"modified":"2025-08-22T16:02:34","modified_gmt":"2025-08-22T16:02:34","slug":"international-education-scholarship","status":"publish","type":"page","link":"https:\/\/www.mpowerfinancing.com\/es\/financial-empowerment\/international-education-scholarship\/","title":{"rendered":"Becas Educativas Para Estudiantes Internacionales"},"content":{"rendered":"","protected":false},"excerpt":{"rendered":"<p>Encuentra becas educativas para programas de maestr\u00eda y posgrado en el extranjero. Aprende c\u00f3mo aplicar y asegurar ayuda financiera para tus estudios en los Estados Unidos o Canad\u00e1.<\/p>\n","protected":false},"author":24,"featured_media":30732,"parent":10352,"menu_order":0,"comment_status":"closed","ping_status":"closed","template":"","meta":{"_acf_changed":false,"footnotes":""},"class_list":["post-24208","page","type-page","status-publish","has-post-thumbnail","hentry"],"acf":{"mp_canonical_tag":"","mp_hreflang_tags":"","noindex_page":false},"yoast_head":"<!-- This site is optimized with the Yoast SEO Premium plugin v27.2 (Yoast SEO v27.2) - https:\/\/yoast.com\/product\/yoast-seo-premium-wordpress\/ -->\n<title>Becas Educativas Para Estudiantes Internacionales | Sitio web en espa\u00f1ol de MPOWER Financing<\/title>\n<meta name=\"description\" content=\"Encuentra becas educativas para programas de maestr\u00eda y posgrado en el extranjero. Aprende c\u00f3mo aplicar y asegurar ayuda financiera para tus estudios en los Estados Unidos o Canad\u00e1.\" \/>\n<meta name=\"robots\" content=\"index, follow, max-snippet:-1, max-image-preview:large, max-video-preview:-1\" \/>\n<link rel=\"canonical\" href=\"https:\/\/www.mpowerfinancing.com\/es\/financial-empowerment\/international-education-scholarship\/\" \/>\n<meta property=\"og:locale\" content=\"es_LA\" \/>\n<meta property=\"og:type\" content=\"article\" \/>\n<meta property=\"og:title\" content=\"Becas Educativas Para Estudiantes Internacionales\" \/>\n<meta property=\"og:description\" content=\"Encuentra becas educativas para programas de maestr\u00eda y posgrado en el extranjero. Aprende c\u00f3mo aplicar y asegurar ayuda financiera para tus estudios en los Estados Unidos o Canad\u00e1.\" \/>\n<meta property=\"og:url\" content=\"https:\/\/www.mpowerfinancing.com\/es\/financial-empowerment\/international-education-scholarship\/\" \/>\n<meta property=\"og:site_name\" content=\"Sitio web en espa\u00f1ol de MPOWER Financing\" \/>\n<meta property=\"article:modified_time\" content=\"2025-08-22T16:02:34+00:00\" \/>\n<meta name=\"twitter:card\" content=\"summary_large_image\" \/>\n<!-- \/ Yoast SEO Premium plugin. -->","yoast_head_json":{"title":"Becas Educativas Para Estudiantes Internacionales | Sitio web en espa\u00f1ol de MPOWER Financing","description":"Encuentra becas educativas para programas de maestr\u00eda y posgrado en el extranjero. Aprende c\u00f3mo aplicar y asegurar ayuda financiera para tus estudios en los Estados Unidos o Canad\u00e1.","robots":{"index":"index","follow":"follow","max-snippet":"max-snippet:-1","max-image-preview":"max-image-preview:large","max-video-preview":"max-video-preview:-1"},"canonical":"https:\/\/www.mpowerfinancing.com\/es\/financial-empowerment\/international-education-scholarship\/","og_locale":"es_LA","og_type":"article","og_title":"Becas Educativas Para Estudiantes Internacionales","og_description":"Encuentra becas educativas para programas de maestr\u00eda y posgrado en el extranjero. Aprende c\u00f3mo aplicar y asegurar ayuda financiera para tus estudios en los Estados Unidos o Canad\u00e1.","og_url":"https:\/\/www.mpowerfinancing.com\/es\/financial-empowerment\/international-education-scholarship\/","og_site_name":"Sitio web en espa\u00f1ol de MPOWER Financing","article_modified_time":"2025-08-22T16:02:34+00:00","twitter_card":"summary_large_image","schema":{"@context":"https:\/\/schema.org","@graph":[{"@type":"WebPage","@id":"https:\/\/www.mpowerfinancing.com\/es\/financial-empowerment\/international-education-scholarship\/","url":"https:\/\/www.mpowerfinancing.com\/es\/financial-empowerment\/international-education-scholarship\/","name":"Becas Educativas Para Estudiantes Internacionales | Sitio web en espa\u00f1ol de MPOWER Financing","isPartOf":{"@id":"https:\/\/www.mpowerfinancing.com\/es\/#website"},"primaryImageOfPage":{"@id":"https:\/\/www.mpowerfinancing.com\/es\/financial-empowerment\/international-education-scholarship\/#primaryimage"},"image":{"@id":"https:\/\/www.mpowerfinancing.com\/es\/financial-empowerment\/international-education-scholarship\/#primaryimage"},"thumbnailUrl":"","datePublished":"2025-05-09T16:42:19+00:00","dateModified":"2025-08-22T16:02:34+00:00","description":"Encuentra becas educativas para programas de maestr\u00eda y posgrado en el extranjero. Aprende c\u00f3mo aplicar y asegurar ayuda financiera para tus estudios en los Estados Unidos o Canad\u00e1.","breadcrumb":{"@id":"https:\/\/www.mpowerfinancing.com\/es\/financial-empowerment\/international-education-scholarship\/#breadcrumb"},"inLanguage":"es","potentialAction":[{"@type":"ReadAction","target":["https:\/\/www.mpowerfinancing.com\/es\/financial-empowerment\/international-education-scholarship\/"]}]},{"@type":"ImageObject","inLanguage":"es","@id":"https:\/\/www.mpowerfinancing.com\/es\/financial-empowerment\/international-education-scholarship\/#primaryimage","url":"","contentUrl":""},{"@type":"BreadcrumbList","@id":"https:\/\/www.mpowerfinancing.com\/es\/financial-empowerment\/international-education-scholarship\/#breadcrumb","itemListElement":[{"@type":"ListItem","position":1,"name":"Home","item":"https:\/\/www.mpowerfinancing.com\/es\/"},{"@type":"ListItem","position":2,"name":"Empoderamiento Financiero","item":"https:\/\/www.mpowerfinancing.com\/es\/financial-empowerment\/"},{"@type":"ListItem","position":3,"name":"Becas Educativas Para Estudiantes Internacionales"}]},{"@type":"WebSite","@id":"https:\/\/www.mpowerfinancing.com\/es\/#website","url":"https:\/\/www.mpowerfinancing.com\/es\/","name":"Sitio web en espa\u00f1ol de MPOWER Financing","description":"","potentialAction":[{"@type":"SearchAction","target":{"@type":"EntryPoint","urlTemplate":"https:\/\/www.mpowerfinancing.com\/es\/?s={search_term_string}"},"query-input":{"@type":"PropertyValueSpecification","valueRequired":true,"valueName":"search_term_string"}}],"inLanguage":"es"}]}},"_links":{"self":[{"href":"https:\/\/www.mpowerfinancing.com\/es\/wp-json\/wp\/v2\/pages\/24208","targetHints":{"allow":["GET"]}}],"collection":[{"href":"https:\/\/www.mpowerfinancing.com\/es\/wp-json\/wp\/v2\/pages"}],"about":[{"href":"https:\/\/www.mpowerfinancing.com\/es\/wp-json\/wp\/v2\/types\/page"}],"author":[{"embeddable":true,"href":"https:\/\/www.mpowerfinancing.com\/es\/wp-json\/wp\/v2\/users\/24"}],"replies":[{"embeddable":true,"href":"https:\/\/www.mpowerfinancing.com\/es\/wp-json\/wp\/v2\/comments?post=24208"}],"version-history":[{"count":1,"href":"https:\/\/www.mpowerfinancing.com\/es\/wp-json\/wp\/v2\/pages\/24208\/revisions"}],"predecessor-version":[{"id":24209,"href":"https:\/\/www.mpowerfinancing.com\/es\/wp-json\/wp\/v2\/pages\/24208\/revisions\/24209"}],"up":[{"embeddable":true,"href":"https:\/\/www.mpowerfinancing.com\/es\/wp-json\/wp\/v2\/pages\/10352"}],"wp:featuredmedia":[{"embeddable":true,"href":"https:\/\/www.mpowerfinancing.com\/es\/wp-json\/"}],"wp:attachment":[{"href":"https:\/\/www.mpowerfinancing.com\/es\/wp-json\/wp\/v2\/media?parent=24208"}],"curies":[{"name":"wp","href":"https:\/\/api.w.org\/{rel}","templated":true}]}}