{"id":24202,"date":"2025-04-21T06:13:07","date_gmt":"2025-04-21T10:13:07","guid":{"rendered":"https:\/\/website-new.qa.mpowerfinancing.com\/es\/financial-empowerment\/student-loans-for-postgraduate-degrees\/"},"modified":"2025-08-22T15:53:20","modified_gmt":"2025-08-22T15:53:20","slug":"student-loans-for-postgraduate-degrees","status":"publish","type":"page","link":"https:\/\/www.mpowerfinancing.com\/es\/financial-empowerment\/student-loans-for-postgraduate-degrees\/","title":{"rendered":"Pr\u00e9stamos estudiantiles para posgrados"},"content":{"rendered":"","protected":false},"excerpt":{"rendered":"<p>\u00bfNecesitas financiamiento para un programa de maestr\u00eda o doctorado? Aprende sobre los pr\u00e9stamos estudiantiles para posgrados y c\u00f3mo obtener un pr\u00e9stamo sin un fiador.<\/p>\n","protected":false},"author":87,"featured_media":29257,"parent":10352,"menu_order":0,"comment_status":"closed","ping_status":"closed","template":"","meta":{"_acf_changed":false,"footnotes":""},"class_list":["post-24202","page","type-page","status-publish","has-post-thumbnail","hentry"],"acf":{"mp_canonical_tag":"","mp_hreflang_tags":"","noindex_page":false},"yoast_head":"<!-- This site is optimized with the Yoast SEO Premium plugin v27.2 (Yoast SEO v27.2) - https:\/\/yoast.com\/product\/yoast-seo-premium-wordpress\/ -->\n<title>Pr\u00e9stamos estudiantiles para posgrados | Sitio web en espa\u00f1ol de MPOWER Financing<\/title>\n<meta name=\"description\" content=\"\u00bfNecesitas financiamiento para un programa de maestr\u00eda o doctorado? Aprende sobre los pr\u00e9stamos estudiantiles para posgrados y c\u00f3mo obtener un pr\u00e9stamo sin un fiador.\" \/>\n<meta name=\"robots\" content=\"index, follow, max-snippet:-1, max-image-preview:large, max-video-preview:-1\" \/>\n<link rel=\"canonical\" href=\"https:\/\/www.mpowerfinancing.com\/es\/financial-empowerment\/student-loans-for-postgraduate-degrees\/\" \/>\n<meta property=\"og:locale\" content=\"es_LA\" \/>\n<meta property=\"og:type\" content=\"article\" \/>\n<meta property=\"og:title\" content=\"Pr\u00e9stamos estudiantiles para posgrados\" \/>\n<meta property=\"og:description\" content=\"\u00bfNecesitas financiamiento para un programa de maestr\u00eda o doctorado? Aprende sobre los pr\u00e9stamos estudiantiles para posgrados y c\u00f3mo obtener un pr\u00e9stamo sin un fiador.\" \/>\n<meta property=\"og:url\" content=\"https:\/\/www.mpowerfinancing.com\/es\/financial-empowerment\/student-loans-for-postgraduate-degrees\/\" \/>\n<meta property=\"og:site_name\" content=\"Sitio web en espa\u00f1ol de MPOWER Financing\" \/>\n<meta property=\"article:modified_time\" content=\"2025-08-22T15:53:20+00:00\" \/>\n<meta name=\"twitter:card\" content=\"summary_large_image\" \/>\n<meta name=\"twitter:label1\" content=\"Est. reading time\" \/>\n\t<meta name=\"twitter:data1\" content=\"1 minute\" \/>\n<!-- \/ Yoast SEO Premium plugin. -->","yoast_head_json":{"title":"Pr\u00e9stamos estudiantiles para posgrados | Sitio web en espa\u00f1ol de MPOWER Financing","description":"\u00bfNecesitas financiamiento para un programa de maestr\u00eda o doctorado? Aprende sobre los pr\u00e9stamos estudiantiles para posgrados y c\u00f3mo obtener un pr\u00e9stamo sin un fiador.","robots":{"index":"index","follow":"follow","max-snippet":"max-snippet:-1","max-image-preview":"max-image-preview:large","max-video-preview":"max-video-preview:-1"},"canonical":"https:\/\/www.mpowerfinancing.com\/es\/financial-empowerment\/student-loans-for-postgraduate-degrees\/","og_locale":"es_LA","og_type":"article","og_title":"Pr\u00e9stamos estudiantiles para posgrados","og_description":"\u00bfNecesitas financiamiento para un programa de maestr\u00eda o doctorado? Aprende sobre los pr\u00e9stamos estudiantiles para posgrados y c\u00f3mo obtener un pr\u00e9stamo sin un fiador.","og_url":"https:\/\/www.mpowerfinancing.com\/es\/financial-empowerment\/student-loans-for-postgraduate-degrees\/","og_site_name":"Sitio web en espa\u00f1ol de MPOWER Financing","article_modified_time":"2025-08-22T15:53:20+00:00","twitter_card":"summary_large_image","twitter_misc":{"Est. reading time":"1 minute"},"schema":{"@context":"https:\/\/schema.org","@graph":[{"@type":"WebPage","@id":"https:\/\/www.mpowerfinancing.com\/es\/financial-empowerment\/student-loans-for-postgraduate-degrees\/","url":"https:\/\/www.mpowerfinancing.com\/es\/financial-empowerment\/student-loans-for-postgraduate-degrees\/","name":"Pr\u00e9stamos estudiantiles para posgrados | Sitio web en espa\u00f1ol de MPOWER Financing","isPartOf":{"@id":"https:\/\/www.mpowerfinancing.com\/es\/#website"},"primaryImageOfPage":{"@id":"https:\/\/www.mpowerfinancing.com\/es\/financial-empowerment\/student-loans-for-postgraduate-degrees\/#primaryimage"},"image":{"@id":"https:\/\/www.mpowerfinancing.com\/es\/financial-empowerment\/student-loans-for-postgraduate-degrees\/#primaryimage"},"thumbnailUrl":"","datePublished":"2025-04-21T10:13:07+00:00","dateModified":"2025-08-22T15:53:20+00:00","description":"\u00bfNecesitas financiamiento para un programa de maestr\u00eda o doctorado? Aprende sobre los pr\u00e9stamos estudiantiles para posgrados y c\u00f3mo obtener un pr\u00e9stamo sin un fiador.","breadcrumb":{"@id":"https:\/\/www.mpowerfinancing.com\/es\/financial-empowerment\/student-loans-for-postgraduate-degrees\/#breadcrumb"},"inLanguage":"es","potentialAction":[{"@type":"ReadAction","target":["https:\/\/www.mpowerfinancing.com\/es\/financial-empowerment\/student-loans-for-postgraduate-degrees\/"]}]},{"@type":"ImageObject","inLanguage":"es","@id":"https:\/\/www.mpowerfinancing.com\/es\/financial-empowerment\/student-loans-for-postgraduate-degrees\/#primaryimage","url":"","contentUrl":""},{"@type":"BreadcrumbList","@id":"https:\/\/www.mpowerfinancing.com\/es\/financial-empowerment\/student-loans-for-postgraduate-degrees\/#breadcrumb","itemListElement":[{"@type":"ListItem","position":1,"name":"Home","item":"https:\/\/www.mpowerfinancing.com\/es\/"},{"@type":"ListItem","position":2,"name":"Empoderamiento Financiero","item":"https:\/\/www.mpowerfinancing.com\/es\/financial-empowerment\/"},{"@type":"ListItem","position":3,"name":"Pr\u00e9stamos estudiantiles para posgrados"}]},{"@type":"WebSite","@id":"https:\/\/www.mpowerfinancing.com\/es\/#website","url":"https:\/\/www.mpowerfinancing.com\/es\/","name":"Sitio web en espa\u00f1ol de MPOWER Financing","description":"","potentialAction":[{"@type":"SearchAction","target":{"@type":"EntryPoint","urlTemplate":"https:\/\/www.mpowerfinancing.com\/es\/?s={search_term_string}"},"query-input":{"@type":"PropertyValueSpecification","valueRequired":true,"valueName":"search_term_string"}}],"inLanguage":"es"}]}},"_links":{"self":[{"href":"https:\/\/www.mpowerfinancing.com\/es\/wp-json\/wp\/v2\/pages\/24202","targetHints":{"allow":["GET"]}}],"collection":[{"href":"https:\/\/www.mpowerfinancing.com\/es\/wp-json\/wp\/v2\/pages"}],"about":[{"href":"https:\/\/www.mpowerfinancing.com\/es\/wp-json\/wp\/v2\/types\/page"}],"author":[{"embeddable":true,"href":"https:\/\/www.mpowerfinancing.com\/es\/wp-json\/wp\/v2\/users\/87"}],"replies":[{"embeddable":true,"href":"https:\/\/www.mpowerfinancing.com\/es\/wp-json\/wp\/v2\/comments?post=24202"}],"version-history":[{"count":1,"href":"https:\/\/www.mpowerfinancing.com\/es\/wp-json\/wp\/v2\/pages\/24202\/revisions"}],"predecessor-version":[{"id":24203,"href":"https:\/\/www.mpowerfinancing.com\/es\/wp-json\/wp\/v2\/pages\/24202\/revisions\/24203"}],"up":[{"embeddable":true,"href":"https:\/\/www.mpowerfinancing.com\/es\/wp-json\/wp\/v2\/pages\/10352"}],"wp:featuredmedia":[{"embeddable":true,"href":"https:\/\/www.mpowerfinancing.com\/es\/wp-json\/"}],"wp:attachment":[{"href":"https:\/\/www.mpowerfinancing.com\/es\/wp-json\/wp\/v2\/media?parent=24202"}],"curies":[{"name":"wp","href":"https:\/\/api.w.org\/{rel}","templated":true}]}}