{"id":24102,"date":"2024-08-27T13:30:40","date_gmt":"2024-08-27T17:30:40","guid":{"rendered":"https:\/\/website-new.qa.mpowerfinancing.com\/es\/financial-empowerment\/student-loans-for-foreign-students\/"},"modified":"2025-08-22T14:01:21","modified_gmt":"2025-08-22T14:01:21","slug":"student-loans-for-foreign-students","status":"publish","type":"page","link":"https:\/\/www.mpowerfinancing.com\/es\/financial-empowerment\/student-loans-for-foreign-students\/","title":{"rendered":"Pr\u00e9stamos estudiantiles para estudiantes extranjeros"},"content":{"rendered":"","protected":false},"excerpt":{"rendered":"<p>Los pr\u00e9stamos estudiantiles internacionales son esenciales para muchos estudiantes internacionales que buscan estudiar en Estados Unidos o Canad\u00e1. Este art\u00edculo proporciona una visi\u00f3n general de por qu\u00e9 los estudiantes extranjeros pueden necesitar pr\u00e9stamos, los beneficios que ofrecen, los obst\u00e1culos comunes y c\u00f3mo evitar errores despu\u00e9s de obtener un pr\u00e9stamo.<\/p>\n","protected":false},"author":73,"featured_media":21932,"parent":10352,"menu_order":0,"comment_status":"closed","ping_status":"closed","template":"","meta":{"_acf_changed":false,"footnotes":""},"class_list":["post-24102","page","type-page","status-publish","has-post-thumbnail","hentry"],"acf":{"mp_canonical_tag":"","mp_hreflang_tags":"","noindex_page":false},"yoast_head":"<!-- This site is optimized with the Yoast SEO Premium plugin v27.2 (Yoast SEO v27.2) - https:\/\/yoast.com\/product\/yoast-seo-premium-wordpress\/ -->\n<title>Pr\u00e9stamos estudiantiles para estudiantes extranjeros en Estados Unidos y Canad\u00e1 | Sitio web en espa\u00f1ol de MPOWER Financing<\/title>\n<meta name=\"description\" content=\"Descubre qu\u00e9 pueden cubrir los pr\u00e9stamos estudiantiles para estudiantes extranjeros en Estados Unidos y Canad\u00e1. Obt\u00e9n informaci\u00f3n sobre pr\u00e9stamos sin Fiador, consejos para la solicitud y m\u00e1s.\" \/>\n<meta name=\"robots\" content=\"index, follow, max-snippet:-1, max-image-preview:large, max-video-preview:-1\" \/>\n<link rel=\"canonical\" href=\"https:\/\/www.mpowerfinancing.com\/es\/financial-empowerment\/student-loans-for-foreign-students\/\" \/>\n<meta property=\"og:locale\" content=\"es_LA\" \/>\n<meta property=\"og:type\" content=\"article\" \/>\n<meta property=\"og:title\" content=\"Pr\u00e9stamos estudiantiles para estudiantes extranjeros\" \/>\n<meta property=\"og:description\" content=\"Los pr\u00e9stamos estudiantiles internacionales son esenciales para muchos estudiantes internacionales que buscan estudiar en Estados Unidos o Canad\u00e1. Este art\u00edculo proporciona una visi\u00f3n general de por qu\u00e9 los estudiantes extranjeros pueden necesitar pr\u00e9stamos, los beneficios que ofrecen, los obst\u00e1culos comunes y c\u00f3mo evitar errores despu\u00e9s de obtener un pr\u00e9stamo.\" \/>\n<meta property=\"og:url\" content=\"https:\/\/www.mpowerfinancing.com\/es\/financial-empowerment\/student-loans-for-foreign-students\/\" \/>\n<meta property=\"og:site_name\" content=\"Sitio web en espa\u00f1ol de MPOWER Financing\" \/>\n<meta property=\"article:modified_time\" content=\"2025-08-22T14:01:21+00:00\" \/>\n<meta name=\"twitter:card\" content=\"summary_large_image\" \/>\n<meta name=\"twitter:label1\" content=\"Est. reading time\" \/>\n\t<meta name=\"twitter:data1\" content=\"1 minute\" \/>\n<!-- \/ Yoast SEO Premium plugin. -->","yoast_head_json":{"title":"Pr\u00e9stamos estudiantiles para estudiantes extranjeros en Estados Unidos y Canad\u00e1 | Sitio web en espa\u00f1ol de MPOWER Financing","description":"Descubre qu\u00e9 pueden cubrir los pr\u00e9stamos estudiantiles para estudiantes extranjeros en Estados Unidos y Canad\u00e1. Obt\u00e9n informaci\u00f3n sobre pr\u00e9stamos sin Fiador, consejos para la solicitud y m\u00e1s.","robots":{"index":"index","follow":"follow","max-snippet":"max-snippet:-1","max-image-preview":"max-image-preview:large","max-video-preview":"max-video-preview:-1"},"canonical":"https:\/\/www.mpowerfinancing.com\/es\/financial-empowerment\/student-loans-for-foreign-students\/","og_locale":"es_LA","og_type":"article","og_title":"Pr\u00e9stamos estudiantiles para estudiantes extranjeros","og_description":"Los pr\u00e9stamos estudiantiles internacionales son esenciales para muchos estudiantes internacionales que buscan estudiar en Estados Unidos o Canad\u00e1. Este art\u00edculo proporciona una visi\u00f3n general de por qu\u00e9 los estudiantes extranjeros pueden necesitar pr\u00e9stamos, los beneficios que ofrecen, los obst\u00e1culos comunes y c\u00f3mo evitar errores despu\u00e9s de obtener un pr\u00e9stamo.","og_url":"https:\/\/www.mpowerfinancing.com\/es\/financial-empowerment\/student-loans-for-foreign-students\/","og_site_name":"Sitio web en espa\u00f1ol de MPOWER Financing","article_modified_time":"2025-08-22T14:01:21+00:00","twitter_card":"summary_large_image","twitter_misc":{"Est. reading time":"1 minute"},"schema":{"@context":"https:\/\/schema.org","@graph":[{"@type":"WebPage","@id":"https:\/\/www.mpowerfinancing.com\/es\/financial-empowerment\/student-loans-for-foreign-students\/","url":"https:\/\/www.mpowerfinancing.com\/es\/financial-empowerment\/student-loans-for-foreign-students\/","name":"Pr\u00e9stamos estudiantiles para estudiantes extranjeros en Estados Unidos y Canad\u00e1 | Sitio web en espa\u00f1ol de MPOWER Financing","isPartOf":{"@id":"https:\/\/www.mpowerfinancing.com\/es\/#website"},"primaryImageOfPage":{"@id":"https:\/\/www.mpowerfinancing.com\/es\/financial-empowerment\/student-loans-for-foreign-students\/#primaryimage"},"image":{"@id":"https:\/\/www.mpowerfinancing.com\/es\/financial-empowerment\/student-loans-for-foreign-students\/#primaryimage"},"thumbnailUrl":"","datePublished":"2024-08-27T17:30:40+00:00","dateModified":"2025-08-22T14:01:21+00:00","description":"Descubre qu\u00e9 pueden cubrir los pr\u00e9stamos estudiantiles para estudiantes extranjeros en Estados Unidos y Canad\u00e1. Obt\u00e9n informaci\u00f3n sobre pr\u00e9stamos sin Fiador, consejos para la solicitud y m\u00e1s.","breadcrumb":{"@id":"https:\/\/www.mpowerfinancing.com\/es\/financial-empowerment\/student-loans-for-foreign-students\/#breadcrumb"},"inLanguage":"es","potentialAction":[{"@type":"ReadAction","target":["https:\/\/www.mpowerfinancing.com\/es\/financial-empowerment\/student-loans-for-foreign-students\/"]}]},{"@type":"ImageObject","inLanguage":"es","@id":"https:\/\/www.mpowerfinancing.com\/es\/financial-empowerment\/student-loans-for-foreign-students\/#primaryimage","url":"","contentUrl":""},{"@type":"BreadcrumbList","@id":"https:\/\/www.mpowerfinancing.com\/es\/financial-empowerment\/student-loans-for-foreign-students\/#breadcrumb","itemListElement":[{"@type":"ListItem","position":1,"name":"Home","item":"https:\/\/www.mpowerfinancing.com\/es\/"},{"@type":"ListItem","position":2,"name":"Empoderamiento Financiero","item":"https:\/\/www.mpowerfinancing.com\/es\/financial-empowerment\/"},{"@type":"ListItem","position":3,"name":"Pr\u00e9stamos estudiantiles para estudiantes extranjeros"}]},{"@type":"WebSite","@id":"https:\/\/www.mpowerfinancing.com\/es\/#website","url":"https:\/\/www.mpowerfinancing.com\/es\/","name":"Sitio web en espa\u00f1ol de MPOWER Financing","description":"","potentialAction":[{"@type":"SearchAction","target":{"@type":"EntryPoint","urlTemplate":"https:\/\/www.mpowerfinancing.com\/es\/?s={search_term_string}"},"query-input":{"@type":"PropertyValueSpecification","valueRequired":true,"valueName":"search_term_string"}}],"inLanguage":"es"}]}},"_links":{"self":[{"href":"https:\/\/www.mpowerfinancing.com\/es\/wp-json\/wp\/v2\/pages\/24102","targetHints":{"allow":["GET"]}}],"collection":[{"href":"https:\/\/www.mpowerfinancing.com\/es\/wp-json\/wp\/v2\/pages"}],"about":[{"href":"https:\/\/www.mpowerfinancing.com\/es\/wp-json\/wp\/v2\/types\/page"}],"author":[{"embeddable":true,"href":"https:\/\/www.mpowerfinancing.com\/es\/wp-json\/wp\/v2\/users\/73"}],"replies":[{"embeddable":true,"href":"https:\/\/www.mpowerfinancing.com\/es\/wp-json\/wp\/v2\/comments?post=24102"}],"version-history":[{"count":1,"href":"https:\/\/www.mpowerfinancing.com\/es\/wp-json\/wp\/v2\/pages\/24102\/revisions"}],"predecessor-version":[{"id":24103,"href":"https:\/\/www.mpowerfinancing.com\/es\/wp-json\/wp\/v2\/pages\/24102\/revisions\/24103"}],"up":[{"embeddable":true,"href":"https:\/\/www.mpowerfinancing.com\/es\/wp-json\/wp\/v2\/pages\/10352"}],"wp:featuredmedia":[{"embeddable":true,"href":"https:\/\/www.mpowerfinancing.com\/es\/wp-json\/"}],"wp:attachment":[{"href":"https:\/\/www.mpowerfinancing.com\/es\/wp-json\/wp\/v2\/media?parent=24102"}],"curies":[{"name":"wp","href":"https:\/\/api.w.org\/{rel}","templated":true}]}}