{"id":24077,"date":"2024-08-27T13:30:16","date_gmt":"2024-08-27T17:30:16","guid":{"rendered":"https:\/\/website-new.qa.mpowerfinancing.com\/es\/financial-empowerment\/student-loans-for-housing\/"},"modified":"2025-08-22T13:34:00","modified_gmt":"2025-08-22T13:34:00","slug":"student-loans-for-housing","status":"publish","type":"page","link":"https:\/\/www.mpowerfinancing.com\/es\/financial-empowerment\/student-loans-for-housing\/","title":{"rendered":"Pr\u00e9stamos internacionales para estudiantes para vivienda"},"content":{"rendered":"","protected":false},"excerpt":{"rendered":"<p>Cuando planeas estudiar en el extranjero en los Estados Unidos, deber\u00e1s considerar el costo de la vivienda en tus planes financieros. Despu\u00e9s de la matr\u00edcula, la vivienda es uno de los gastos m\u00e1s grandes en las universidades y colegios de los Estados Unidos. Cuando los ahorros, las becas y la ayuda financiera no cubren todos tus gastos de vida, los pr\u00e9stamos para estudiantes para vivienda pueden ser una gran opci\u00f3n.<\/p>\n","protected":false},"author":73,"featured_media":21213,"parent":10352,"menu_order":0,"comment_status":"closed","ping_status":"closed","template":"","meta":{"_acf_changed":false,"footnotes":""},"class_list":["post-24077","page","type-page","status-publish","has-post-thumbnail","hentry"],"acf":{"mp_canonical_tag":"","mp_hreflang_tags":"","noindex_page":false},"yoast_head":"<!-- This site is optimized with the Yoast SEO Premium plugin v27.2 (Yoast SEO v27.2) - https:\/\/yoast.com\/product\/yoast-seo-premium-wordpress\/ -->\n<title>Pr\u00e9stamos Estudiantiles Internacionales para Vivienda en los Estados Unidos | Sitio web en espa\u00f1ol de MPOWER Financing<\/title>\n<meta name=\"description\" content=\"Descubre c\u00f3mo los pr\u00e9stamos estudiantiles para vivienda pueden ayudar a cubrir tus gastos de vida en los Estados Unidos. Descubre opciones para estudiantes internacionales, incluyendo pr\u00e9stamos sin Fiador.\" \/>\n<meta name=\"robots\" content=\"index, follow, max-snippet:-1, max-image-preview:large, max-video-preview:-1\" \/>\n<link rel=\"canonical\" href=\"https:\/\/www.mpowerfinancing.com\/es\/financial-empowerment\/student-loans-for-housing\/\" \/>\n<meta property=\"og:locale\" content=\"es_LA\" \/>\n<meta property=\"og:type\" content=\"article\" \/>\n<meta property=\"og:title\" content=\"Pr\u00e9stamos internacionales para estudiantes para vivienda\" \/>\n<meta property=\"og:description\" content=\"Cuando planeas estudiar en el extranjero en los Estados Unidos, deber\u00e1s considerar el costo de la vivienda en tus planes financieros. Despu\u00e9s de la matr\u00edcula, la vivienda es uno de los gastos m\u00e1s grandes en las universidades y colegios de los Estados Unidos. Cuando los ahorros, las becas y la ayuda financiera no cubren todos tus gastos de vida, los pr\u00e9stamos para estudiantes para vivienda pueden ser una gran opci\u00f3n.\" \/>\n<meta property=\"og:url\" content=\"https:\/\/www.mpowerfinancing.com\/es\/financial-empowerment\/student-loans-for-housing\/\" \/>\n<meta property=\"og:site_name\" content=\"Sitio web en espa\u00f1ol de MPOWER Financing\" \/>\n<meta property=\"article:modified_time\" content=\"2025-08-22T13:34:00+00:00\" \/>\n<meta name=\"twitter:card\" content=\"summary_large_image\" \/>\n<meta name=\"twitter:label1\" content=\"Est. reading time\" \/>\n\t<meta name=\"twitter:data1\" content=\"1 minute\" \/>\n<!-- \/ Yoast SEO Premium plugin. -->","yoast_head_json":{"title":"Pr\u00e9stamos Estudiantiles Internacionales para Vivienda en los Estados Unidos | Sitio web en espa\u00f1ol de MPOWER Financing","description":"Descubre c\u00f3mo los pr\u00e9stamos estudiantiles para vivienda pueden ayudar a cubrir tus gastos de vida en los Estados Unidos. Descubre opciones para estudiantes internacionales, incluyendo pr\u00e9stamos sin Fiador.","robots":{"index":"index","follow":"follow","max-snippet":"max-snippet:-1","max-image-preview":"max-image-preview:large","max-video-preview":"max-video-preview:-1"},"canonical":"https:\/\/www.mpowerfinancing.com\/es\/financial-empowerment\/student-loans-for-housing\/","og_locale":"es_LA","og_type":"article","og_title":"Pr\u00e9stamos internacionales para estudiantes para vivienda","og_description":"Cuando planeas estudiar en el extranjero en los Estados Unidos, deber\u00e1s considerar el costo de la vivienda en tus planes financieros. Despu\u00e9s de la matr\u00edcula, la vivienda es uno de los gastos m\u00e1s grandes en las universidades y colegios de los Estados Unidos. Cuando los ahorros, las becas y la ayuda financiera no cubren todos tus gastos de vida, los pr\u00e9stamos para estudiantes para vivienda pueden ser una gran opci\u00f3n.","og_url":"https:\/\/www.mpowerfinancing.com\/es\/financial-empowerment\/student-loans-for-housing\/","og_site_name":"Sitio web en espa\u00f1ol de MPOWER Financing","article_modified_time":"2025-08-22T13:34:00+00:00","twitter_card":"summary_large_image","twitter_misc":{"Est. reading time":"1 minute"},"schema":{"@context":"https:\/\/schema.org","@graph":[{"@type":"WebPage","@id":"https:\/\/www.mpowerfinancing.com\/es\/financial-empowerment\/student-loans-for-housing\/","url":"https:\/\/www.mpowerfinancing.com\/es\/financial-empowerment\/student-loans-for-housing\/","name":"Pr\u00e9stamos Estudiantiles Internacionales para Vivienda en los Estados Unidos | Sitio web en espa\u00f1ol de MPOWER Financing","isPartOf":{"@id":"https:\/\/www.mpowerfinancing.com\/es\/#website"},"primaryImageOfPage":{"@id":"https:\/\/www.mpowerfinancing.com\/es\/financial-empowerment\/student-loans-for-housing\/#primaryimage"},"image":{"@id":"https:\/\/www.mpowerfinancing.com\/es\/financial-empowerment\/student-loans-for-housing\/#primaryimage"},"thumbnailUrl":"","datePublished":"2024-08-27T17:30:16+00:00","dateModified":"2025-08-22T13:34:00+00:00","description":"Descubre c\u00f3mo los pr\u00e9stamos estudiantiles para vivienda pueden ayudar a cubrir tus gastos de vida en los Estados Unidos. Descubre opciones para estudiantes internacionales, incluyendo pr\u00e9stamos sin Fiador.","breadcrumb":{"@id":"https:\/\/www.mpowerfinancing.com\/es\/financial-empowerment\/student-loans-for-housing\/#breadcrumb"},"inLanguage":"es","potentialAction":[{"@type":"ReadAction","target":["https:\/\/www.mpowerfinancing.com\/es\/financial-empowerment\/student-loans-for-housing\/"]}]},{"@type":"ImageObject","inLanguage":"es","@id":"https:\/\/www.mpowerfinancing.com\/es\/financial-empowerment\/student-loans-for-housing\/#primaryimage","url":"","contentUrl":""},{"@type":"BreadcrumbList","@id":"https:\/\/www.mpowerfinancing.com\/es\/financial-empowerment\/student-loans-for-housing\/#breadcrumb","itemListElement":[{"@type":"ListItem","position":1,"name":"Home","item":"https:\/\/www.mpowerfinancing.com\/es\/"},{"@type":"ListItem","position":2,"name":"Empoderamiento Financiero","item":"https:\/\/www.mpowerfinancing.com\/es\/financial-empowerment\/"},{"@type":"ListItem","position":3,"name":"Pr\u00e9stamos internacionales para estudiantes para vivienda"}]},{"@type":"WebSite","@id":"https:\/\/www.mpowerfinancing.com\/es\/#website","url":"https:\/\/www.mpowerfinancing.com\/es\/","name":"Sitio web en espa\u00f1ol de MPOWER Financing","description":"","potentialAction":[{"@type":"SearchAction","target":{"@type":"EntryPoint","urlTemplate":"https:\/\/www.mpowerfinancing.com\/es\/?s={search_term_string}"},"query-input":{"@type":"PropertyValueSpecification","valueRequired":true,"valueName":"search_term_string"}}],"inLanguage":"es"}]}},"_links":{"self":[{"href":"https:\/\/www.mpowerfinancing.com\/es\/wp-json\/wp\/v2\/pages\/24077","targetHints":{"allow":["GET"]}}],"collection":[{"href":"https:\/\/www.mpowerfinancing.com\/es\/wp-json\/wp\/v2\/pages"}],"about":[{"href":"https:\/\/www.mpowerfinancing.com\/es\/wp-json\/wp\/v2\/types\/page"}],"author":[{"embeddable":true,"href":"https:\/\/www.mpowerfinancing.com\/es\/wp-json\/wp\/v2\/users\/73"}],"replies":[{"embeddable":true,"href":"https:\/\/www.mpowerfinancing.com\/es\/wp-json\/wp\/v2\/comments?post=24077"}],"version-history":[{"count":1,"href":"https:\/\/www.mpowerfinancing.com\/es\/wp-json\/wp\/v2\/pages\/24077\/revisions"}],"predecessor-version":[{"id":24078,"href":"https:\/\/www.mpowerfinancing.com\/es\/wp-json\/wp\/v2\/pages\/24077\/revisions\/24078"}],"up":[{"embeddable":true,"href":"https:\/\/www.mpowerfinancing.com\/es\/wp-json\/wp\/v2\/pages\/10352"}],"wp:featuredmedia":[{"embeddable":true,"href":"https:\/\/www.mpowerfinancing.com\/es\/wp-json\/"}],"wp:attachment":[{"href":"https:\/\/www.mpowerfinancing.com\/es\/wp-json\/wp\/v2\/media?parent=24077"}],"curies":[{"name":"wp","href":"https:\/\/api.w.org\/{rel}","templated":true}]}}