{"id":24075,"date":"2024-12-18T11:24:29","date_gmt":"2024-12-18T16:24:29","guid":{"rendered":"https:\/\/website-new.qa.mpowerfinancing.com\/es\/financial-empowerment\/education-loans-without-cosigner\/"},"modified":"2025-08-22T13:33:46","modified_gmt":"2025-08-22T13:33:46","slug":"education-loans-without-cosigner","status":"publish","type":"page","link":"https:\/\/www.mpowerfinancing.com\/es\/financial-empowerment\/education-loans-without-cosigner\/","title":{"rendered":"Pr\u00e9stamos educativos sin un fiador"},"content":{"rendered":"","protected":false},"excerpt":{"rendered":"<p>Muchos prestamistas requieren un fiador de Estados Unidos o Canad\u00e1, pero encontrar uno puede ser un gran obst\u00e1culo para los estudiantes internacionales. Ah\u00ed es donde entran los pr\u00e9stamos educativos sin fiadores, y pueden marcar toda la diferencia. Comprender tus opciones de pr\u00e9stamos para estudiantes de posgrado y los pros y contras de los pr\u00e9stamos estudiantiles sin fiador es clave para financiar tu educaci\u00f3n. Desglosemos los tipos de pr\u00e9stamos disponibles, por qu\u00e9 se requieren a menudo los fiadores y c\u00f3mo los pr\u00e9stamos sin fiador pueden simplificar tu camino para estudiar en Estados Unidos o Canad\u00e1.<\/p>\n","protected":false},"author":73,"featured_media":24098,"parent":10352,"menu_order":0,"comment_status":"closed","ping_status":"closed","template":"","meta":{"_acf_changed":false,"footnotes":""},"class_list":["post-24075","page","type-page","status-publish","has-post-thumbnail","hentry"],"acf":{"mp_canonical_tag":"","mp_hreflang_tags":"","noindex_page":false},"yoast_head":"<!-- This site is optimized with the Yoast SEO Premium plugin v27.2 (Yoast SEO v27.2) - https:\/\/yoast.com\/product\/yoast-seo-premium-wordpress\/ -->\n<title>Pr\u00e9stamos educativos sin un Fiador | Sitio web en espa\u00f1ol de MPOWER Financing<\/title>\n<meta name=\"description\" content=\"\u00bfNecesita un pr\u00e9stamo educativo sin un Fiador? MPOWER ofrece pr\u00e9stamos que cubren matr\u00edcula, vivienda y m\u00e1s para estudiantes internacionales. Aprenda m\u00e1s aqu\u00ed.\" \/>\n<meta name=\"robots\" content=\"index, follow, max-snippet:-1, max-image-preview:large, max-video-preview:-1\" \/>\n<link rel=\"canonical\" href=\"https:\/\/www.mpowerfinancing.com\/es\/financial-empowerment\/education-loans-without-cosigner\/\" \/>\n<meta property=\"og:locale\" content=\"es_LA\" \/>\n<meta property=\"og:type\" content=\"article\" \/>\n<meta property=\"og:title\" content=\"Pr\u00e9stamos educativos sin un fiador\" \/>\n<meta property=\"og:description\" content=\"Muchos prestamistas requieren un fiador de Estados Unidos o Canad\u00e1, pero encontrar uno puede ser un gran obst\u00e1culo para los estudiantes internacionales. Ah\u00ed es donde entran los pr\u00e9stamos educativos sin fiadores, y pueden marcar toda la diferencia. Comprender tus opciones de pr\u00e9stamos para estudiantes de posgrado y los pros y contras de los pr\u00e9stamos estudiantiles sin fiador es clave para financiar tu educaci\u00f3n. Desglosemos los tipos de pr\u00e9stamos disponibles, por qu\u00e9 se requieren a menudo los fiadores y c\u00f3mo los pr\u00e9stamos sin fiador pueden simplificar tu camino para estudiar en Estados Unidos o Canad\u00e1.\" \/>\n<meta property=\"og:url\" content=\"https:\/\/www.mpowerfinancing.com\/es\/financial-empowerment\/education-loans-without-cosigner\/\" \/>\n<meta property=\"og:site_name\" content=\"Sitio web en espa\u00f1ol de MPOWER Financing\" \/>\n<meta property=\"article:modified_time\" content=\"2025-08-22T13:33:46+00:00\" \/>\n<meta name=\"twitter:card\" content=\"summary_large_image\" \/>\n<meta name=\"twitter:label1\" content=\"Est. reading time\" \/>\n\t<meta name=\"twitter:data1\" content=\"1 minute\" \/>\n<!-- \/ Yoast SEO Premium plugin. -->","yoast_head_json":{"title":"Pr\u00e9stamos educativos sin un Fiador | Sitio web en espa\u00f1ol de MPOWER Financing","description":"\u00bfNecesita un pr\u00e9stamo educativo sin un Fiador? MPOWER ofrece pr\u00e9stamos que cubren matr\u00edcula, vivienda y m\u00e1s para estudiantes internacionales. Aprenda m\u00e1s aqu\u00ed.","robots":{"index":"index","follow":"follow","max-snippet":"max-snippet:-1","max-image-preview":"max-image-preview:large","max-video-preview":"max-video-preview:-1"},"canonical":"https:\/\/www.mpowerfinancing.com\/es\/financial-empowerment\/education-loans-without-cosigner\/","og_locale":"es_LA","og_type":"article","og_title":"Pr\u00e9stamos educativos sin un fiador","og_description":"Muchos prestamistas requieren un fiador de Estados Unidos o Canad\u00e1, pero encontrar uno puede ser un gran obst\u00e1culo para los estudiantes internacionales. Ah\u00ed es donde entran los pr\u00e9stamos educativos sin fiadores, y pueden marcar toda la diferencia. Comprender tus opciones de pr\u00e9stamos para estudiantes de posgrado y los pros y contras de los pr\u00e9stamos estudiantiles sin fiador es clave para financiar tu educaci\u00f3n. Desglosemos los tipos de pr\u00e9stamos disponibles, por qu\u00e9 se requieren a menudo los fiadores y c\u00f3mo los pr\u00e9stamos sin fiador pueden simplificar tu camino para estudiar en Estados Unidos o Canad\u00e1.","og_url":"https:\/\/www.mpowerfinancing.com\/es\/financial-empowerment\/education-loans-without-cosigner\/","og_site_name":"Sitio web en espa\u00f1ol de MPOWER Financing","article_modified_time":"2025-08-22T13:33:46+00:00","twitter_card":"summary_large_image","twitter_misc":{"Est. reading time":"1 minute"},"schema":{"@context":"https:\/\/schema.org","@graph":[{"@type":"WebPage","@id":"https:\/\/www.mpowerfinancing.com\/es\/financial-empowerment\/education-loans-without-cosigner\/","url":"https:\/\/www.mpowerfinancing.com\/es\/financial-empowerment\/education-loans-without-cosigner\/","name":"Pr\u00e9stamos educativos sin un Fiador | Sitio web en espa\u00f1ol de MPOWER Financing","isPartOf":{"@id":"https:\/\/www.mpowerfinancing.com\/es\/#website"},"primaryImageOfPage":{"@id":"https:\/\/www.mpowerfinancing.com\/es\/financial-empowerment\/education-loans-without-cosigner\/#primaryimage"},"image":{"@id":"https:\/\/www.mpowerfinancing.com\/es\/financial-empowerment\/education-loans-without-cosigner\/#primaryimage"},"thumbnailUrl":"","datePublished":"2024-12-18T16:24:29+00:00","dateModified":"2025-08-22T13:33:46+00:00","description":"\u00bfNecesita un pr\u00e9stamo educativo sin un Fiador? MPOWER ofrece pr\u00e9stamos que cubren matr\u00edcula, vivienda y m\u00e1s para estudiantes internacionales. Aprenda m\u00e1s aqu\u00ed.","breadcrumb":{"@id":"https:\/\/www.mpowerfinancing.com\/es\/financial-empowerment\/education-loans-without-cosigner\/#breadcrumb"},"inLanguage":"es","potentialAction":[{"@type":"ReadAction","target":["https:\/\/www.mpowerfinancing.com\/es\/financial-empowerment\/education-loans-without-cosigner\/"]}]},{"@type":"ImageObject","inLanguage":"es","@id":"https:\/\/www.mpowerfinancing.com\/es\/financial-empowerment\/education-loans-without-cosigner\/#primaryimage","url":"","contentUrl":""},{"@type":"BreadcrumbList","@id":"https:\/\/www.mpowerfinancing.com\/es\/financial-empowerment\/education-loans-without-cosigner\/#breadcrumb","itemListElement":[{"@type":"ListItem","position":1,"name":"Home","item":"https:\/\/www.mpowerfinancing.com\/es\/"},{"@type":"ListItem","position":2,"name":"Empoderamiento Financiero","item":"https:\/\/www.mpowerfinancing.com\/es\/financial-empowerment\/"},{"@type":"ListItem","position":3,"name":"Pr\u00e9stamos educativos sin un fiador"}]},{"@type":"WebSite","@id":"https:\/\/www.mpowerfinancing.com\/es\/#website","url":"https:\/\/www.mpowerfinancing.com\/es\/","name":"Sitio web en espa\u00f1ol de MPOWER Financing","description":"","potentialAction":[{"@type":"SearchAction","target":{"@type":"EntryPoint","urlTemplate":"https:\/\/www.mpowerfinancing.com\/es\/?s={search_term_string}"},"query-input":{"@type":"PropertyValueSpecification","valueRequired":true,"valueName":"search_term_string"}}],"inLanguage":"es"}]}},"_links":{"self":[{"href":"https:\/\/www.mpowerfinancing.com\/es\/wp-json\/wp\/v2\/pages\/24075","targetHints":{"allow":["GET"]}}],"collection":[{"href":"https:\/\/www.mpowerfinancing.com\/es\/wp-json\/wp\/v2\/pages"}],"about":[{"href":"https:\/\/www.mpowerfinancing.com\/es\/wp-json\/wp\/v2\/types\/page"}],"author":[{"embeddable":true,"href":"https:\/\/www.mpowerfinancing.com\/es\/wp-json\/wp\/v2\/users\/73"}],"replies":[{"embeddable":true,"href":"https:\/\/www.mpowerfinancing.com\/es\/wp-json\/wp\/v2\/comments?post=24075"}],"version-history":[{"count":1,"href":"https:\/\/www.mpowerfinancing.com\/es\/wp-json\/wp\/v2\/pages\/24075\/revisions"}],"predecessor-version":[{"id":24076,"href":"https:\/\/www.mpowerfinancing.com\/es\/wp-json\/wp\/v2\/pages\/24075\/revisions\/24076"}],"up":[{"embeddable":true,"href":"https:\/\/www.mpowerfinancing.com\/es\/wp-json\/wp\/v2\/pages\/10352"}],"wp:featuredmedia":[{"embeddable":true,"href":"https:\/\/www.mpowerfinancing.com\/es\/wp-json\/wp\/v2\/pages\/24098"}],"wp:attachment":[{"href":"https:\/\/www.mpowerfinancing.com\/es\/wp-json\/wp\/v2\/media?parent=24075"}],"curies":[{"name":"wp","href":"https:\/\/api.w.org\/{rel}","templated":true}]}}