{"id":24073,"date":"2024-08-27T13:30:13","date_gmt":"2024-08-27T17:30:13","guid":{"rendered":"https:\/\/website-new.qa.mpowerfinancing.com\/es\/financial-empowerment\/refinancing-student-loan\/"},"modified":"2025-08-22T13:29:55","modified_gmt":"2025-08-22T13:29:55","slug":"refinancing-student-loan","status":"publish","type":"page","link":"https:\/\/www.mpowerfinancing.com\/es\/financial-empowerment\/refinancing-student-loan\/","title":{"rendered":"Refinanciamiento de pr\u00e9stamos estudiantiles sin un fiador"},"content":{"rendered":"","protected":false},"excerpt":{"rendered":"<p>Cuando tus pagos de pr\u00e9stamos estudiantiles se sienten abrumadores, o cuando quieres asegurar mejores t\u00e9rminos de pago, refinanciar tus pr\u00e9stamos estudiantiles puede ser una opci\u00f3n. Sin embargo, puede ser dif\u00edcil para los estudiantes internacionales refinanciar sus pr\u00e9stamos sin un fiador, especialmente si no tienes un historial de cr\u00e9dito s\u00f3lido en los Estados Unidos. <\/p>\n","protected":false},"author":73,"featured_media":20833,"parent":10352,"menu_order":0,"comment_status":"closed","ping_status":"closed","template":"","meta":{"_acf_changed":false,"footnotes":""},"class_list":["post-24073","page","type-page","status-publish","has-post-thumbnail","hentry"],"acf":{"mp_canonical_tag":"","mp_hreflang_tags":"","noindex_page":false},"yoast_head":"<!-- This site is optimized with the Yoast SEO Premium plugin v27.2 (Yoast SEO v27.2) - https:\/\/yoast.com\/product\/yoast-seo-premium-wordpress\/ -->\n<title>Refinanciamiento de pr\u00e9stamos estudiantiles para estudiantes internacionales | Sitio web en espa\u00f1ol de MPOWER Financing<\/title>\n<meta name=\"description\" content=\"Explore las opciones de refinanciamiento de pr\u00e9stamos estudiantiles para estudiantes internacionales. Aprenda sobre la elegibilidad, los beneficios y c\u00f3mo refinanciar su pr\u00e9stamo sin un Fiador.\" \/>\n<meta name=\"robots\" content=\"index, follow, max-snippet:-1, max-image-preview:large, max-video-preview:-1\" \/>\n<link rel=\"canonical\" href=\"https:\/\/www.mpowerfinancing.com\/es\/financial-empowerment\/refinancing-student-loan\/\" \/>\n<meta property=\"og:locale\" content=\"es_LA\" \/>\n<meta property=\"og:type\" content=\"article\" \/>\n<meta property=\"og:title\" content=\"Refinanciamiento de pr\u00e9stamos estudiantiles sin un fiador\" \/>\n<meta property=\"og:description\" content=\"Cuando tus pagos de pr\u00e9stamos estudiantiles se sienten abrumadores, o cuando quieres asegurar mejores t\u00e9rminos de pago, refinanciar tus pr\u00e9stamos estudiantiles puede ser una opci\u00f3n. Sin embargo, puede ser dif\u00edcil para los estudiantes internacionales refinanciar sus pr\u00e9stamos sin un fiador, especialmente si no tienes un historial de cr\u00e9dito s\u00f3lido en los Estados Unidos.\" \/>\n<meta property=\"og:url\" content=\"https:\/\/www.mpowerfinancing.com\/es\/financial-empowerment\/refinancing-student-loan\/\" \/>\n<meta property=\"og:site_name\" content=\"Sitio web en espa\u00f1ol de MPOWER Financing\" \/>\n<meta property=\"article:modified_time\" content=\"2025-08-22T13:29:55+00:00\" \/>\n<meta name=\"twitter:card\" content=\"summary_large_image\" \/>\n<meta name=\"twitter:label1\" content=\"Est. reading time\" \/>\n\t<meta name=\"twitter:data1\" content=\"1 minute\" \/>\n<!-- \/ Yoast SEO Premium plugin. -->","yoast_head_json":{"title":"Refinanciamiento de pr\u00e9stamos estudiantiles para estudiantes internacionales | Sitio web en espa\u00f1ol de MPOWER Financing","description":"Explore las opciones de refinanciamiento de pr\u00e9stamos estudiantiles para estudiantes internacionales. Aprenda sobre la elegibilidad, los beneficios y c\u00f3mo refinanciar su pr\u00e9stamo sin un Fiador.","robots":{"index":"index","follow":"follow","max-snippet":"max-snippet:-1","max-image-preview":"max-image-preview:large","max-video-preview":"max-video-preview:-1"},"canonical":"https:\/\/www.mpowerfinancing.com\/es\/financial-empowerment\/refinancing-student-loan\/","og_locale":"es_LA","og_type":"article","og_title":"Refinanciamiento de pr\u00e9stamos estudiantiles sin un fiador","og_description":"Cuando tus pagos de pr\u00e9stamos estudiantiles se sienten abrumadores, o cuando quieres asegurar mejores t\u00e9rminos de pago, refinanciar tus pr\u00e9stamos estudiantiles puede ser una opci\u00f3n. Sin embargo, puede ser dif\u00edcil para los estudiantes internacionales refinanciar sus pr\u00e9stamos sin un fiador, especialmente si no tienes un historial de cr\u00e9dito s\u00f3lido en los Estados Unidos.","og_url":"https:\/\/www.mpowerfinancing.com\/es\/financial-empowerment\/refinancing-student-loan\/","og_site_name":"Sitio web en espa\u00f1ol de MPOWER Financing","article_modified_time":"2025-08-22T13:29:55+00:00","twitter_card":"summary_large_image","twitter_misc":{"Est. reading time":"1 minute"},"schema":{"@context":"https:\/\/schema.org","@graph":[{"@type":"WebPage","@id":"https:\/\/www.mpowerfinancing.com\/es\/financial-empowerment\/refinancing-student-loan\/","url":"https:\/\/www.mpowerfinancing.com\/es\/financial-empowerment\/refinancing-student-loan\/","name":"Refinanciamiento de pr\u00e9stamos estudiantiles para estudiantes internacionales | Sitio web en espa\u00f1ol de MPOWER Financing","isPartOf":{"@id":"https:\/\/www.mpowerfinancing.com\/es\/#website"},"primaryImageOfPage":{"@id":"https:\/\/www.mpowerfinancing.com\/es\/financial-empowerment\/refinancing-student-loan\/#primaryimage"},"image":{"@id":"https:\/\/www.mpowerfinancing.com\/es\/financial-empowerment\/refinancing-student-loan\/#primaryimage"},"thumbnailUrl":"","datePublished":"2024-08-27T17:30:13+00:00","dateModified":"2025-08-22T13:29:55+00:00","description":"Explore las opciones de refinanciamiento de pr\u00e9stamos estudiantiles para estudiantes internacionales. Aprenda sobre la elegibilidad, los beneficios y c\u00f3mo refinanciar su pr\u00e9stamo sin un Fiador.","breadcrumb":{"@id":"https:\/\/www.mpowerfinancing.com\/es\/financial-empowerment\/refinancing-student-loan\/#breadcrumb"},"inLanguage":"es","potentialAction":[{"@type":"ReadAction","target":["https:\/\/www.mpowerfinancing.com\/es\/financial-empowerment\/refinancing-student-loan\/"]}]},{"@type":"ImageObject","inLanguage":"es","@id":"https:\/\/www.mpowerfinancing.com\/es\/financial-empowerment\/refinancing-student-loan\/#primaryimage","url":"","contentUrl":""},{"@type":"BreadcrumbList","@id":"https:\/\/www.mpowerfinancing.com\/es\/financial-empowerment\/refinancing-student-loan\/#breadcrumb","itemListElement":[{"@type":"ListItem","position":1,"name":"Home","item":"https:\/\/www.mpowerfinancing.com\/es\/"},{"@type":"ListItem","position":2,"name":"Empoderamiento Financiero","item":"https:\/\/www.mpowerfinancing.com\/es\/financial-empowerment\/"},{"@type":"ListItem","position":3,"name":"Refinanciamiento de pr\u00e9stamos estudiantiles sin un fiador"}]},{"@type":"WebSite","@id":"https:\/\/www.mpowerfinancing.com\/es\/#website","url":"https:\/\/www.mpowerfinancing.com\/es\/","name":"Sitio web en espa\u00f1ol de MPOWER Financing","description":"","potentialAction":[{"@type":"SearchAction","target":{"@type":"EntryPoint","urlTemplate":"https:\/\/www.mpowerfinancing.com\/es\/?s={search_term_string}"},"query-input":{"@type":"PropertyValueSpecification","valueRequired":true,"valueName":"search_term_string"}}],"inLanguage":"es"}]}},"_links":{"self":[{"href":"https:\/\/www.mpowerfinancing.com\/es\/wp-json\/wp\/v2\/pages\/24073","targetHints":{"allow":["GET"]}}],"collection":[{"href":"https:\/\/www.mpowerfinancing.com\/es\/wp-json\/wp\/v2\/pages"}],"about":[{"href":"https:\/\/www.mpowerfinancing.com\/es\/wp-json\/wp\/v2\/types\/page"}],"author":[{"embeddable":true,"href":"https:\/\/www.mpowerfinancing.com\/es\/wp-json\/wp\/v2\/users\/73"}],"replies":[{"embeddable":true,"href":"https:\/\/www.mpowerfinancing.com\/es\/wp-json\/wp\/v2\/comments?post=24073"}],"version-history":[{"count":1,"href":"https:\/\/www.mpowerfinancing.com\/es\/wp-json\/wp\/v2\/pages\/24073\/revisions"}],"predecessor-version":[{"id":24074,"href":"https:\/\/www.mpowerfinancing.com\/es\/wp-json\/wp\/v2\/pages\/24073\/revisions\/24074"}],"up":[{"embeddable":true,"href":"https:\/\/www.mpowerfinancing.com\/es\/wp-json\/wp\/v2\/pages\/10352"}],"wp:featuredmedia":[{"embeddable":true,"href":"https:\/\/www.mpowerfinancing.com\/es\/wp-json\/"}],"wp:attachment":[{"href":"https:\/\/www.mpowerfinancing.com\/es\/wp-json\/wp\/v2\/media?parent=24073"}],"curies":[{"name":"wp","href":"https:\/\/api.w.org\/{rel}","templated":true}]}}