{"id":24069,"date":"2024-12-18T11:24:26","date_gmt":"2024-12-18T16:24:26","guid":{"rendered":"https:\/\/website-new.qa.mpowerfinancing.com\/es\/financial-empowerment\/student-loans-programs\/"},"modified":"2025-08-22T13:23:48","modified_gmt":"2025-08-22T13:23:48","slug":"student-loans-programs","status":"publish","type":"page","link":"https:\/\/www.mpowerfinancing.com\/es\/financial-empowerment\/student-loans-programs\/","title":{"rendered":"Programas de pr\u00e9stamos estudiantiles para estudiantes internacionales"},"content":{"rendered":"","protected":false},"excerpt":{"rendered":"<p>Para los estudiantes internacionales, los programas de pr\u00e9stamos estudiantiles ofrecen una soluci\u00f3n pr\u00e1ctica para cubrir los gastos, pero navegar por las diversas opciones puede ser un desaf\u00edo. Este art\u00edculo desglosa los programas clave de pr\u00e9stamos para estudiantes internacionales, la refinanciaci\u00f3n de pr\u00e9stamos estudiantiles y otras oportunidades de ayuda financiera, ayud\u00e1ndote a tomar decisiones informadas sobre la financiaci\u00f3n de tus estudios.<\/p>\n","protected":false},"author":73,"featured_media":24102,"parent":10352,"menu_order":0,"comment_status":"closed","ping_status":"closed","template":"","meta":{"_acf_changed":false,"footnotes":""},"class_list":["post-24069","page","type-page","status-publish","has-post-thumbnail","hentry"],"acf":{"mp_canonical_tag":"","mp_hreflang_tags":"","noindex_page":false},"yoast_head":"<!-- This site is optimized with the Yoast SEO Premium plugin v27.2 (Yoast SEO v27.2) - https:\/\/yoast.com\/product\/yoast-seo-premium-wordpress\/ -->\n<title>Programas de Pr\u00e9stamos Estudiantiles para Estudiantes Internacionales | Sitio web en espa\u00f1ol de MPOWER Financing<\/title>\n<meta name=\"description\" content=\"Descubre programas de pr\u00e9stamos estudiantiles para estudiantes internacionales con MPOWER. No se necesita Fiador, tasas fijas y opciones de refinanciamiento. Aprende m\u00e1s aqu\u00ed.\" \/>\n<meta name=\"robots\" content=\"index, follow, max-snippet:-1, max-image-preview:large, max-video-preview:-1\" \/>\n<link rel=\"canonical\" href=\"https:\/\/www.mpowerfinancing.com\/es\/financial-empowerment\/student-loans-programs\/\" \/>\n<meta property=\"og:locale\" content=\"es_LA\" \/>\n<meta property=\"og:type\" content=\"article\" \/>\n<meta property=\"og:title\" content=\"Programas de pr\u00e9stamos estudiantiles para estudiantes internacionales\" \/>\n<meta property=\"og:description\" content=\"Para los estudiantes internacionales, los programas de pr\u00e9stamos estudiantiles ofrecen una soluci\u00f3n pr\u00e1ctica para cubrir los gastos, pero navegar por las diversas opciones puede ser un desaf\u00edo. Este art\u00edculo desglosa los programas clave de pr\u00e9stamos para estudiantes internacionales, la refinanciaci\u00f3n de pr\u00e9stamos estudiantiles y otras oportunidades de ayuda financiera, ayud\u00e1ndote a tomar decisiones informadas sobre la financiaci\u00f3n de tus estudios.\" \/>\n<meta property=\"og:url\" content=\"https:\/\/www.mpowerfinancing.com\/es\/financial-empowerment\/student-loans-programs\/\" \/>\n<meta property=\"og:site_name\" content=\"Sitio web en espa\u00f1ol de MPOWER Financing\" \/>\n<meta property=\"article:modified_time\" content=\"2025-08-22T13:23:48+00:00\" \/>\n<meta name=\"twitter:card\" content=\"summary_large_image\" \/>\n<meta name=\"twitter:label1\" content=\"Est. reading time\" \/>\n\t<meta name=\"twitter:data1\" content=\"1 minute\" \/>\n<!-- \/ Yoast SEO Premium plugin. -->","yoast_head_json":{"title":"Programas de Pr\u00e9stamos Estudiantiles para Estudiantes Internacionales | Sitio web en espa\u00f1ol de MPOWER Financing","description":"Descubre programas de pr\u00e9stamos estudiantiles para estudiantes internacionales con MPOWER. No se necesita Fiador, tasas fijas y opciones de refinanciamiento. Aprende m\u00e1s aqu\u00ed.","robots":{"index":"index","follow":"follow","max-snippet":"max-snippet:-1","max-image-preview":"max-image-preview:large","max-video-preview":"max-video-preview:-1"},"canonical":"https:\/\/www.mpowerfinancing.com\/es\/financial-empowerment\/student-loans-programs\/","og_locale":"es_LA","og_type":"article","og_title":"Programas de pr\u00e9stamos estudiantiles para estudiantes internacionales","og_description":"Para los estudiantes internacionales, los programas de pr\u00e9stamos estudiantiles ofrecen una soluci\u00f3n pr\u00e1ctica para cubrir los gastos, pero navegar por las diversas opciones puede ser un desaf\u00edo. Este art\u00edculo desglosa los programas clave de pr\u00e9stamos para estudiantes internacionales, la refinanciaci\u00f3n de pr\u00e9stamos estudiantiles y otras oportunidades de ayuda financiera, ayud\u00e1ndote a tomar decisiones informadas sobre la financiaci\u00f3n de tus estudios.","og_url":"https:\/\/www.mpowerfinancing.com\/es\/financial-empowerment\/student-loans-programs\/","og_site_name":"Sitio web en espa\u00f1ol de MPOWER Financing","article_modified_time":"2025-08-22T13:23:48+00:00","twitter_card":"summary_large_image","twitter_misc":{"Est. reading time":"1 minute"},"schema":{"@context":"https:\/\/schema.org","@graph":[{"@type":"WebPage","@id":"https:\/\/www.mpowerfinancing.com\/es\/financial-empowerment\/student-loans-programs\/","url":"https:\/\/www.mpowerfinancing.com\/es\/financial-empowerment\/student-loans-programs\/","name":"Programas de Pr\u00e9stamos Estudiantiles para Estudiantes Internacionales | Sitio web en espa\u00f1ol de MPOWER Financing","isPartOf":{"@id":"https:\/\/www.mpowerfinancing.com\/es\/#website"},"primaryImageOfPage":{"@id":"https:\/\/www.mpowerfinancing.com\/es\/financial-empowerment\/student-loans-programs\/#primaryimage"},"image":{"@id":"https:\/\/www.mpowerfinancing.com\/es\/financial-empowerment\/student-loans-programs\/#primaryimage"},"thumbnailUrl":"","datePublished":"2024-12-18T16:24:26+00:00","dateModified":"2025-08-22T13:23:48+00:00","description":"Descubre programas de pr\u00e9stamos estudiantiles para estudiantes internacionales con MPOWER. No se necesita Fiador, tasas fijas y opciones de refinanciamiento. Aprende m\u00e1s aqu\u00ed.","breadcrumb":{"@id":"https:\/\/www.mpowerfinancing.com\/es\/financial-empowerment\/student-loans-programs\/#breadcrumb"},"inLanguage":"es","potentialAction":[{"@type":"ReadAction","target":["https:\/\/www.mpowerfinancing.com\/es\/financial-empowerment\/student-loans-programs\/"]}]},{"@type":"ImageObject","inLanguage":"es","@id":"https:\/\/www.mpowerfinancing.com\/es\/financial-empowerment\/student-loans-programs\/#primaryimage","url":"","contentUrl":""},{"@type":"BreadcrumbList","@id":"https:\/\/www.mpowerfinancing.com\/es\/financial-empowerment\/student-loans-programs\/#breadcrumb","itemListElement":[{"@type":"ListItem","position":1,"name":"Home","item":"https:\/\/www.mpowerfinancing.com\/es\/"},{"@type":"ListItem","position":2,"name":"Empoderamiento Financiero","item":"https:\/\/www.mpowerfinancing.com\/es\/financial-empowerment\/"},{"@type":"ListItem","position":3,"name":"Programas de pr\u00e9stamos estudiantiles para estudiantes internacionales"}]},{"@type":"WebSite","@id":"https:\/\/www.mpowerfinancing.com\/es\/#website","url":"https:\/\/www.mpowerfinancing.com\/es\/","name":"Sitio web en espa\u00f1ol de MPOWER Financing","description":"","potentialAction":[{"@type":"SearchAction","target":{"@type":"EntryPoint","urlTemplate":"https:\/\/www.mpowerfinancing.com\/es\/?s={search_term_string}"},"query-input":{"@type":"PropertyValueSpecification","valueRequired":true,"valueName":"search_term_string"}}],"inLanguage":"es"}]}},"_links":{"self":[{"href":"https:\/\/www.mpowerfinancing.com\/es\/wp-json\/wp\/v2\/pages\/24069","targetHints":{"allow":["GET"]}}],"collection":[{"href":"https:\/\/www.mpowerfinancing.com\/es\/wp-json\/wp\/v2\/pages"}],"about":[{"href":"https:\/\/www.mpowerfinancing.com\/es\/wp-json\/wp\/v2\/types\/page"}],"author":[{"embeddable":true,"href":"https:\/\/www.mpowerfinancing.com\/es\/wp-json\/wp\/v2\/users\/73"}],"replies":[{"embeddable":true,"href":"https:\/\/www.mpowerfinancing.com\/es\/wp-json\/wp\/v2\/comments?post=24069"}],"version-history":[{"count":1,"href":"https:\/\/www.mpowerfinancing.com\/es\/wp-json\/wp\/v2\/pages\/24069\/revisions"}],"predecessor-version":[{"id":24070,"href":"https:\/\/www.mpowerfinancing.com\/es\/wp-json\/wp\/v2\/pages\/24069\/revisions\/24070"}],"up":[{"embeddable":true,"href":"https:\/\/www.mpowerfinancing.com\/es\/wp-json\/wp\/v2\/pages\/10352"}],"wp:featuredmedia":[{"embeddable":true,"href":"https:\/\/www.mpowerfinancing.com\/es\/wp-json\/wp\/v2\/pages\/24102"}],"wp:attachment":[{"href":"https:\/\/www.mpowerfinancing.com\/es\/wp-json\/wp\/v2\/media?parent=24069"}],"curies":[{"name":"wp","href":"https:\/\/api.w.org\/{rel}","templated":true}]}}