{"id":10766,"date":"2024-08-27T13:29:52","date_gmt":"2024-08-27T17:29:52","guid":{"rendered":"https:\/\/website-new.qa.mpowerfinancing.com\/es\/financial-empowerment\/how-to-apply-for-scholarships\/"},"modified":"2025-07-27T13:49:30","modified_gmt":"2025-07-27T13:49:30","slug":"how-to-apply-for-scholarships","status":"publish","type":"page","link":"https:\/\/www.mpowerfinancing.com\/es\/financial-empowerment\/how-to-apply-for-scholarships\/","title":{"rendered":"C\u00f3mo solicitar becas como estudiante internacional"},"content":{"rendered":"","protected":false},"excerpt":{"rendered":"<p>Si est\u00e1s financiando tu educaci\u00f3n para estudiar en el extranjero en los EE. UU. o Canad\u00e1, necesitar\u00e1s saber c\u00f3mo solicitar becas. Las becas son una de las herramientas m\u00e1s valiosas para los estudiantes internacionales, ya que es una ayuda financiera que no necesita ser reembolsada.<\/p>\n<p>Este art\u00edculo explora lo que necesitas saber, incluyendo c\u00f3mo las becas se relacionan con los pr\u00e9stamos privados para estudiantes y otras formas de ayuda financiera para estudiantes internacionales.<\/p>\n","protected":false},"author":73,"featured_media":20848,"parent":10352,"menu_order":0,"comment_status":"closed","ping_status":"closed","template":"","meta":{"_acf_changed":false,"footnotes":""},"class_list":["post-10766","page","type-page","status-publish","has-post-thumbnail","hentry"],"acf":{"mp_canonical_tag":"","mp_hreflang_tags":"","noindex_page":false},"yoast_head":"<!-- This site is optimized with the Yoast SEO Premium plugin v27.2 (Yoast SEO v27.2) - https:\/\/yoast.com\/product\/yoast-seo-premium-wordpress\/ -->\n<title>C\u00f3mo solicitar becas como estudiante internacional | Sitio web en espa\u00f1ol de MPOWER Financing<\/title>\n<meta name=\"description\" content=\"Aprenda c\u00f3mo solicitar becas como estudiante internacional con estrategias para el \u00e9xito.\" \/>\n<meta name=\"robots\" content=\"index, follow, max-snippet:-1, max-image-preview:large, max-video-preview:-1\" \/>\n<link rel=\"canonical\" href=\"https:\/\/www.mpowerfinancing.com\/es\/financial-empowerment\/how-to-apply-for-scholarships\/\" \/>\n<meta property=\"og:locale\" content=\"es_LA\" \/>\n<meta property=\"og:type\" content=\"article\" \/>\n<meta property=\"og:title\" content=\"C\u00f3mo solicitar becas como estudiante internacional\" \/>\n<meta property=\"og:description\" content=\"Si est\u00e1s financiando tu educaci\u00f3n para estudiar en el extranjero en los EE. UU. o Canad\u00e1, necesitar\u00e1s saber c\u00f3mo solicitar becas. Las becas son una de las herramientas m\u00e1s valiosas para los estudiantes internacionales, ya que es una ayuda financiera que no necesita ser reembolsada.  Este art\u00edculo explora lo que necesitas saber, incluyendo c\u00f3mo las becas se relacionan con los pr\u00e9stamos privados para estudiantes y otras formas de ayuda financiera para estudiantes internacionales.\" \/>\n<meta property=\"og:url\" content=\"https:\/\/www.mpowerfinancing.com\/es\/financial-empowerment\/how-to-apply-for-scholarships\/\" \/>\n<meta property=\"og:site_name\" content=\"Sitio web en espa\u00f1ol de MPOWER Financing\" \/>\n<meta property=\"article:modified_time\" content=\"2025-07-27T13:49:30+00:00\" \/>\n<meta name=\"twitter:card\" content=\"summary_large_image\" \/>\n<meta name=\"twitter:label1\" content=\"Est. reading time\" \/>\n\t<meta name=\"twitter:data1\" content=\"1 minute\" \/>\n<!-- \/ Yoast SEO Premium plugin. -->","yoast_head_json":{"title":"C\u00f3mo solicitar becas como estudiante internacional | Sitio web en espa\u00f1ol de MPOWER Financing","description":"Aprenda c\u00f3mo solicitar becas como estudiante internacional con estrategias para el \u00e9xito.","robots":{"index":"index","follow":"follow","max-snippet":"max-snippet:-1","max-image-preview":"max-image-preview:large","max-video-preview":"max-video-preview:-1"},"canonical":"https:\/\/www.mpowerfinancing.com\/es\/financial-empowerment\/how-to-apply-for-scholarships\/","og_locale":"es_LA","og_type":"article","og_title":"C\u00f3mo solicitar becas como estudiante internacional","og_description":"Si est\u00e1s financiando tu educaci\u00f3n para estudiar en el extranjero en los EE. UU. o Canad\u00e1, necesitar\u00e1s saber c\u00f3mo solicitar becas. Las becas son una de las herramientas m\u00e1s valiosas para los estudiantes internacionales, ya que es una ayuda financiera que no necesita ser reembolsada.  Este art\u00edculo explora lo que necesitas saber, incluyendo c\u00f3mo las becas se relacionan con los pr\u00e9stamos privados para estudiantes y otras formas de ayuda financiera para estudiantes internacionales.","og_url":"https:\/\/www.mpowerfinancing.com\/es\/financial-empowerment\/how-to-apply-for-scholarships\/","og_site_name":"Sitio web en espa\u00f1ol de MPOWER Financing","article_modified_time":"2025-07-27T13:49:30+00:00","twitter_card":"summary_large_image","twitter_misc":{"Est. reading time":"1 minute"},"schema":{"@context":"https:\/\/schema.org","@graph":[{"@type":"WebPage","@id":"https:\/\/www.mpowerfinancing.com\/es\/financial-empowerment\/how-to-apply-for-scholarships\/","url":"https:\/\/www.mpowerfinancing.com\/es\/financial-empowerment\/how-to-apply-for-scholarships\/","name":"C\u00f3mo solicitar becas como estudiante internacional | Sitio web en espa\u00f1ol de MPOWER Financing","isPartOf":{"@id":"https:\/\/www.mpowerfinancing.com\/es\/#website"},"primaryImageOfPage":{"@id":"https:\/\/www.mpowerfinancing.com\/es\/financial-empowerment\/how-to-apply-for-scholarships\/#primaryimage"},"image":{"@id":"https:\/\/www.mpowerfinancing.com\/es\/financial-empowerment\/how-to-apply-for-scholarships\/#primaryimage"},"thumbnailUrl":"","datePublished":"2024-08-27T17:29:52+00:00","dateModified":"2025-07-27T13:49:30+00:00","description":"Aprenda c\u00f3mo solicitar becas como estudiante internacional con estrategias para el \u00e9xito.","breadcrumb":{"@id":"https:\/\/www.mpowerfinancing.com\/es\/financial-empowerment\/how-to-apply-for-scholarships\/#breadcrumb"},"inLanguage":"es","potentialAction":[{"@type":"ReadAction","target":["https:\/\/www.mpowerfinancing.com\/es\/financial-empowerment\/how-to-apply-for-scholarships\/"]}]},{"@type":"ImageObject","inLanguage":"es","@id":"https:\/\/www.mpowerfinancing.com\/es\/financial-empowerment\/how-to-apply-for-scholarships\/#primaryimage","url":"","contentUrl":""},{"@type":"BreadcrumbList","@id":"https:\/\/www.mpowerfinancing.com\/es\/financial-empowerment\/how-to-apply-for-scholarships\/#breadcrumb","itemListElement":[{"@type":"ListItem","position":1,"name":"Home","item":"https:\/\/www.mpowerfinancing.com\/es\/"},{"@type":"ListItem","position":2,"name":"Empoderamiento Financiero","item":"https:\/\/www.mpowerfinancing.com\/es\/financial-empowerment\/"},{"@type":"ListItem","position":3,"name":"C\u00f3mo solicitar becas como estudiante internacional"}]},{"@type":"WebSite","@id":"https:\/\/www.mpowerfinancing.com\/es\/#website","url":"https:\/\/www.mpowerfinancing.com\/es\/","name":"Sitio web en espa\u00f1ol de MPOWER Financing","description":"","potentialAction":[{"@type":"SearchAction","target":{"@type":"EntryPoint","urlTemplate":"https:\/\/www.mpowerfinancing.com\/es\/?s={search_term_string}"},"query-input":{"@type":"PropertyValueSpecification","valueRequired":true,"valueName":"search_term_string"}}],"inLanguage":"es"}]}},"_links":{"self":[{"href":"https:\/\/www.mpowerfinancing.com\/es\/wp-json\/wp\/v2\/pages\/10766","targetHints":{"allow":["GET"]}}],"collection":[{"href":"https:\/\/www.mpowerfinancing.com\/es\/wp-json\/wp\/v2\/pages"}],"about":[{"href":"https:\/\/www.mpowerfinancing.com\/es\/wp-json\/wp\/v2\/types\/page"}],"author":[{"embeddable":true,"href":"https:\/\/www.mpowerfinancing.com\/es\/wp-json\/wp\/v2\/users\/73"}],"replies":[{"embeddable":true,"href":"https:\/\/www.mpowerfinancing.com\/es\/wp-json\/wp\/v2\/comments?post=10766"}],"version-history":[{"count":1,"href":"https:\/\/www.mpowerfinancing.com\/es\/wp-json\/wp\/v2\/pages\/10766\/revisions"}],"predecessor-version":[{"id":10767,"href":"https:\/\/www.mpowerfinancing.com\/es\/wp-json\/wp\/v2\/pages\/10766\/revisions\/10767"}],"up":[{"embeddable":true,"href":"https:\/\/www.mpowerfinancing.com\/es\/wp-json\/wp\/v2\/pages\/10352"}],"wp:featuredmedia":[{"embeddable":true,"href":"https:\/\/www.mpowerfinancing.com\/es\/wp-json\/"}],"wp:attachment":[{"href":"https:\/\/www.mpowerfinancing.com\/es\/wp-json\/wp\/v2\/media?parent=10766"}],"curies":[{"name":"wp","href":"https:\/\/api.w.org\/{rel}","templated":true}]}}