{"id":10752,"date":"2024-08-15T09:17:59","date_gmt":"2024-08-15T13:17:59","guid":{"rendered":"https:\/\/website-new.qa.mpowerfinancing.com\/es\/financial-empowerment\/international-student-tuition-loans\/"},"modified":"2025-07-27T13:21:28","modified_gmt":"2025-07-27T13:21:28","slug":"international-student-tuition-loans","status":"publish","type":"page","link":"https:\/\/www.mpowerfinancing.com\/es\/financial-empowerment\/international-student-tuition-loans\/","title":{"rendered":"Pr\u00e9stamos de matr\u00edcula para estudiantes internacionales"},"content":{"rendered":"","protected":false},"excerpt":{"rendered":"<p>Para muchos estudiantes internacionales, el sue\u00f1o de estudiar en los EE. UU. o Canad\u00e1 viene con el desaf\u00edo significativo de financiar su educaci\u00f3n. El panorama de los pr\u00e9stamos de matr\u00edcula para estudiantes internacionales es vasto y a menudo complejo, con varias opciones financieras, t\u00e9rminos y condiciones a considerar. Dar los primeros pasos para ponerse al d\u00eda con los detalles b\u00e1sicos ayudar\u00e1. En este art\u00edculo, te guiaremos a trav\u00e9s de lo que necesitas saber para asegurar un pr\u00e9stamo para tu matr\u00edcula para tus estudios en el extranjero.<\/p>\n","protected":false},"author":73,"featured_media":20387,"parent":10352,"menu_order":0,"comment_status":"closed","ping_status":"closed","template":"","meta":{"_acf_changed":false,"footnotes":""},"class_list":["post-10752","page","type-page","status-publish","has-post-thumbnail","hentry"],"acf":{"mp_canonical_tag":"","mp_hreflang_tags":"","noindex_page":false},"yoast_head":"<!-- This site is optimized with the Yoast SEO Premium plugin v27.2 (Yoast SEO v27.2) - https:\/\/yoast.com\/product\/yoast-seo-premium-wordpress\/ -->\n<title>Pr\u00e9stamo de Matr\u00edcula para Estudiantes Internacionales | Sitio web en espa\u00f1ol de MPOWER Financing<\/title>\n<meta name=\"description\" content=\"Con un pr\u00e9stamo de matr\u00edcula para estudiantes internacionales, puedes abrir la puerta a la educaci\u00f3n superior en el extranjero. Explora opciones de financiamiento flexibles sin la necesidad de un Fiador.\" \/>\n<meta name=\"robots\" content=\"index, follow, max-snippet:-1, max-image-preview:large, max-video-preview:-1\" \/>\n<link rel=\"canonical\" href=\"https:\/\/www.mpowerfinancing.com\/es\/financial-empowerment\/international-student-tuition-loans\/\" \/>\n<meta property=\"og:locale\" content=\"es_LA\" \/>\n<meta property=\"og:type\" content=\"article\" \/>\n<meta property=\"og:title\" content=\"Pr\u00e9stamos de matr\u00edcula para estudiantes internacionales\" \/>\n<meta property=\"og:description\" content=\"Para muchos estudiantes internacionales, el sue\u00f1o de estudiar en los EE. UU. o Canad\u00e1 viene con el desaf\u00edo significativo de financiar su educaci\u00f3n. El panorama de los pr\u00e9stamos de matr\u00edcula para estudiantes internacionales es vasto y a menudo complejo, con varias opciones financieras, t\u00e9rminos y condiciones a considerar. Dar los primeros pasos para ponerse al d\u00eda con los detalles b\u00e1sicos ayudar\u00e1. En este art\u00edculo, te guiaremos a trav\u00e9s de lo que necesitas saber para asegurar un pr\u00e9stamo para tu matr\u00edcula para tus estudios en el extranjero.\" \/>\n<meta property=\"og:url\" content=\"https:\/\/www.mpowerfinancing.com\/es\/financial-empowerment\/international-student-tuition-loans\/\" \/>\n<meta property=\"og:site_name\" content=\"Sitio web en espa\u00f1ol de MPOWER Financing\" \/>\n<meta property=\"article:modified_time\" content=\"2025-07-27T13:21:28+00:00\" \/>\n<meta name=\"twitter:card\" content=\"summary_large_image\" \/>\n<!-- \/ Yoast SEO Premium plugin. -->","yoast_head_json":{"title":"Pr\u00e9stamo de Matr\u00edcula para Estudiantes Internacionales | Sitio web en espa\u00f1ol de MPOWER Financing","description":"Con un pr\u00e9stamo de matr\u00edcula para estudiantes internacionales, puedes abrir la puerta a la educaci\u00f3n superior en el extranjero. Explora opciones de financiamiento flexibles sin la necesidad de un Fiador.","robots":{"index":"index","follow":"follow","max-snippet":"max-snippet:-1","max-image-preview":"max-image-preview:large","max-video-preview":"max-video-preview:-1"},"canonical":"https:\/\/www.mpowerfinancing.com\/es\/financial-empowerment\/international-student-tuition-loans\/","og_locale":"es_LA","og_type":"article","og_title":"Pr\u00e9stamos de matr\u00edcula para estudiantes internacionales","og_description":"Para muchos estudiantes internacionales, el sue\u00f1o de estudiar en los EE. UU. o Canad\u00e1 viene con el desaf\u00edo significativo de financiar su educaci\u00f3n. El panorama de los pr\u00e9stamos de matr\u00edcula para estudiantes internacionales es vasto y a menudo complejo, con varias opciones financieras, t\u00e9rminos y condiciones a considerar. Dar los primeros pasos para ponerse al d\u00eda con los detalles b\u00e1sicos ayudar\u00e1. En este art\u00edculo, te guiaremos a trav\u00e9s de lo que necesitas saber para asegurar un pr\u00e9stamo para tu matr\u00edcula para tus estudios en el extranjero.","og_url":"https:\/\/www.mpowerfinancing.com\/es\/financial-empowerment\/international-student-tuition-loans\/","og_site_name":"Sitio web en espa\u00f1ol de MPOWER Financing","article_modified_time":"2025-07-27T13:21:28+00:00","twitter_card":"summary_large_image","schema":{"@context":"https:\/\/schema.org","@graph":[{"@type":"WebPage","@id":"https:\/\/www.mpowerfinancing.com\/es\/financial-empowerment\/international-student-tuition-loans\/","url":"https:\/\/www.mpowerfinancing.com\/es\/financial-empowerment\/international-student-tuition-loans\/","name":"Pr\u00e9stamo de Matr\u00edcula para Estudiantes Internacionales | Sitio web en espa\u00f1ol de MPOWER Financing","isPartOf":{"@id":"https:\/\/www.mpowerfinancing.com\/es\/#website"},"primaryImageOfPage":{"@id":"https:\/\/www.mpowerfinancing.com\/es\/financial-empowerment\/international-student-tuition-loans\/#primaryimage"},"image":{"@id":"https:\/\/www.mpowerfinancing.com\/es\/financial-empowerment\/international-student-tuition-loans\/#primaryimage"},"thumbnailUrl":"","datePublished":"2024-08-15T13:17:59+00:00","dateModified":"2025-07-27T13:21:28+00:00","description":"Con un pr\u00e9stamo de matr\u00edcula para estudiantes internacionales, puedes abrir la puerta a la educaci\u00f3n superior en el extranjero. Explora opciones de financiamiento flexibles sin la necesidad de un Fiador.","breadcrumb":{"@id":"https:\/\/www.mpowerfinancing.com\/es\/financial-empowerment\/international-student-tuition-loans\/#breadcrumb"},"inLanguage":"es","potentialAction":[{"@type":"ReadAction","target":["https:\/\/www.mpowerfinancing.com\/es\/financial-empowerment\/international-student-tuition-loans\/"]}]},{"@type":"ImageObject","inLanguage":"es","@id":"https:\/\/www.mpowerfinancing.com\/es\/financial-empowerment\/international-student-tuition-loans\/#primaryimage","url":"","contentUrl":""},{"@type":"BreadcrumbList","@id":"https:\/\/www.mpowerfinancing.com\/es\/financial-empowerment\/international-student-tuition-loans\/#breadcrumb","itemListElement":[{"@type":"ListItem","position":1,"name":"Home","item":"https:\/\/www.mpowerfinancing.com\/es\/"},{"@type":"ListItem","position":2,"name":"Empoderamiento Financiero","item":"https:\/\/www.mpowerfinancing.com\/es\/financial-empowerment\/"},{"@type":"ListItem","position":3,"name":"Pr\u00e9stamos de matr\u00edcula para estudiantes internacionales"}]},{"@type":"WebSite","@id":"https:\/\/www.mpowerfinancing.com\/es\/#website","url":"https:\/\/www.mpowerfinancing.com\/es\/","name":"Sitio web en espa\u00f1ol de MPOWER Financing","description":"","potentialAction":[{"@type":"SearchAction","target":{"@type":"EntryPoint","urlTemplate":"https:\/\/www.mpowerfinancing.com\/es\/?s={search_term_string}"},"query-input":{"@type":"PropertyValueSpecification","valueRequired":true,"valueName":"search_term_string"}}],"inLanguage":"es"}]}},"_links":{"self":[{"href":"https:\/\/www.mpowerfinancing.com\/es\/wp-json\/wp\/v2\/pages\/10752","targetHints":{"allow":["GET"]}}],"collection":[{"href":"https:\/\/www.mpowerfinancing.com\/es\/wp-json\/wp\/v2\/pages"}],"about":[{"href":"https:\/\/www.mpowerfinancing.com\/es\/wp-json\/wp\/v2\/types\/page"}],"author":[{"embeddable":true,"href":"https:\/\/www.mpowerfinancing.com\/es\/wp-json\/wp\/v2\/users\/73"}],"replies":[{"embeddable":true,"href":"https:\/\/www.mpowerfinancing.com\/es\/wp-json\/wp\/v2\/comments?post=10752"}],"version-history":[{"count":1,"href":"https:\/\/www.mpowerfinancing.com\/es\/wp-json\/wp\/v2\/pages\/10752\/revisions"}],"predecessor-version":[{"id":10753,"href":"https:\/\/www.mpowerfinancing.com\/es\/wp-json\/wp\/v2\/pages\/10752\/revisions\/10753"}],"up":[{"embeddable":true,"href":"https:\/\/www.mpowerfinancing.com\/es\/wp-json\/wp\/v2\/pages\/10352"}],"wp:featuredmedia":[{"embeddable":true,"href":"https:\/\/www.mpowerfinancing.com\/es\/wp-json\/"}],"wp:attachment":[{"href":"https:\/\/www.mpowerfinancing.com\/es\/wp-json\/wp\/v2\/media?parent=10752"}],"curies":[{"name":"wp","href":"https:\/\/api.w.org\/{rel}","templated":true}]}}