{"id":10716,"date":"2024-02-26T02:11:56","date_gmt":"2024-02-26T07:11:56","guid":{"rendered":"https:\/\/website-new.qa.mpowerfinancing.com\/es\/financial-empowerment\/loans-for-students-in-india\/"},"modified":"2025-07-27T11:04:29","modified_gmt":"2025-07-27T11:04:29","slug":"loans-for-students-in-india","status":"publish","type":"page","link":"https:\/\/www.mpowerfinancing.com\/es\/financial-empowerment\/loans-for-students-in-india\/","title":{"rendered":"Pr\u00e9stamos de estudio internacionales para estudiantes en India"},"content":{"rendered":"","protected":false},"excerpt":{"rendered":"<p>Estudiar en los EE. UU. o Canad\u00e1 es una aspiraci\u00f3n para muchos estudiantes indios. El camino est\u00e1 lleno de oportunidades y desaf\u00edos, especialmente cuando se trata de financiar su educaci\u00f3n. Si eres un estudiante internacional de India, los pr\u00e9stamos estudiantiles pueden proporcionar el apoyo financiero necesario para cursar estudios superiores en el extranjero. Adentr\u00e9monos en el complejo mundo de los pr\u00e9stamos estudiantiles para indios que aspiran a estudiar en Am\u00e9rica del Norte.<\/p>\n","protected":false},"author":55,"featured_media":18049,"parent":10352,"menu_order":0,"comment_status":"closed","ping_status":"closed","template":"","meta":{"_acf_changed":false,"footnotes":""},"class_list":["post-10716","page","type-page","status-publish","has-post-thumbnail","hentry"],"acf":{"mp_canonical_tag":"","mp_hreflang_tags":"","noindex_page":false},"yoast_head":"<!-- This site is optimized with the Yoast SEO Premium plugin v27.2 (Yoast SEO v27.2) - https:\/\/yoast.com\/product\/yoast-seo-premium-wordpress\/ -->\n<title>Pr\u00e9stamo de Estudio Internacional para Estudiantes en India | Sitio web en espa\u00f1ol de MPOWER Financing<\/title>\n<meta name=\"description\" content=\"Transforma tu visi\u00f3n acad\u00e9mica internacional en realidad. Explora los pr\u00e9stamos de estudio internacionales personalizados de MPOWER para estudiantes en India y comienza tu viaje hoy.\" \/>\n<meta name=\"robots\" content=\"index, follow, max-snippet:-1, max-image-preview:large, max-video-preview:-1\" \/>\n<link rel=\"canonical\" href=\"https:\/\/www.mpowerfinancing.com\/es\/financial-empowerment\/loans-for-students-in-india\/\" \/>\n<meta property=\"og:locale\" content=\"es_LA\" \/>\n<meta property=\"og:type\" content=\"article\" \/>\n<meta property=\"og:title\" content=\"Pr\u00e9stamos de estudio internacionales para estudiantes en India\" \/>\n<meta property=\"og:description\" content=\"Estudiar en los EE. UU. o Canad\u00e1 es una aspiraci\u00f3n para muchos estudiantes indios. El camino est\u00e1 lleno de oportunidades y desaf\u00edos, especialmente cuando se trata de financiar su educaci\u00f3n. Si eres un estudiante internacional de India, los pr\u00e9stamos estudiantiles pueden proporcionar el apoyo financiero necesario para cursar estudios superiores en el extranjero. Adentr\u00e9monos en el complejo mundo de los pr\u00e9stamos estudiantiles para indios que aspiran a estudiar en Am\u00e9rica del Norte.\" \/>\n<meta property=\"og:url\" content=\"https:\/\/www.mpowerfinancing.com\/es\/financial-empowerment\/loans-for-students-in-india\/\" \/>\n<meta property=\"og:site_name\" content=\"Sitio web en espa\u00f1ol de MPOWER Financing\" \/>\n<meta property=\"article:modified_time\" content=\"2025-07-27T11:04:29+00:00\" \/>\n<meta name=\"twitter:card\" content=\"summary_large_image\" \/>\n<meta name=\"twitter:label1\" content=\"Est. reading time\" \/>\n\t<meta name=\"twitter:data1\" content=\"1 minute\" \/>\n<!-- \/ Yoast SEO Premium plugin. -->","yoast_head_json":{"title":"Pr\u00e9stamo de Estudio Internacional para Estudiantes en India | Sitio web en espa\u00f1ol de MPOWER Financing","description":"Transforma tu visi\u00f3n acad\u00e9mica internacional en realidad. Explora los pr\u00e9stamos de estudio internacionales personalizados de MPOWER para estudiantes en India y comienza tu viaje hoy.","robots":{"index":"index","follow":"follow","max-snippet":"max-snippet:-1","max-image-preview":"max-image-preview:large","max-video-preview":"max-video-preview:-1"},"canonical":"https:\/\/www.mpowerfinancing.com\/es\/financial-empowerment\/loans-for-students-in-india\/","og_locale":"es_LA","og_type":"article","og_title":"Pr\u00e9stamos de estudio internacionales para estudiantes en India","og_description":"Estudiar en los EE. UU. o Canad\u00e1 es una aspiraci\u00f3n para muchos estudiantes indios. El camino est\u00e1 lleno de oportunidades y desaf\u00edos, especialmente cuando se trata de financiar su educaci\u00f3n. Si eres un estudiante internacional de India, los pr\u00e9stamos estudiantiles pueden proporcionar el apoyo financiero necesario para cursar estudios superiores en el extranjero. Adentr\u00e9monos en el complejo mundo de los pr\u00e9stamos estudiantiles para indios que aspiran a estudiar en Am\u00e9rica del Norte.","og_url":"https:\/\/www.mpowerfinancing.com\/es\/financial-empowerment\/loans-for-students-in-india\/","og_site_name":"Sitio web en espa\u00f1ol de MPOWER Financing","article_modified_time":"2025-07-27T11:04:29+00:00","twitter_card":"summary_large_image","twitter_misc":{"Est. reading time":"1 minute"},"schema":{"@context":"https:\/\/schema.org","@graph":[{"@type":"WebPage","@id":"https:\/\/www.mpowerfinancing.com\/es\/financial-empowerment\/loans-for-students-in-india\/","url":"https:\/\/www.mpowerfinancing.com\/es\/financial-empowerment\/loans-for-students-in-india\/","name":"Pr\u00e9stamo de Estudio Internacional para Estudiantes en India | Sitio web en espa\u00f1ol de MPOWER Financing","isPartOf":{"@id":"https:\/\/www.mpowerfinancing.com\/es\/#website"},"primaryImageOfPage":{"@id":"https:\/\/www.mpowerfinancing.com\/es\/financial-empowerment\/loans-for-students-in-india\/#primaryimage"},"image":{"@id":"https:\/\/www.mpowerfinancing.com\/es\/financial-empowerment\/loans-for-students-in-india\/#primaryimage"},"thumbnailUrl":"","datePublished":"2024-02-26T07:11:56+00:00","dateModified":"2025-07-27T11:04:29+00:00","description":"Transforma tu visi\u00f3n acad\u00e9mica internacional en realidad. Explora los pr\u00e9stamos de estudio internacionales personalizados de MPOWER para estudiantes en India y comienza tu viaje hoy.","breadcrumb":{"@id":"https:\/\/www.mpowerfinancing.com\/es\/financial-empowerment\/loans-for-students-in-india\/#breadcrumb"},"inLanguage":"es","potentialAction":[{"@type":"ReadAction","target":["https:\/\/www.mpowerfinancing.com\/es\/financial-empowerment\/loans-for-students-in-india\/"]}]},{"@type":"ImageObject","inLanguage":"es","@id":"https:\/\/www.mpowerfinancing.com\/es\/financial-empowerment\/loans-for-students-in-india\/#primaryimage","url":"","contentUrl":""},{"@type":"BreadcrumbList","@id":"https:\/\/www.mpowerfinancing.com\/es\/financial-empowerment\/loans-for-students-in-india\/#breadcrumb","itemListElement":[{"@type":"ListItem","position":1,"name":"Home","item":"https:\/\/www.mpowerfinancing.com\/es\/"},{"@type":"ListItem","position":2,"name":"Empoderamiento Financiero","item":"https:\/\/www.mpowerfinancing.com\/es\/financial-empowerment\/"},{"@type":"ListItem","position":3,"name":"Pr\u00e9stamos de estudio internacionales para estudiantes en India"}]},{"@type":"WebSite","@id":"https:\/\/www.mpowerfinancing.com\/es\/#website","url":"https:\/\/www.mpowerfinancing.com\/es\/","name":"Sitio web en espa\u00f1ol de MPOWER Financing","description":"","potentialAction":[{"@type":"SearchAction","target":{"@type":"EntryPoint","urlTemplate":"https:\/\/www.mpowerfinancing.com\/es\/?s={search_term_string}"},"query-input":{"@type":"PropertyValueSpecification","valueRequired":true,"valueName":"search_term_string"}}],"inLanguage":"es"}]}},"_links":{"self":[{"href":"https:\/\/www.mpowerfinancing.com\/es\/wp-json\/wp\/v2\/pages\/10716","targetHints":{"allow":["GET"]}}],"collection":[{"href":"https:\/\/www.mpowerfinancing.com\/es\/wp-json\/wp\/v2\/pages"}],"about":[{"href":"https:\/\/www.mpowerfinancing.com\/es\/wp-json\/wp\/v2\/types\/page"}],"author":[{"embeddable":true,"href":"https:\/\/www.mpowerfinancing.com\/es\/wp-json\/wp\/v2\/users\/55"}],"replies":[{"embeddable":true,"href":"https:\/\/www.mpowerfinancing.com\/es\/wp-json\/wp\/v2\/comments?post=10716"}],"version-history":[{"count":1,"href":"https:\/\/www.mpowerfinancing.com\/es\/wp-json\/wp\/v2\/pages\/10716\/revisions"}],"predecessor-version":[{"id":10717,"href":"https:\/\/www.mpowerfinancing.com\/es\/wp-json\/wp\/v2\/pages\/10716\/revisions\/10717"}],"up":[{"embeddable":true,"href":"https:\/\/www.mpowerfinancing.com\/es\/wp-json\/wp\/v2\/pages\/10352"}],"wp:featuredmedia":[{"embeddable":true,"href":"https:\/\/www.mpowerfinancing.com\/es\/wp-json\/"}],"wp:attachment":[{"href":"https:\/\/www.mpowerfinancing.com\/es\/wp-json\/wp\/v2\/media?parent=10716"}],"curies":[{"name":"wp","href":"https:\/\/api.w.org\/{rel}","templated":true}]}}