{"id":10712,"date":"2024-02-22T10:18:19","date_gmt":"2024-02-22T15:18:19","guid":{"rendered":"https:\/\/website-new.qa.mpowerfinancing.com\/es\/financial-empowerment\/scholarships-for-africans\/"},"modified":"2025-07-27T10:49:58","modified_gmt":"2025-07-27T10:49:58","slug":"scholarships-for-africans","status":"publish","type":"page","link":"https:\/\/www.mpowerfinancing.com\/es\/financial-empowerment\/scholarships-for-africans\/","title":{"rendered":"Becas para Africanos"},"content":{"rendered":"","protected":false},"excerpt":{"rendered":"<p>\u00bfEres un estudiante africano con sue\u00f1os de estudiar en los EE.UU. o Canad\u00e1? Est\u00e1s en buena compa\u00f1\u00eda. Muchos estudiantes de \u00c1frica comparten tus aspiraciones. Pero enfrent\u00e9moslo, el costo de los programas para estudiantes internacionales puede ser un obst\u00e1culo significativo. Ah\u00ed es donde entran en juego las becas. Pueden ser un cambio de juego, transformando tus sue\u00f1os en realidad y abriendo la puerta a un mundo de oportunidades.<\/p>\n","protected":false},"author":55,"featured_media":18007,"parent":10352,"menu_order":0,"comment_status":"closed","ping_status":"closed","template":"","meta":{"_acf_changed":false,"footnotes":""},"class_list":["post-10712","page","type-page","status-publish","has-post-thumbnail","hentry"],"acf":{"mp_canonical_tag":"","mp_hreflang_tags":"","noindex_page":false},"yoast_head":"<!-- This site is optimized with the Yoast SEO Premium plugin v27.2 (Yoast SEO v27.2) - https:\/\/yoast.com\/product\/yoast-seo-premium-wordpress\/ -->\n<title>Becas para Estudiantes Internacionales Africanos | Sitio web en espa\u00f1ol de MPOWER Financing<\/title>\n<meta name=\"description\" content=\"\u00bfEres un estudiante africano con sue\u00f1os de estudiar en Estados Unidos o Canad\u00e1? Aqu\u00ed est\u00e1 todo lo que necesitas saber sobre las becas internacionales para africanos.\" \/>\n<meta name=\"robots\" content=\"index, follow, max-snippet:-1, max-image-preview:large, max-video-preview:-1\" \/>\n<link rel=\"canonical\" href=\"https:\/\/www.mpowerfinancing.com\/es\/financial-empowerment\/scholarships-for-africans\/\" \/>\n<meta property=\"og:locale\" content=\"es_LA\" \/>\n<meta property=\"og:type\" content=\"article\" \/>\n<meta property=\"og:title\" content=\"Becas para Africanos\" \/>\n<meta property=\"og:description\" content=\"\u00bfEres un estudiante africano con sue\u00f1os de estudiar en los EE.UU. o Canad\u00e1? Est\u00e1s en buena compa\u00f1\u00eda. Muchos estudiantes de \u00c1frica comparten tus aspiraciones. Pero enfrent\u00e9moslo, el costo de los programas para estudiantes internacionales puede ser un obst\u00e1culo significativo. Ah\u00ed es donde entran en juego las becas. Pueden ser un cambio de juego, transformando tus sue\u00f1os en realidad y abriendo la puerta a un mundo de oportunidades.\" \/>\n<meta property=\"og:url\" content=\"https:\/\/www.mpowerfinancing.com\/es\/financial-empowerment\/scholarships-for-africans\/\" \/>\n<meta property=\"og:site_name\" content=\"Sitio web en espa\u00f1ol de MPOWER Financing\" \/>\n<meta property=\"article:modified_time\" content=\"2025-07-27T10:49:58+00:00\" \/>\n<meta name=\"twitter:card\" content=\"summary_large_image\" \/>\n<meta name=\"twitter:label1\" content=\"Est. reading time\" \/>\n\t<meta name=\"twitter:data1\" content=\"1 minute\" \/>\n<!-- \/ Yoast SEO Premium plugin. -->","yoast_head_json":{"title":"Becas para Estudiantes Internacionales Africanos | Sitio web en espa\u00f1ol de MPOWER Financing","description":"\u00bfEres un estudiante africano con sue\u00f1os de estudiar en Estados Unidos o Canad\u00e1? Aqu\u00ed est\u00e1 todo lo que necesitas saber sobre las becas internacionales para africanos.","robots":{"index":"index","follow":"follow","max-snippet":"max-snippet:-1","max-image-preview":"max-image-preview:large","max-video-preview":"max-video-preview:-1"},"canonical":"https:\/\/www.mpowerfinancing.com\/es\/financial-empowerment\/scholarships-for-africans\/","og_locale":"es_LA","og_type":"article","og_title":"Becas para Africanos","og_description":"\u00bfEres un estudiante africano con sue\u00f1os de estudiar en los EE.UU. o Canad\u00e1? Est\u00e1s en buena compa\u00f1\u00eda. Muchos estudiantes de \u00c1frica comparten tus aspiraciones. Pero enfrent\u00e9moslo, el costo de los programas para estudiantes internacionales puede ser un obst\u00e1culo significativo. Ah\u00ed es donde entran en juego las becas. Pueden ser un cambio de juego, transformando tus sue\u00f1os en realidad y abriendo la puerta a un mundo de oportunidades.","og_url":"https:\/\/www.mpowerfinancing.com\/es\/financial-empowerment\/scholarships-for-africans\/","og_site_name":"Sitio web en espa\u00f1ol de MPOWER Financing","article_modified_time":"2025-07-27T10:49:58+00:00","twitter_card":"summary_large_image","twitter_misc":{"Est. reading time":"1 minute"},"schema":{"@context":"https:\/\/schema.org","@graph":[{"@type":"WebPage","@id":"https:\/\/www.mpowerfinancing.com\/es\/financial-empowerment\/scholarships-for-africans\/","url":"https:\/\/www.mpowerfinancing.com\/es\/financial-empowerment\/scholarships-for-africans\/","name":"Becas para Estudiantes Internacionales Africanos | Sitio web en espa\u00f1ol de MPOWER Financing","isPartOf":{"@id":"https:\/\/www.mpowerfinancing.com\/es\/#website"},"primaryImageOfPage":{"@id":"https:\/\/www.mpowerfinancing.com\/es\/financial-empowerment\/scholarships-for-africans\/#primaryimage"},"image":{"@id":"https:\/\/www.mpowerfinancing.com\/es\/financial-empowerment\/scholarships-for-africans\/#primaryimage"},"thumbnailUrl":"","datePublished":"2024-02-22T15:18:19+00:00","dateModified":"2025-07-27T10:49:58+00:00","description":"\u00bfEres un estudiante africano con sue\u00f1os de estudiar en Estados Unidos o Canad\u00e1? Aqu\u00ed est\u00e1 todo lo que necesitas saber sobre las becas internacionales para africanos.","breadcrumb":{"@id":"https:\/\/www.mpowerfinancing.com\/es\/financial-empowerment\/scholarships-for-africans\/#breadcrumb"},"inLanguage":"es","potentialAction":[{"@type":"ReadAction","target":["https:\/\/www.mpowerfinancing.com\/es\/financial-empowerment\/scholarships-for-africans\/"]}]},{"@type":"ImageObject","inLanguage":"es","@id":"https:\/\/www.mpowerfinancing.com\/es\/financial-empowerment\/scholarships-for-africans\/#primaryimage","url":"","contentUrl":""},{"@type":"BreadcrumbList","@id":"https:\/\/www.mpowerfinancing.com\/es\/financial-empowerment\/scholarships-for-africans\/#breadcrumb","itemListElement":[{"@type":"ListItem","position":1,"name":"Home","item":"https:\/\/www.mpowerfinancing.com\/es\/"},{"@type":"ListItem","position":2,"name":"Empoderamiento Financiero","item":"https:\/\/www.mpowerfinancing.com\/es\/financial-empowerment\/"},{"@type":"ListItem","position":3,"name":"Becas para Africanos"}]},{"@type":"WebSite","@id":"https:\/\/www.mpowerfinancing.com\/es\/#website","url":"https:\/\/www.mpowerfinancing.com\/es\/","name":"Sitio web en espa\u00f1ol de MPOWER Financing","description":"","potentialAction":[{"@type":"SearchAction","target":{"@type":"EntryPoint","urlTemplate":"https:\/\/www.mpowerfinancing.com\/es\/?s={search_term_string}"},"query-input":{"@type":"PropertyValueSpecification","valueRequired":true,"valueName":"search_term_string"}}],"inLanguage":"es"}]}},"_links":{"self":[{"href":"https:\/\/www.mpowerfinancing.com\/es\/wp-json\/wp\/v2\/pages\/10712","targetHints":{"allow":["GET"]}}],"collection":[{"href":"https:\/\/www.mpowerfinancing.com\/es\/wp-json\/wp\/v2\/pages"}],"about":[{"href":"https:\/\/www.mpowerfinancing.com\/es\/wp-json\/wp\/v2\/types\/page"}],"author":[{"embeddable":true,"href":"https:\/\/www.mpowerfinancing.com\/es\/wp-json\/wp\/v2\/users\/55"}],"replies":[{"embeddable":true,"href":"https:\/\/www.mpowerfinancing.com\/es\/wp-json\/wp\/v2\/comments?post=10712"}],"version-history":[{"count":1,"href":"https:\/\/www.mpowerfinancing.com\/es\/wp-json\/wp\/v2\/pages\/10712\/revisions"}],"predecessor-version":[{"id":10713,"href":"https:\/\/www.mpowerfinancing.com\/es\/wp-json\/wp\/v2\/pages\/10712\/revisions\/10713"}],"up":[{"embeddable":true,"href":"https:\/\/www.mpowerfinancing.com\/es\/wp-json\/wp\/v2\/pages\/10352"}],"wp:featuredmedia":[{"embeddable":true,"href":"https:\/\/www.mpowerfinancing.com\/es\/wp-json\/"}],"wp:attachment":[{"href":"https:\/\/www.mpowerfinancing.com\/es\/wp-json\/wp\/v2\/media?parent=10712"}],"curies":[{"name":"wp","href":"https:\/\/api.w.org\/{rel}","templated":true}]}}