{"id":10710,"date":"2024-02-22T07:06:48","date_gmt":"2024-02-22T12:06:48","guid":{"rendered":"https:\/\/website-new.qa.mpowerfinancing.com\/es\/financial-empowerment\/graduate-student-scholarships\/"},"modified":"2025-07-27T10:47:52","modified_gmt":"2025-07-27T10:47:52","slug":"graduate-student-scholarships","status":"publish","type":"page","link":"https:\/\/www.mpowerfinancing.com\/es\/financial-empowerment\/graduate-student-scholarships\/","title":{"rendered":"Becas para estudiantes de posgrado"},"content":{"rendered":"","protected":false},"excerpt":{"rendered":"<p>Estudiar en el extranjero es un sue\u00f1o para muchos, especialmente para los estudiantes de posgrado que desean continuar su educaci\u00f3n superior en los EE. UU. o Canad\u00e1. Pero, puede ser costoso. Ah\u00ed es donde entran las becas para estudiantes de posgrado. Son un salvavidas, permitiendo a los estudiantes concentrarse en sus estudios, no en sus facturas.<\/p>\n","protected":false},"author":55,"featured_media":17983,"parent":10352,"menu_order":0,"comment_status":"closed","ping_status":"closed","template":"","meta":{"_acf_changed":false,"footnotes":""},"class_list":["post-10710","page","type-page","status-publish","has-post-thumbnail","hentry"],"acf":{"mp_canonical_tag":"","mp_hreflang_tags":"","noindex_page":false},"yoast_head":"<!-- This site is optimized with the Yoast SEO Premium plugin v27.2 (Yoast SEO v27.2) - https:\/\/yoast.com\/product\/yoast-seo-premium-wordpress\/ -->\n<title>Becas para Estudiantes de Posgrado Internacionales | Sitio web en espa\u00f1ol de MPOWER Financing<\/title>\n<meta name=\"description\" content=\"\u00bfTienes problemas para financiar tus estudios de posgrado? Explora aqu\u00ed las becas para estudiantes de posgrado creadas espec\u00edficamente para estudiantes internacionales.\" \/>\n<meta name=\"robots\" content=\"index, follow, max-snippet:-1, max-image-preview:large, max-video-preview:-1\" \/>\n<link rel=\"canonical\" href=\"https:\/\/www.mpowerfinancing.com\/es\/financial-empowerment\/graduate-student-scholarships\/\" \/>\n<meta property=\"og:locale\" content=\"es_LA\" \/>\n<meta property=\"og:type\" content=\"article\" \/>\n<meta property=\"og:title\" content=\"Becas para estudiantes de posgrado\" \/>\n<meta property=\"og:description\" content=\"Estudiar en el extranjero es un sue\u00f1o para muchos, especialmente para los estudiantes de posgrado que desean continuar su educaci\u00f3n superior en los EE. UU. o Canad\u00e1. Pero, puede ser costoso. Ah\u00ed es donde entran las becas para estudiantes de posgrado. Son un salvavidas, permitiendo a los estudiantes concentrarse en sus estudios, no en sus facturas.\" \/>\n<meta property=\"og:url\" content=\"https:\/\/www.mpowerfinancing.com\/es\/financial-empowerment\/graduate-student-scholarships\/\" \/>\n<meta property=\"og:site_name\" content=\"Sitio web en espa\u00f1ol de MPOWER Financing\" \/>\n<meta property=\"article:modified_time\" content=\"2025-07-27T10:47:52+00:00\" \/>\n<meta name=\"twitter:card\" content=\"summary_large_image\" \/>\n<meta name=\"twitter:label1\" content=\"Est. reading time\" \/>\n\t<meta name=\"twitter:data1\" content=\"1 minute\" \/>\n<!-- \/ Yoast SEO Premium plugin. -->","yoast_head_json":{"title":"Becas para Estudiantes de Posgrado Internacionales | Sitio web en espa\u00f1ol de MPOWER Financing","description":"\u00bfTienes problemas para financiar tus estudios de posgrado? Explora aqu\u00ed las becas para estudiantes de posgrado creadas espec\u00edficamente para estudiantes internacionales.","robots":{"index":"index","follow":"follow","max-snippet":"max-snippet:-1","max-image-preview":"max-image-preview:large","max-video-preview":"max-video-preview:-1"},"canonical":"https:\/\/www.mpowerfinancing.com\/es\/financial-empowerment\/graduate-student-scholarships\/","og_locale":"es_LA","og_type":"article","og_title":"Becas para estudiantes de posgrado","og_description":"Estudiar en el extranjero es un sue\u00f1o para muchos, especialmente para los estudiantes de posgrado que desean continuar su educaci\u00f3n superior en los EE. UU. o Canad\u00e1. Pero, puede ser costoso. Ah\u00ed es donde entran las becas para estudiantes de posgrado. Son un salvavidas, permitiendo a los estudiantes concentrarse en sus estudios, no en sus facturas.","og_url":"https:\/\/www.mpowerfinancing.com\/es\/financial-empowerment\/graduate-student-scholarships\/","og_site_name":"Sitio web en espa\u00f1ol de MPOWER Financing","article_modified_time":"2025-07-27T10:47:52+00:00","twitter_card":"summary_large_image","twitter_misc":{"Est. reading time":"1 minute"},"schema":{"@context":"https:\/\/schema.org","@graph":[{"@type":"WebPage","@id":"https:\/\/www.mpowerfinancing.com\/es\/financial-empowerment\/graduate-student-scholarships\/","url":"https:\/\/www.mpowerfinancing.com\/es\/financial-empowerment\/graduate-student-scholarships\/","name":"Becas para Estudiantes de Posgrado Internacionales | Sitio web en espa\u00f1ol de MPOWER Financing","isPartOf":{"@id":"https:\/\/www.mpowerfinancing.com\/es\/#website"},"primaryImageOfPage":{"@id":"https:\/\/www.mpowerfinancing.com\/es\/financial-empowerment\/graduate-student-scholarships\/#primaryimage"},"image":{"@id":"https:\/\/www.mpowerfinancing.com\/es\/financial-empowerment\/graduate-student-scholarships\/#primaryimage"},"thumbnailUrl":"","datePublished":"2024-02-22T12:06:48+00:00","dateModified":"2025-07-27T10:47:52+00:00","description":"\u00bfTienes problemas para financiar tus estudios de posgrado? Explora aqu\u00ed las becas para estudiantes de posgrado creadas espec\u00edficamente para estudiantes internacionales.","breadcrumb":{"@id":"https:\/\/www.mpowerfinancing.com\/es\/financial-empowerment\/graduate-student-scholarships\/#breadcrumb"},"inLanguage":"es","potentialAction":[{"@type":"ReadAction","target":["https:\/\/www.mpowerfinancing.com\/es\/financial-empowerment\/graduate-student-scholarships\/"]}]},{"@type":"ImageObject","inLanguage":"es","@id":"https:\/\/www.mpowerfinancing.com\/es\/financial-empowerment\/graduate-student-scholarships\/#primaryimage","url":"","contentUrl":""},{"@type":"BreadcrumbList","@id":"https:\/\/www.mpowerfinancing.com\/es\/financial-empowerment\/graduate-student-scholarships\/#breadcrumb","itemListElement":[{"@type":"ListItem","position":1,"name":"Home","item":"https:\/\/www.mpowerfinancing.com\/es\/"},{"@type":"ListItem","position":2,"name":"Empoderamiento Financiero","item":"https:\/\/www.mpowerfinancing.com\/es\/financial-empowerment\/"},{"@type":"ListItem","position":3,"name":"Becas para estudiantes de posgrado"}]},{"@type":"WebSite","@id":"https:\/\/www.mpowerfinancing.com\/es\/#website","url":"https:\/\/www.mpowerfinancing.com\/es\/","name":"Sitio web en espa\u00f1ol de MPOWER Financing","description":"","potentialAction":[{"@type":"SearchAction","target":{"@type":"EntryPoint","urlTemplate":"https:\/\/www.mpowerfinancing.com\/es\/?s={search_term_string}"},"query-input":{"@type":"PropertyValueSpecification","valueRequired":true,"valueName":"search_term_string"}}],"inLanguage":"es"}]}},"_links":{"self":[{"href":"https:\/\/www.mpowerfinancing.com\/es\/wp-json\/wp\/v2\/pages\/10710","targetHints":{"allow":["GET"]}}],"collection":[{"href":"https:\/\/www.mpowerfinancing.com\/es\/wp-json\/wp\/v2\/pages"}],"about":[{"href":"https:\/\/www.mpowerfinancing.com\/es\/wp-json\/wp\/v2\/types\/page"}],"author":[{"embeddable":true,"href":"https:\/\/www.mpowerfinancing.com\/es\/wp-json\/wp\/v2\/users\/55"}],"replies":[{"embeddable":true,"href":"https:\/\/www.mpowerfinancing.com\/es\/wp-json\/wp\/v2\/comments?post=10710"}],"version-history":[{"count":1,"href":"https:\/\/www.mpowerfinancing.com\/es\/wp-json\/wp\/v2\/pages\/10710\/revisions"}],"predecessor-version":[{"id":10711,"href":"https:\/\/www.mpowerfinancing.com\/es\/wp-json\/wp\/v2\/pages\/10710\/revisions\/10711"}],"up":[{"embeddable":true,"href":"https:\/\/www.mpowerfinancing.com\/es\/wp-json\/wp\/v2\/pages\/10352"}],"wp:featuredmedia":[{"embeddable":true,"href":"https:\/\/www.mpowerfinancing.com\/es\/wp-json\/"}],"wp:attachment":[{"href":"https:\/\/www.mpowerfinancing.com\/es\/wp-json\/wp\/v2\/media?parent=10710"}],"curies":[{"name":"wp","href":"https:\/\/api.w.org\/{rel}","templated":true}]}}