{"id":10708,"date":"2024-02-21T08:28:53","date_gmt":"2024-02-21T13:28:53","guid":{"rendered":"https:\/\/website-new.qa.mpowerfinancing.com\/es\/financial-empowerment\/study-abroad-scholarships\/"},"modified":"2025-07-27T10:45:05","modified_gmt":"2025-07-27T10:45:05","slug":"study-abroad-scholarships","status":"publish","type":"page","link":"https:\/\/www.mpowerfinancing.com\/es\/financial-empowerment\/study-abroad-scholarships\/","title":{"rendered":"Introducci\u00f3n a las becas para estudiar en el extranjero"},"content":{"rendered":"","protected":false},"excerpt":{"rendered":"<p>Estudiar en el extranjero es una experiencia enriquecedora que ampl\u00eda horizontes, fomenta la comprensi\u00f3n cultural y mejora el crecimiento personal. Sin embargo, el costo asociado con la educaci\u00f3n internacional puede ser un obst\u00e1culo significativo para muchos estudiantes. Aqu\u00ed es donde entran en juego las becas para estudiar en el extranjero. Estas becas para la educaci\u00f3n, ofrecidas por diversas organizaciones, universidades y empresas como MPOWER Financing, son premios financieros que no necesitan ser reembolsados. Pueden reducir significativamente la carga financiera de estudiar en el extranjero, convirti\u00e9ndolo en una oportunidad m\u00e1s accesible para estudiantes de todo el mundo<\/p>\n","protected":false},"author":55,"featured_media":17964,"parent":10352,"menu_order":0,"comment_status":"closed","ping_status":"closed","template":"","meta":{"_acf_changed":false,"footnotes":""},"class_list":["post-10708","page","type-page","status-publish","has-post-thumbnail","hentry"],"acf":{"mp_canonical_tag":"","mp_hreflang_tags":"","noindex_page":false},"yoast_head":"<!-- This site is optimized with the Yoast SEO Premium plugin v27.2 (Yoast SEO v27.2) - https:\/\/yoast.com\/product\/yoast-seo-premium-wordpress\/ -->\n<title>Becas para Estudiar en el Extranjero 101 | Sitio web en espa\u00f1ol de MPOWER Financing<\/title>\n<meta name=\"description\" content=\"\u00bfQuieres estudiar en el extranjero pero te preocupa el costo? Aprende sobre tus opciones de becas para estudiar en el extranjero que pueden ayudarte a ahorrar en tus estudios.\" \/>\n<meta name=\"robots\" content=\"index, follow, max-snippet:-1, max-image-preview:large, max-video-preview:-1\" \/>\n<link rel=\"canonical\" href=\"https:\/\/www.mpowerfinancing.com\/es\/financial-empowerment\/study-abroad-scholarships\/\" \/>\n<meta property=\"og:locale\" content=\"es_LA\" \/>\n<meta property=\"og:type\" content=\"article\" \/>\n<meta property=\"og:title\" content=\"Introducci\u00f3n a las becas para estudiar en el extranjero\" \/>\n<meta property=\"og:description\" content=\"Estudiar en el extranjero es una experiencia enriquecedora que ampl\u00eda horizontes, fomenta la comprensi\u00f3n cultural y mejora el crecimiento personal. Sin embargo, el costo asociado con la educaci\u00f3n internacional puede ser un obst\u00e1culo significativo para muchos estudiantes. Aqu\u00ed es donde entran en juego las becas para estudiar en el extranjero. Estas becas para la educaci\u00f3n, ofrecidas por diversas organizaciones, universidades y empresas como MPOWER Financing, son premios financieros que no necesitan ser reembolsados. Pueden reducir significativamente la carga financiera de estudiar en el extranjero, convirti\u00e9ndolo en una oportunidad m\u00e1s accesible para estudiantes de todo el mundo\" \/>\n<meta property=\"og:url\" content=\"https:\/\/www.mpowerfinancing.com\/es\/financial-empowerment\/study-abroad-scholarships\/\" \/>\n<meta property=\"og:site_name\" content=\"Sitio web en espa\u00f1ol de MPOWER Financing\" \/>\n<meta property=\"article:modified_time\" content=\"2025-07-27T10:45:05+00:00\" \/>\n<meta name=\"twitter:card\" content=\"summary_large_image\" \/>\n<meta name=\"twitter:label1\" content=\"Est. reading time\" \/>\n\t<meta name=\"twitter:data1\" content=\"1 minute\" \/>\n<!-- \/ Yoast SEO Premium plugin. -->","yoast_head_json":{"title":"Becas para Estudiar en el Extranjero 101 | Sitio web en espa\u00f1ol de MPOWER Financing","description":"\u00bfQuieres estudiar en el extranjero pero te preocupa el costo? Aprende sobre tus opciones de becas para estudiar en el extranjero que pueden ayudarte a ahorrar en tus estudios.","robots":{"index":"index","follow":"follow","max-snippet":"max-snippet:-1","max-image-preview":"max-image-preview:large","max-video-preview":"max-video-preview:-1"},"canonical":"https:\/\/www.mpowerfinancing.com\/es\/financial-empowerment\/study-abroad-scholarships\/","og_locale":"es_LA","og_type":"article","og_title":"Introducci\u00f3n a las becas para estudiar en el extranjero","og_description":"Estudiar en el extranjero es una experiencia enriquecedora que ampl\u00eda horizontes, fomenta la comprensi\u00f3n cultural y mejora el crecimiento personal. Sin embargo, el costo asociado con la educaci\u00f3n internacional puede ser un obst\u00e1culo significativo para muchos estudiantes. Aqu\u00ed es donde entran en juego las becas para estudiar en el extranjero. Estas becas para la educaci\u00f3n, ofrecidas por diversas organizaciones, universidades y empresas como MPOWER Financing, son premios financieros que no necesitan ser reembolsados. Pueden reducir significativamente la carga financiera de estudiar en el extranjero, convirti\u00e9ndolo en una oportunidad m\u00e1s accesible para estudiantes de todo el mundo","og_url":"https:\/\/www.mpowerfinancing.com\/es\/financial-empowerment\/study-abroad-scholarships\/","og_site_name":"Sitio web en espa\u00f1ol de MPOWER Financing","article_modified_time":"2025-07-27T10:45:05+00:00","twitter_card":"summary_large_image","twitter_misc":{"Est. reading time":"1 minute"},"schema":{"@context":"https:\/\/schema.org","@graph":[{"@type":"WebPage","@id":"https:\/\/www.mpowerfinancing.com\/es\/financial-empowerment\/study-abroad-scholarships\/","url":"https:\/\/www.mpowerfinancing.com\/es\/financial-empowerment\/study-abroad-scholarships\/","name":"Becas para Estudiar en el Extranjero 101 | Sitio web en espa\u00f1ol de MPOWER Financing","isPartOf":{"@id":"https:\/\/www.mpowerfinancing.com\/es\/#website"},"primaryImageOfPage":{"@id":"https:\/\/www.mpowerfinancing.com\/es\/financial-empowerment\/study-abroad-scholarships\/#primaryimage"},"image":{"@id":"https:\/\/www.mpowerfinancing.com\/es\/financial-empowerment\/study-abroad-scholarships\/#primaryimage"},"thumbnailUrl":"","datePublished":"2024-02-21T13:28:53+00:00","dateModified":"2025-07-27T10:45:05+00:00","description":"\u00bfQuieres estudiar en el extranjero pero te preocupa el costo? Aprende sobre tus opciones de becas para estudiar en el extranjero que pueden ayudarte a ahorrar en tus estudios.","breadcrumb":{"@id":"https:\/\/www.mpowerfinancing.com\/es\/financial-empowerment\/study-abroad-scholarships\/#breadcrumb"},"inLanguage":"es","potentialAction":[{"@type":"ReadAction","target":["https:\/\/www.mpowerfinancing.com\/es\/financial-empowerment\/study-abroad-scholarships\/"]}]},{"@type":"ImageObject","inLanguage":"es","@id":"https:\/\/www.mpowerfinancing.com\/es\/financial-empowerment\/study-abroad-scholarships\/#primaryimage","url":"","contentUrl":""},{"@type":"BreadcrumbList","@id":"https:\/\/www.mpowerfinancing.com\/es\/financial-empowerment\/study-abroad-scholarships\/#breadcrumb","itemListElement":[{"@type":"ListItem","position":1,"name":"Home","item":"https:\/\/www.mpowerfinancing.com\/es\/"},{"@type":"ListItem","position":2,"name":"Empoderamiento Financiero","item":"https:\/\/www.mpowerfinancing.com\/es\/financial-empowerment\/"},{"@type":"ListItem","position":3,"name":"Introducci\u00f3n a las becas para estudiar en el extranjero"}]},{"@type":"WebSite","@id":"https:\/\/www.mpowerfinancing.com\/es\/#website","url":"https:\/\/www.mpowerfinancing.com\/es\/","name":"Sitio web en espa\u00f1ol de MPOWER Financing","description":"","potentialAction":[{"@type":"SearchAction","target":{"@type":"EntryPoint","urlTemplate":"https:\/\/www.mpowerfinancing.com\/es\/?s={search_term_string}"},"query-input":{"@type":"PropertyValueSpecification","valueRequired":true,"valueName":"search_term_string"}}],"inLanguage":"es"}]}},"_links":{"self":[{"href":"https:\/\/www.mpowerfinancing.com\/es\/wp-json\/wp\/v2\/pages\/10708","targetHints":{"allow":["GET"]}}],"collection":[{"href":"https:\/\/www.mpowerfinancing.com\/es\/wp-json\/wp\/v2\/pages"}],"about":[{"href":"https:\/\/www.mpowerfinancing.com\/es\/wp-json\/wp\/v2\/types\/page"}],"author":[{"embeddable":true,"href":"https:\/\/www.mpowerfinancing.com\/es\/wp-json\/wp\/v2\/users\/55"}],"replies":[{"embeddable":true,"href":"https:\/\/www.mpowerfinancing.com\/es\/wp-json\/wp\/v2\/comments?post=10708"}],"version-history":[{"count":1,"href":"https:\/\/www.mpowerfinancing.com\/es\/wp-json\/wp\/v2\/pages\/10708\/revisions"}],"predecessor-version":[{"id":10709,"href":"https:\/\/www.mpowerfinancing.com\/es\/wp-json\/wp\/v2\/pages\/10708\/revisions\/10709"}],"up":[{"embeddable":true,"href":"https:\/\/www.mpowerfinancing.com\/es\/wp-json\/wp\/v2\/pages\/10352"}],"wp:featuredmedia":[{"embeddable":true,"href":"https:\/\/www.mpowerfinancing.com\/es\/wp-json\/"}],"wp:attachment":[{"href":"https:\/\/www.mpowerfinancing.com\/es\/wp-json\/wp\/v2\/media?parent=10708"}],"curies":[{"name":"wp","href":"https:\/\/api.w.org\/{rel}","templated":true}]}}