{"id":10656,"date":"2020-02-19T15:30:55","date_gmt":"2020-02-19T20:30:55","guid":{"rendered":"https:\/\/website-new.qa.mpowerfinancing.com\/es\/privacy-policy\/"},"modified":"2026-02-27T13:09:36","modified_gmt":"2026-02-27T13:09:36","slug":"privacy-policy","status":"publish","type":"page","link":"https:\/\/www.mpowerfinancing.com\/es\/privacy-policy\/","title":{"rendered":"Pol\u00edtica de Privacidad de Estados Unidos"},"content":{"rendered":"<h5>INTRODUCCI\u00d3N<\/h5>\n<p><span style=\"font-weight: 400;\">Nosotros en MPOWER (colectivamente, \u201cnosotros\u201d o \u201cnos\u201d) estamos orgullosos de ofrecerte servicios y productos financieros que ayudan a eliminar las barreras financieras para la educaci\u00f3n superior. Valoramos la apertura y la honestidad, por lo que quer\u00edamos contarte c\u00f3mo recopilamos y protegemos la informaci\u00f3n que nos proporcionas a trav\u00e9s de este sitio web.<\/span><\/p>\n<p><span style=\"font-weight: 400;\">Esta pol\u00edtica del sitio web describe c\u00f3mo MPOWER (incluyendo sus socios) recopila, utiliza, protege y comparte tu informaci\u00f3n en conexi\u00f3n con el sitio web de MPOWER en <\/span><a href=\"https:\/\/mpowerfinancing.com\/\"><span style=\"font-weight: 400;\">www.mpowerfinancing.com<\/span><\/a><span style=\"font-weight: 400;\"> (\u201cSitio web\u201d), la aplicaci\u00f3n m\u00f3vil de MPOWER y cualquier servicio de pr\u00e9stamos estudiantiles o servicios relacionados (\u201cServicios\u201d) ofrecidos a trav\u00e9s del Sitio web. Los t\u00e9rminos \u201cMPOWER\u201d o \u201cCompa\u00f1\u00eda,\u201d se refieren a MPOWER Financing, Public Benefit Corporation.<\/span><\/p>\n<p><span style=\"font-weight: 400;\">Ten en cuenta que esta pol\u00edtica de privacidad no se aplica a la informaci\u00f3n sobre ti que nos proporcionas fuera de l\u00ednea o que terceros recopilan de ti.<\/span><\/p>\n<p>&nbsp;<\/p>\n<h5><b>INFORMACI\u00d3N QUE RECOPILAMOS SOBRE TI Y C\u00d3MO LA RECOPILAMOS<\/b><\/h5>\n<p><span style=\"font-weight: 400;\">MPOWER recopila varios tipos de informaci\u00f3n sobre ti, de ti y de terceros, incluyendo informaci\u00f3n:<\/span><\/p>\n<ul style=\"list-style-type: circle;\">\n<li style=\"font-weight: 400;\"><span style=\"font-weight: 400;\">que te identifica personalmente (por ejemplo, tu nombre, direcci\u00f3n, correo electr\u00f3nico, n\u00famero de tel\u00e9fono, n\u00famero de seguridad social u otro n\u00famero de identificaci\u00f3n emitido por el gobierno, direcci\u00f3n de Protocolo de Internet (\u201cIP\u201d) est\u00e1tica, ID de dispositivo m\u00f3vil, informaci\u00f3n de geolocalizaci\u00f3n e informaci\u00f3n laboral;<\/span><\/li>\n<li style=\"font-weight: 400;\"><span style=\"font-weight: 400;\">que puede identificarte personalmente si se vincula con otra informaci\u00f3n (por ejemplo, tu pa\u00eds de ciudadan\u00eda, fecha de graduaci\u00f3n y otra informaci\u00f3n educativa); y<\/span><\/li>\n<li style=\"font-weight: 400;\"><span style=\"font-weight: 400;\">sobre tu computadora, dispositivo m\u00f3vil, conexi\u00f3n a Internet y uso de este Sitio web o aplicaci\u00f3n m\u00f3vil.<\/span><\/li>\n<\/ul>\n<p>&nbsp;<\/p>\n<p><span style=\"font-weight: 400;\">Recopilamos esta informaci\u00f3n:<\/span><\/p>\n<ul style=\"list-style-type: circle;\">\n<li style=\"list-style-type: none;\">\n<ul style=\"list-style-type: circle;\">\n<li style=\"font-weight: 400;\"><span style=\"font-weight: 400;\">cuando t\u00fa realmente nos la proporcionas.<\/span><\/li>\n<li style=\"font-weight: 400;\"><span style=\"font-weight: 400;\">autom\u00e1ticamente mientras usas nuestro Sitio web o aplicaci\u00f3n m\u00f3vil.<\/span><\/li>\n<li style=\"font-weight: 400;\"><span style=\"font-weight: 400;\">de terceros, como cuando inicias sesi\u00f3n usando una cuenta de LinkedIn.<\/span><\/li>\n<\/ul>\n<\/li>\n<\/ul>\n<p>&nbsp;<\/p>\n<p><em><strong>La campa\u00f1a m\u00f3vil de MPOWER Financing, c\u00f3digo corto n\u00famero 50852, puede recolectar datos m\u00f3viles pero no se compartir\u00e1n fuera de MPOWER<\/strong><\/em><\/p>\n<p>&nbsp;<\/p>\n<h5><b>INFORMACI\u00d3N QUE NOS PROPORCIONA<\/b><\/h5>\n<p><span style=\"font-weight: 400;\">La informaci\u00f3n que MPOWER recopila en o a trav\u00e9s de nuestro sitio web puede incluir:<\/span><\/p>\n<ul style=\"list-style-type: circle;\">\n<li style=\"font-weight: 400;\"><span style=\"font-weight: 400;\">Informaci\u00f3n que proporciona al completar formularios en nuestro sitio web. Esto incluye informaci\u00f3n proporcionada cuando env\u00eda una consulta de prestatario o se registra para usar nuestro sitio web. Tambi\u00e9n podemos pedirle informaci\u00f3n cuando informa un problema con nuestro sitio web<\/span><\/li>\n<li style=\"font-weight: 400;\"><span style=\"font-weight: 400;\">Registros y copias de su correspondencia por correo electr\u00f3nico, si se pone en contacto con nosotros.<\/span><\/li>\n<li style=\"font-weight: 400;\"><span style=\"font-weight: 400;\">Sus respuestas a encuestas que podr\u00edamos pedirle que complete con fines de investigaci\u00f3n.<\/span><\/li>\n<li style=\"font-weight: 400;\"><span style=\"font-weight: 400;\">Sus consultas de b\u00fasqueda en el sitio web.<\/span><\/li>\n<li style=\"font-weight: 400;\"><span style=\"font-weight: 400;\">Sus historiales de chat en el sitio web.<\/span><\/li>\n<\/ul>\n<p><span style=\"font-weight: 400;\">A veces podemos complementar la informaci\u00f3n que nos env\u00eda con informaci\u00f3n de fuentes de terceros. Por ejemplo, si la ley lo permite, podemos complementar su informaci\u00f3n de consulta del prestatario con datos de estandarizaci\u00f3n de direcciones para asegurarnos de que la direcci\u00f3n que ha ingresado es correcta.<\/span><\/p>\n<p>&nbsp;<\/p>\n<h5><b>INFORMACI\u00d3N QUE RECOLECTAMOS AUTOM\u00c1TICAMENTE<\/b><\/h5>\n<p><span style=\"font-weight: 400;\">MPOWER puede recolectar autom\u00e1ticamente cierta informaci\u00f3n sobre c\u00f3mo usa nuestro sitio web, incluyendo:<\/span><\/p>\n<ul style=\"list-style-type: circle;\">\n<li><span style=\"font-weight: 400;\">Detalles de sus visitas a nuestro sitio web, incluyendo su direcci\u00f3n IP, hora de la visita, tiempo pasado en cada p\u00e1gina, p\u00e1ginas vistas, ubicaciones de clic y p\u00e1ginas web de referencia o salida.<\/span><\/li>\n<li><span style=\"font-weight: 400;\">Informaci\u00f3n sobre su computadora o dispositivo y conexi\u00f3n a internet, incluyendo su direcci\u00f3n IP, sistema operativo, tipo de navegador, marca y modelo de hardware, y red m\u00f3vil.<\/span><\/li>\n<\/ul>\n<p>&nbsp;<\/p>\n<p><span style=\"font-weight: 400;\">La informaci\u00f3n que recolectamos autom\u00e1ticamente nos ayuda a mejorar nuestro sitio web y servicios al permitirnos:<\/span><\/p>\n<ul style=\"list-style-type: circle;\">\n<li style=\"font-weight: 400;\"><span style=\"font-weight: 400;\">Estimar el tama\u00f1o de nuestra audiencia y sus patrones de uso.<\/span><\/li>\n<li style=\"font-weight: 400;\"><span style=\"font-weight: 400;\">Almacenar informaci\u00f3n sobre sus preferencias para que podamos personalizar nuestro sitio web de acuerdo a sus intereses individuales.<\/span><\/li>\n<li style=\"font-weight: 400;\"><span style=\"font-weight: 400;\">Reconocerlo cuando regrese a nuestro sitio web.<\/span><\/li>\n<li style=\"font-weight: 400;\"><span style=\"font-weight: 400;\">Mejorar nuestros servicios de publicidad y marketing.<\/span><\/li>\n<\/ul>\n<p>&nbsp;<\/p>\n<p><span style=\"font-weight: 400;\">Para recopilar autom\u00e1ticamente esta informaci\u00f3n, podemos usar:<\/span><\/p>\n<ul style=\"list-style-type: circle;\">\n<li><span style=\"font-weight: 400;\">Cookies, un peque\u00f1o archivo guardado en su computadora que puede transmitir informaci\u00f3n sobre sus visitas al sitio y preferencias. La mayor\u00eda de los navegadores est\u00e1n configurados inicialmente para aceptar cookies. Puede configurar su navegador para que le notifique cuando reciba una cookie. Tambi\u00e9n puede elegir no aceptar cookies, pero si lo hace, es posible que no pueda acceder a ciertas partes de nuestro sitio web.<\/span><\/li>\n<li><span style=\"font-weight: 400;\">Web Beacons, una peque\u00f1a imagen GIF transparente que se incrusta en una p\u00e1gina web o correo electr\u00f3nico para rastrear cu\u00e1ndo se ha visto la p\u00e1gina o el correo electr\u00f3nico.<\/span><\/li>\n<\/ul>\n<p>&nbsp;<\/p>\n<h5><b>SEGUIMIENTO EN L\u00cdNEA Y RECOLECCI\u00d3N DE INFORMACI\u00d3N DE TERCEROS<\/b><\/h5>\n<p><span style=\"font-weight: 400;\">Algunos navegadores tienen caracter\u00edsticas de &#8220;No rastrear&#8221; que le permiten decirle a un sitio web que no recopile informaci\u00f3n sobre sus actividades en l\u00ednea a lo largo del tiempo y en sitios web de terceros u otros servicios en l\u00ednea. La forma en que los navegadores comunican la se\u00f1al de No rastrear a\u00fan no es uniforme. Como resultado, nuestro sitio web a\u00fan no est\u00e1 configurado para interpretar o responder a las se\u00f1ales de No rastrear comunicadas por su navegador.<\/span><\/p>\n<p><span style=\"font-weight: 400;\">Algunos contenidos o aplicaciones, incluyendo anuncios, en nuestro sitio web son proporcionados por terceros que pueden incluir anunciantes, redes y servidores de anuncios, proveedores de contenido y proveedores de aplicaciones. Estos terceros pueden usar cookies, ya sea solos o en conjunto con web beacons u otras tecnolog\u00edas de seguimiento, para recopilar informaci\u00f3n sobre usted cuando utiliza nuestro sitio web. La informaci\u00f3n que recopilan puede estar asociada con su informaci\u00f3n personal o pueden recopilar informaci\u00f3n, incluyendo informaci\u00f3n personal, sobre sus actividades en l\u00ednea a lo largo del tiempo y en diferentes sitios web y otros servicios en l\u00ednea. Pueden usar esta informaci\u00f3n para proporcionarle publicidad basada en intereses (conductual) u otro contenido dirigido.<\/span><\/p>\n<p><span style=\"font-weight: 400;\">No controlamos estas tecnolog\u00edas de seguimiento de terceros ni c\u00f3mo pueden ser utilizadas. Si tiene alguna pregunta sobre un anuncio u otro contenido dirigido, debe ponerse en contacto directamente con el proveedor responsable.<\/span><\/p>\n<p>&nbsp;<\/p>\n<h5><b>C\u00d3MO USAMOS SU INFORMACI\u00d3N<\/b><\/h5>\n<p><span style=\"font-weight: 400;\">MPOWER utiliza su informaci\u00f3n para:<\/span><\/p>\n<ul style=\"list-style-type: circle;\">\n<li style=\"font-weight: 400;\"><span style=\"font-weight: 400;\">asegurarnos de que usted es mayor de 18 a\u00f1os;<\/span><\/li>\n<li style=\"font-weight: 400;\"><span style=\"font-weight: 400;\">verificar su identidad, la precisi\u00f3n de su informaci\u00f3n y proteger contra posibles fraudes;<\/span><\/li>\n<li style=\"font-weight: 400;\"><span style=\"font-weight: 400;\">determinar si calificas para un pr\u00e9stamo MPOWER;<\/span><\/li>\n<li style=\"font-weight: 400;\"><span style=\"font-weight: 400;\">permitir que nuestros socios gestionen tu pr\u00e9stamo; y<\/span><\/li>\n<li style=\"font-weight: 400;\"><span style=\"font-weight: 400;\">comunicarnos contigo durante y despu\u00e9s del proceso de aprobaci\u00f3n del pr\u00e9stamo.<\/span><\/li>\n<\/ul>\n<p>&nbsp;<\/p>\n<p><span style=\"font-weight: 400;\">Tambi\u00e9n podemos usar tu informaci\u00f3n para:<\/span><\/p>\n<ul style=\"list-style-type: circle;\">\n<li><span style=\"font-weight: 400;\">mejorar nuestras ofertas de pr\u00e9stamos y otros servicios;<\/span><\/li>\n<li><span style=\"font-weight: 400;\">ofrecerte productos y servicios de nosotros o de terceros que creemos que te podr\u00edan interesar;<\/span><\/li>\n<li><span style=\"font-weight: 400;\">proporcionar soporte al cliente;<\/span><\/li>\n<li><span style=\"font-weight: 400;\">ofrecerte resultados de b\u00fasqueda y anuncios m\u00e1s personalizados;<\/span><\/li>\n<li><span style=\"font-weight: 400;\">informarte sobre cambios en nuestro sitio web u otros productos y servicios;<\/span><\/li>\n<li><span style=\"font-weight: 400;\">hacer cumplir los acuerdos que has hecho con nosotros;<\/span><\/li>\n<li><span style=\"font-weight: 400;\">proteger contra el fraude;<\/span><\/li>\n<li><span style=\"font-weight: 400;\">implementar actividades de servicio;<\/span><\/li>\n<li><span style=\"font-weight: 400;\">implementar actividades de cobro seg\u00fan sea necesario;<\/span><\/li>\n<li><span style=\"font-weight: 400;\">evaluar y\/o mejorar las campa\u00f1as de marketing y publicidad;<\/span><\/li>\n<li><span style=\"font-weight: 400;\">cumplir con cualquier orden judicial, ley o proceso legal; y\/o<\/span><\/li>\n<li><span style=\"font-weight: 400;\">mejorar nuestro sitio web y aplicaci\u00f3n m\u00f3vil.<\/span><\/li>\n<\/ul>\n<p>&nbsp;<\/p>\n<h5><b>COMPARTIENDO TU INFORMACI\u00d3N<\/b><\/h5>\n<p><span style=\"font-weight: 400;\">MPOWER puede compartir informaci\u00f3n de ti o sobre ti con:<\/span><\/p>\n<ul style=\"list-style-type: circle;\">\n<li style=\"font-weight: 400;\"><span style=\"font-weight: 400;\">Nuestras filiales y afiliados.<\/span><\/li>\n<li style=\"font-weight: 400;\"><span style=\"font-weight: 400;\">Socios y proveedores de servicios que nos ayudan a prevenir el fraude, cobrar facturas, gestionar pr\u00e9stamos, procesar pagos, comercializar nuestro negocio, almacenar datos y ofrecer o referir productos y servicios financieros conjuntamente contigo. Exigimos que estos terceros utilicen la informaci\u00f3n de ti o sobre ti solo para que puedan realizar los servicios que t\u00fa o nosotros les pedimos.<\/span><\/li>\n<li style=\"font-weight: 400;\"><span style=\"font-weight: 400;\">Servicios de terceros, como LinkedIn, si conectas tu solicitud de pr\u00e9stamo a sus cuentas. Podemos usar la informaci\u00f3n para informar tu solicitud.<\/span><\/li>\n<li style=\"font-weight: 400;\"><span style=\"font-weight: 400;\">Agencias de cr\u00e9dito para informar sobre la informaci\u00f3n de la cuenta, seg\u00fan lo permitido por la ley.<\/span><\/li>\n<li style=\"font-weight: 400;\"><span style=\"font-weight: 400;\">Compa\u00f1\u00edas con las que podamos fusionarnos, ser adquiridos por, o vender activos a, en cuyo caso continuaremos asegurando la confidencialidad de la informaci\u00f3n que te identifica personalmente, y te daremos aviso antes de que esa informaci\u00f3n sea transferida o est\u00e9 sujeta a una pol\u00edtica de privacidad diferente.<\/span><\/li>\n<li style=\"font-weight: 400;\"><span style=\"font-weight: 400;\">Funcionarios de cumplimiento de la ley y del gobierno cuando: estamos obligados a hacerlo por una orden judicial, citaci\u00f3n, \u00f3rdenes de registro, o procedimiento legal similar; necesitamos hacerlo para cumplir con la ley; o si creemos de buena fe que compartir tu informaci\u00f3n personal es necesario para combatir el fraude, prevenir da\u00f1o f\u00edsico o p\u00e9rdida financiera, o para reportar una actividad ilegal sospechada.<\/span><\/li>\n<\/ul>\n<h3><\/h3>\n<h5><b>ACCEDIENDO Y CORRIGIENDO TU INFORMACI\u00d3N<\/b><\/h5>\n<p><span style=\"font-weight: 400;\">Puedes revisar y cambiar tu informaci\u00f3n personal iniciando sesi\u00f3n en nuestro sitio web y visitando la p\u00e1gina de perfil de tu cuenta.<\/span><\/p>\n<p><span style=\"font-weight: 400;\">Tambi\u00e9n puedes contactarnos en <\/span><a href=\"https:\/\/www.mpowerfinancing.com\/es\/contact-us\/\"><span style=\"font-weight: 400;\">https:\/\/www.mpowerfinancing.com\/contact-us\/<\/span><\/a><span style=\"font-weight: 400;\"> para solicitar acceso a, corregir o eliminar cualquier informaci\u00f3n personal que nos hayas proporcionado. No podemos eliminar tu informaci\u00f3n personal excepto tambi\u00e9n eliminando tu cuenta de usuario. Es posible que no acomodemos una solicitud para cambiar informaci\u00f3n si creemos que el cambio violar\u00eda cualquier ley o requisito legal o causar\u00eda que la informaci\u00f3n sea incorrecta.<\/span><\/p>\n<p>&nbsp;<\/p>\n<h5><b>C\u00d3MO PROTEGEMOS TU INFORMACI\u00d3N<\/b><\/h5>\n<p><span style=\"font-weight: 400;\">MPOWER se esfuerza por asegurar que tu informaci\u00f3n est\u00e9 segura y para protegerte contra el fraude. Cuando completas el formulario de consulta del prestatario o el formulario de registro en nuestro sitio web, la informaci\u00f3n que proporcionas se env\u00eda directamente a nuestro proveedor de Gesti\u00f3n de Relaciones con el Cliente (CRM) basado en la nube utilizando un cifrado SSL\/TLS de grado bancario que cumple con los Est\u00e1ndares de Seguridad PCI. Cuando proporcionas informaci\u00f3n que utilizamos para determinar si calificas para un pr\u00e9stamo, la informaci\u00f3n que proporcionas se entrega utilizando un intercambio de documentos de protocolo de correo electr\u00f3nico seguro que utiliza un cifrado SSL de grado bancario que es compatible con PCI. Solo los empleados autorizados pueden acceder a tu informaci\u00f3n, y solo despu\u00e9s de verificar su identidad. MPOWER no almacena tu informaci\u00f3n personal en nuestros sistemas de la empresa. En cambio, tu informaci\u00f3n personal se almacena en centros de datos que est\u00e1n protegidos por salvaguardas f\u00edsicas, electr\u00f3nicas y de procedimiento.<\/span><\/p>\n<h5><\/h5>\n<p>&nbsp;<\/p>\n<h5><b>NI\u00d1OS MENORES DE 13 A\u00d1OS<\/b><\/h5>\n<p><span style=\"font-weight: 400;\">MPOWER no tiene la intenci\u00f3n de recopilar o solicitar informaci\u00f3n de ni\u00f1os menores de 13 a\u00f1os y los servicios de MPOWER no est\u00e1n dirigidos a ni\u00f1os menores de 13 a\u00f1os. Si descubrimos que hemos recopilado informaci\u00f3n de un ni\u00f1o menor de 13 a\u00f1os, eliminaremos esa informaci\u00f3n lo m\u00e1s pronto posible. Si cree que podr\u00edamos tener informaci\u00f3n sobre un ni\u00f1o menor de 13 a\u00f1os, cont\u00e1ctenos en <\/span><a href=\"https:\/\/www.mpowerfinancing.com\/es\/contact-us\/\"><span style=\"font-weight: 400;\">https:\/\/www.mpowerfinancing.com\/contact-us\/<\/span><\/a><span style=\"font-weight: 400;\">.<\/span><\/p>\n<h5><\/h5>\n<p>&nbsp;<\/p>\n<h5><b>CAMBIOS EN NUESTRA POL\u00cdTICA DE PRIVACIDAD<\/b><\/h5>\n<p><span style=\"font-weight: 400;\">MPOWER puede cambiar esta pol\u00edtica de privacidad para reflejar cambios en nuestro negocio y pr\u00e1cticas a su discreci\u00f3n y sin previo aviso. Por favor, revise esta p\u00e1gina peri\u00f3dicamente. La nueva versi\u00f3n ser\u00e1 efectiva a partir de la fecha de \u201c\u00daltima modificaci\u00f3n\u201d indicada arriba. Le notificaremos sobre cambios significativos (por ejemplo, por correo electr\u00f3nico o publicando un aviso en la p\u00e1gina principal del sitio web), y actualizando la fecha de \u201c\u00daltima modificaci\u00f3n\u201d en la parte superior de esta p\u00e1gina.<\/span><\/p>\n<h5><\/h5>\n<p>&nbsp;<\/p>\n<h5><b>INFORMACI\u00d3N DE CONTACTO<\/b><\/h5>\n<p><span style=\"font-weight: 400;\">Si tiene alguna pregunta sobre esta pol\u00edtica de privacidad o las pr\u00e1cticas de privacidad de MPOWER, cont\u00e1ctenos en <\/span><a href=\"https:\/\/www.mpowerfinancing.com\/es\/contact-us\/\"><span style=\"font-weight: 400;\">https:\/\/www.mpowerfinancing.com\/contact-us\/<\/span><\/a><span style=\"font-weight: 400;\">.<\/span><\/p>\n<style>\n@media (max-width: 1024px) {\n  .content-wrapper.mt-5.pt-5 {\n    padding-top: 0 !important;\n  }\n  .text-center.mt-5.pt-5:has(> h1) {\n    margin-top: 0 !important;\n    padding-top: 0 !important;\n  }\n}\n<\/style>\n","protected":false},"excerpt":{"rendered":"<p>INTRODUCCI\u00d3N Nosotros en MPOWER (colectivamente, \u201cnosotros\u201d o \u201cnos\u201d) estamos orgullosos de ofrecerte servicios y productos financieros que ayudan a eliminar las barreras financieras para la educaci\u00f3n superior. Valoramos la apertura y la honestidad, por&#8230;<\/p>\n","protected":false},"author":2,"featured_media":5424,"parent":0,"menu_order":0,"comment_status":"closed","ping_status":"closed","template":"template-terms.php","meta":{"_acf_changed":false,"footnotes":""},"class_list":["post-10656","page","type-page","status-publish","has-post-thumbnail","hentry"],"acf":[],"yoast_head":"<!-- This site is optimized with the Yoast SEO Premium plugin v27.2 (Yoast SEO v27.2) - https:\/\/yoast.com\/product\/yoast-seo-premium-wordpress\/ -->\n<title>Pol\u00edtica de Privacidad de Estados Unidos | Sitio web en espa\u00f1ol de MPOWER Financing<\/title>\n<meta name=\"description\" content=\"Si tiene alguna pregunta sobre esta pol\u00edtica de privacidad o las pr\u00e1cticas de privacidad de MPOWER, por favor cont\u00e1ctenos en https:\/\/www.mpowerfinancing.com\/contact-us\/.\" \/>\n<meta name=\"robots\" content=\"index, follow, max-snippet:-1, max-image-preview:large, max-video-preview:-1\" \/>\n<link rel=\"canonical\" href=\"https:\/\/www.mpowerfinancing.com\/es\/privacy-policy\/\" \/>\n<meta property=\"og:locale\" content=\"es_LA\" \/>\n<meta property=\"og:type\" content=\"article\" \/>\n<meta property=\"og:title\" content=\"Pol\u00edtica de Privacidad de Estados Unidos\" \/>\n<meta property=\"og:description\" content=\"INTRODUCCI\u00d3N Nosotros en MPOWER (colectivamente, \u201cnosotros\u201d o \u201cnos\u201d) estamos orgullosos de ofrecerte servicios y productos financieros que ayudan a\" \/>\n<meta property=\"og:url\" content=\"https:\/\/www.mpowerfinancing.com\/es\/privacy-policy\/\" \/>\n<meta property=\"og:site_name\" content=\"Sitio web en espa\u00f1ol de MPOWER Financing\" \/>\n<meta property=\"article:modified_time\" content=\"2026-02-27T13:09:36+00:00\" \/>\n<meta name=\"twitter:card\" content=\"summary_large_image\" \/>\n<meta name=\"twitter:label1\" content=\"Est. reading time\" \/>\n\t<meta name=\"twitter:data1\" content=\"8 minutes\" \/>\n<!-- \/ Yoast SEO Premium plugin. -->","yoast_head_json":{"title":"Pol\u00edtica de Privacidad de Estados Unidos | Sitio web en espa\u00f1ol de MPOWER Financing","description":"Si tiene alguna pregunta sobre esta pol\u00edtica de privacidad o las pr\u00e1cticas de privacidad de MPOWER, por favor cont\u00e1ctenos en https:\/\/www.mpowerfinancing.com\/contact-us\/.","robots":{"index":"index","follow":"follow","max-snippet":"max-snippet:-1","max-image-preview":"max-image-preview:large","max-video-preview":"max-video-preview:-1"},"canonical":"https:\/\/www.mpowerfinancing.com\/es\/privacy-policy\/","og_locale":"es_LA","og_type":"article","og_title":"Pol\u00edtica de Privacidad de Estados Unidos","og_description":"INTRODUCCI\u00d3N Nosotros en MPOWER (colectivamente, \u201cnosotros\u201d o \u201cnos\u201d) estamos orgullosos de ofrecerte servicios y productos financieros que ayudan a","og_url":"https:\/\/www.mpowerfinancing.com\/es\/privacy-policy\/","og_site_name":"Sitio web en espa\u00f1ol de MPOWER Financing","article_modified_time":"2026-02-27T13:09:36+00:00","twitter_card":"summary_large_image","twitter_misc":{"Est. reading time":"8 minutes"},"schema":{"@context":"https:\/\/schema.org","@graph":[{"@type":"WebPage","@id":"https:\/\/www.mpowerfinancing.com\/es\/privacy-policy\/","url":"https:\/\/www.mpowerfinancing.com\/es\/privacy-policy\/","name":"Pol\u00edtica de Privacidad de Estados Unidos | Sitio web en espa\u00f1ol de MPOWER Financing","isPartOf":{"@id":"https:\/\/www.mpowerfinancing.com\/es\/#website"},"primaryImageOfPage":{"@id":"https:\/\/www.mpowerfinancing.com\/es\/privacy-policy\/#primaryimage"},"image":{"@id":"https:\/\/www.mpowerfinancing.com\/es\/privacy-policy\/#primaryimage"},"thumbnailUrl":"","datePublished":"2020-02-19T20:30:55+00:00","dateModified":"2026-02-27T13:09:36+00:00","description":"Si tiene alguna pregunta sobre esta pol\u00edtica de privacidad o las pr\u00e1cticas de privacidad de MPOWER, por favor cont\u00e1ctenos en https:\/\/www.mpowerfinancing.com\/contact-us\/.","breadcrumb":{"@id":"https:\/\/www.mpowerfinancing.com\/es\/privacy-policy\/#breadcrumb"},"inLanguage":"es","potentialAction":[{"@type":"ReadAction","target":["https:\/\/www.mpowerfinancing.com\/es\/privacy-policy\/"]}]},{"@type":"ImageObject","inLanguage":"es","@id":"https:\/\/www.mpowerfinancing.com\/es\/privacy-policy\/#primaryimage","url":"","contentUrl":""},{"@type":"BreadcrumbList","@id":"https:\/\/www.mpowerfinancing.com\/es\/privacy-policy\/#breadcrumb","itemListElement":[{"@type":"ListItem","position":1,"name":"Home","item":"https:\/\/www.mpowerfinancing.com\/es\/"},{"@type":"ListItem","position":2,"name":"Pol\u00edtica de Privacidad de Estados Unidos"}]},{"@type":"WebSite","@id":"https:\/\/www.mpowerfinancing.com\/es\/#website","url":"https:\/\/www.mpowerfinancing.com\/es\/","name":"Sitio web en espa\u00f1ol de MPOWER Financing","description":"","potentialAction":[{"@type":"SearchAction","target":{"@type":"EntryPoint","urlTemplate":"https:\/\/www.mpowerfinancing.com\/es\/?s={search_term_string}"},"query-input":{"@type":"PropertyValueSpecification","valueRequired":true,"valueName":"search_term_string"}}],"inLanguage":"es"}]}},"_links":{"self":[{"href":"https:\/\/www.mpowerfinancing.com\/es\/wp-json\/wp\/v2\/pages\/10656","targetHints":{"allow":["GET"]}}],"collection":[{"href":"https:\/\/www.mpowerfinancing.com\/es\/wp-json\/wp\/v2\/pages"}],"about":[{"href":"https:\/\/www.mpowerfinancing.com\/es\/wp-json\/wp\/v2\/types\/page"}],"author":[{"embeddable":true,"href":"https:\/\/www.mpowerfinancing.com\/es\/wp-json\/wp\/v2\/users\/2"}],"replies":[{"embeddable":true,"href":"https:\/\/www.mpowerfinancing.com\/es\/wp-json\/wp\/v2\/comments?post=10656"}],"version-history":[{"count":5,"href":"https:\/\/www.mpowerfinancing.com\/es\/wp-json\/wp\/v2\/pages\/10656\/revisions"}],"predecessor-version":[{"id":27887,"href":"https:\/\/www.mpowerfinancing.com\/es\/wp-json\/wp\/v2\/pages\/10656\/revisions\/27887"}],"wp:featuredmedia":[{"embeddable":true,"href":"https:\/\/www.mpowerfinancing.com\/es\/wp-json\/"}],"wp:attachment":[{"href":"https:\/\/www.mpowerfinancing.com\/es\/wp-json\/wp\/v2\/media?parent=10656"}],"curies":[{"name":"wp","href":"https:\/\/api.w.org\/{rel}","templated":true}]}}