{"id":10625,"date":"2024-02-26T05:37:23","date_gmt":"2024-02-26T10:37:23","guid":{"rendered":"https:\/\/website-new.qa.mpowerfinancing.com\/es\/immigration-tips\/"},"modified":"2025-07-22T20:45:04","modified_gmt":"2025-07-22T20:45:04","slug":"immigration-tips","status":"publish","type":"page","link":"https:\/\/www.mpowerfinancing.com\/es\/immigration-tips\/","title":{"rendered":"Consejos de Inmigraci\u00f3n"},"content":{"rendered":"","protected":false},"excerpt":{"rendered":"","protected":false},"author":55,"featured_media":0,"parent":0,"menu_order":0,"comment_status":"closed","ping_status":"closed","template":"","meta":{"_acf_changed":false,"footnotes":""},"class_list":["post-10625","page","type-page","status-publish","hentry"],"acf":{"mp_canonical_tag":"","mp_hreflang_tags":"","noindex_page":false},"yoast_head":"\nSoporte para Visa Estudiantil e Inmigraci\u00f3n | Sitio web en espa\u00f1ol de MPOWER Financing<\/title>\n<meta name=\"description\" content=\"Acceda a la asistencia de inmigraci\u00f3n, informaci\u00f3n de visa y recursos de pr\u00e9stamos educativos que los estudiantes internacionales actuales y futuros necesitan.\" \/>\n<meta name=\"robots\" content=\"index, follow, max-snippet:-1, max-image-preview:large, max-video-preview:-1\" \/>\n<link rel=\"canonical\" href=\"https:\/\/www.mpowerfinancing.com\/immigration-tips\" \/>\n<meta property=\"og:locale\" content=\"es_LA\" \/>\n<meta property=\"og:type\" content=\"article\" \/>\n<meta property=\"og:title\" content=\"Consejos de Inmigraci\u00f3n\" \/>\n<meta property=\"og:url\" content=\"https:\/\/www.mpowerfinancing.com\/immigration-tips\" \/>\n<meta property=\"og:site_name\" content=\"Sitio web en espa\u00f1ol de MPOWER Financing\" \/>\n<meta property=\"article:modified_time\" content=\"2025-07-22T20:45:04+00:00\" \/>\n<meta name=\"twitter:card\" content=\"summary_large_image\" \/>\n<!-- \/ Yoast SEO Premium plugin. -->","yoast_head_json":{"title":"Soporte para Visa Estudiantil e Inmigraci\u00f3n | Sitio web en espa\u00f1ol de MPOWER Financing","description":"Acceda a la asistencia de inmigraci\u00f3n, informaci\u00f3n de visa y recursos de pr\u00e9stamos educativos que los estudiantes internacionales actuales y futuros necesitan.","robots":{"index":"index","follow":"follow","max-snippet":"max-snippet:-1","max-image-preview":"max-image-preview:large","max-video-preview":"max-video-preview:-1"},"canonical":"https:\/\/www.mpowerfinancing.com\/immigration-tips","og_locale":"es_LA","og_type":"article","og_title":"Consejos de Inmigraci\u00f3n","og_url":"https:\/\/www.mpowerfinancing.com\/immigration-tips","og_site_name":"Sitio web en espa\u00f1ol de MPOWER Financing","article_modified_time":"2025-07-22T20:45:04+00:00","twitter_card":"summary_large_image","schema":{"@context":"https:\/\/schema.org","@graph":[{"@type":"WebPage","@id":"https:\/\/www.mpowerfinancing.com\/es\/immigration-tips\/","url":"https:\/\/www.mpowerfinancing.com\/immigration-tips","name":"Soporte para Visa Estudiantil e Inmigraci\u00f3n | Sitio web en espa\u00f1ol de MPOWER Financing","isPartOf":{"@id":"https:\/\/www.mpowerfinancing.com\/es\/#website"},"datePublished":"2024-02-26T10:37:23+00:00","dateModified":"2025-07-22T20:45:04+00:00","description":"Acceda a la asistencia de inmigraci\u00f3n, informaci\u00f3n de visa y recursos de pr\u00e9stamos educativos que los estudiantes internacionales actuales y futuros necesitan.","breadcrumb":{"@id":"https:\/\/www.mpowerfinancing.com\/immigration-tips#breadcrumb"},"inLanguage":"es","potentialAction":[{"@type":"ReadAction","target":["https:\/\/www.mpowerfinancing.com\/immigration-tips"]}]},{"@type":"BreadcrumbList","@id":"https:\/\/www.mpowerfinancing.com\/immigration-tips#breadcrumb","itemListElement":[{"@type":"ListItem","position":1,"name":"Home","item":"https:\/\/www.mpowerfinancing.com\/es\/"},{"@type":"ListItem","position":2,"name":"Consejos de Inmigraci\u00f3n"}]},{"@type":"WebSite","@id":"https:\/\/www.mpowerfinancing.com\/es\/#website","url":"https:\/\/www.mpowerfinancing.com\/es\/","name":"Sitio web en espa\u00f1ol de MPOWER Financing","description":"","potentialAction":[{"@type":"SearchAction","target":{"@type":"EntryPoint","urlTemplate":"https:\/\/www.mpowerfinancing.com\/es\/?s={search_term_string}"},"query-input":{"@type":"PropertyValueSpecification","valueRequired":true,"valueName":"search_term_string"}}],"inLanguage":"es"}]}},"_links":{"self":[{"href":"https:\/\/www.mpowerfinancing.com\/es\/wp-json\/wp\/v2\/pages\/10625","targetHints":{"allow":["GET"]}}],"collection":[{"href":"https:\/\/www.mpowerfinancing.com\/es\/wp-json\/wp\/v2\/pages"}],"about":[{"href":"https:\/\/www.mpowerfinancing.com\/es\/wp-json\/wp\/v2\/types\/page"}],"author":[{"embeddable":true,"href":"https:\/\/www.mpowerfinancing.com\/es\/wp-json\/wp\/v2\/users\/55"}],"replies":[{"embeddable":true,"href":"https:\/\/www.mpowerfinancing.com\/es\/wp-json\/wp\/v2\/comments?post=10625"}],"version-history":[{"count":1,"href":"https:\/\/www.mpowerfinancing.com\/es\/wp-json\/wp\/v2\/pages\/10625\/revisions"}],"predecessor-version":[{"id":10626,"href":"https:\/\/www.mpowerfinancing.com\/es\/wp-json\/wp\/v2\/pages\/10625\/revisions\/10626"}],"wp:attachment":[{"href":"https:\/\/www.mpowerfinancing.com\/es\/wp-json\/wp\/v2\/media?parent=10625"}],"curies":[{"name":"wp","href":"https:\/\/api.w.org\/{rel}","templated":true}]}}